{"id":238,"date":"2024-01-23T16:36:46","date_gmt":"2024-01-23T16:36:46","guid":{"rendered":"https:\/\/shieldingtape.com\/?post_type=product&#038;p=238"},"modified":"2024-03-05T09:26:07","modified_gmt":"2024-03-05T09:26:07","slug":"filme-de-pps-metalizado-com-cobre","status":"publish","type":"product","link":"https:\/\/shieldingtape.com\/pt\/produto\/filme-de-pps-metalizado-com-cobre\/","title":{"rendered":"Filme de PPS metalizado com cobre"},"content":{"rendered":"","protected":false},"excerpt":{"rendered":"<ul class=\"item1\">\n<li><strong>Espessura total<\/strong>(10\u03bcm a mais de 100\u03bcm) com uma toler\u00e2ncia de \u00b13\u03bcm<\/li>\n<li><strong>Espessura da camada de PPS<\/strong>Camada de cobre (\u22650,1\u03bcm) + camada de cobre (\u22650,1\u03bcm)<\/li>\n<li><strong>Resist\u00eancia \u00e0 tra\u00e7\u00e3o<\/strong>: \u226530Mpa<\/li>\n<li><strong>Largura<\/strong>: 0,5 mm a 990 mm<\/li>\n<li><strong>Taxa de alongamento<\/strong>: \u226530% m\u00ednimo<\/li>\n<li><strong>Embalagem<\/strong>: rolos (D30), folhas, rolos remov\u00edveis de 76 mm, embalagem em cone invertido<\/li>\n<\/ul>","protected":false},"featured_media":243,"comment_status":"open","ping_status":"closed","template":"","meta":[],"product_brand":[],"product_cat":[23],"product_tag":[33],"class_list":{"0":"post-238","1":"product","2":"type-product","3":"status-publish","4":"has-post-thumbnail","6":"product_cat-vacuum-metallized-films","7":"product_tag-copper-metallized-pps-film","9":"first","10":"instock","11":"shipping-taxable","12":"product-type-simple"},"_links":{"self":[{"href":"https:\/\/shieldingtape.com\/pt\/wp-json\/wp\/v2\/product\/238","targetHints":{"allow":["GET"]}}],"collection":[{"href":"https:\/\/shieldingtape.com\/pt\/wp-json\/wp\/v2\/product"}],"about":[{"href":"https:\/\/shieldingtape.com\/pt\/wp-json\/wp\/v2\/types\/product"}],"replies":[{"embeddable":true,"href":"https:\/\/shieldingtape.com\/pt\/wp-json\/wp\/v2\/comments?post=238"}],"version-history":[{"count":1,"href":"https:\/\/shieldingtape.com\/pt\/wp-json\/wp\/v2\/product\/238\/revisions"}],"predecessor-version":[{"id":778,"href":"https:\/\/shieldingtape.com\/pt\/wp-json\/wp\/v2\/product\/238\/revisions\/778"}],"wp:featuredmedia":[{"embeddable":true,"href":"https:\/\/shieldingtape.com\/pt\/wp-json\/wp\/v2\/media\/243"}],"wp:attachment":[{"href":"https:\/\/shieldingtape.com\/pt\/wp-json\/wp\/v2\/media?parent=238"}],"wp:term":[{"taxonomy":"product_brand","embeddable":true,"href":"https:\/\/shieldingtape.com\/pt\/wp-json\/wp\/v2\/product_brand?post=238"},{"taxonomy":"product_cat","embeddable":true,"href":"https:\/\/shieldingtape.com\/pt\/wp-json\/wp\/v2\/product_cat?post=238"},{"taxonomy":"product_tag","embeddable":true,"href":"https:\/\/shieldingtape.com\/pt\/wp-json\/wp\/v2\/product_tag?post=238"}],"curies":[{"name":"wp","href":"https:\/\/api.w.org\/{rel}","templated":true}]}}