{"id":223,"date":"2024-01-23T15:53:37","date_gmt":"2024-01-23T15:53:37","guid":{"rendered":"https:\/\/shieldingtape.com\/?post_type=product&#038;p=223"},"modified":"2024-03-05T11:00:10","modified_gmt":"2024-03-05T11:00:10","slug":"filme-pet-metalizado-de-aluminio","status":"publish","type":"product","link":"https:\/\/shieldingtape.com\/pt\/produto\/filme-pet-metalizado-de-aluminio\/","title":{"rendered":"Filme PET metalizado com alum\u00ednio"},"content":{"rendered":"","protected":false},"excerpt":{"rendered":"<ul class=\"item1\">\n<li><strong>Espessura total<\/strong>(10\u03bcm a mais de 100\u03bcm) \u00b13\u03bcm<\/li>\n<li><strong>Espessura da camada de PET<\/strong>Camada de alum\u00ednio (\u22650,1\u03bcm) + camada de alum\u00ednio (\u22650,1\u03bcm)<\/li>\n<li><strong>Resist\u00eancia \u00e0 tra\u00e7\u00e3o<\/strong>: \u226530Mpa<\/li>\n<li><strong>Largura<\/strong>: 0,5 mm a 990 mm<\/li>\n<li><strong>Taxa de alongamento<\/strong>: \u226530% m\u00ednimo<\/li>\n<li><strong>Embalagem<\/strong>: rolos (D30), folhas, rolos remov\u00edveis de 76 mm, embalagem em cone invertido<\/li>\n<\/ul>","protected":false},"featured_media":225,"comment_status":"open","ping_status":"closed","template":"","meta":[],"product_brand":[],"product_cat":[23],"product_tag":[39],"class_list":{"0":"post-223","1":"product","2":"type-product","3":"status-publish","4":"has-post-thumbnail","6":"product_cat-vacuum-metallized-films","7":"product_tag-aluminum-metallized-pet-film","9":"first","10":"instock","11":"shipping-taxable","12":"product-type-simple"},"_links":{"self":[{"href":"https:\/\/shieldingtape.com\/pt\/wp-json\/wp\/v2\/product\/223","targetHints":{"allow":["GET"]}}],"collection":[{"href":"https:\/\/shieldingtape.com\/pt\/wp-json\/wp\/v2\/product"}],"about":[{"href":"https:\/\/shieldingtape.com\/pt\/wp-json\/wp\/v2\/types\/product"}],"replies":[{"embeddable":true,"href":"https:\/\/shieldingtape.com\/pt\/wp-json\/wp\/v2\/comments?post=223"}],"version-history":[{"count":1,"href":"https:\/\/shieldingtape.com\/pt\/wp-json\/wp\/v2\/product\/223\/revisions"}],"predecessor-version":[{"id":802,"href":"https:\/\/shieldingtape.com\/pt\/wp-json\/wp\/v2\/product\/223\/revisions\/802"}],"wp:featuredmedia":[{"embeddable":true,"href":"https:\/\/shieldingtape.com\/pt\/wp-json\/wp\/v2\/media\/225"}],"wp:attachment":[{"href":"https:\/\/shieldingtape.com\/pt\/wp-json\/wp\/v2\/media?parent=223"}],"wp:term":[{"taxonomy":"product_brand","embeddable":true,"href":"https:\/\/shieldingtape.com\/pt\/wp-json\/wp\/v2\/product_brand?post=223"},{"taxonomy":"product_cat","embeddable":true,"href":"https:\/\/shieldingtape.com\/pt\/wp-json\/wp\/v2\/product_cat?post=223"},{"taxonomy":"product_tag","embeddable":true,"href":"https:\/\/shieldingtape.com\/pt\/wp-json\/wp\/v2\/product_tag?post=223"}],"curies":[{"name":"wp","href":"https:\/\/api.w.org\/{rel}","templated":true}]}}