{"id":215,"date":"2024-01-23T14:45:18","date_gmt":"2024-01-23T14:45:18","guid":{"rendered":"https:\/\/shieldingtape.com\/?post_type=product&#038;p=215"},"modified":"2024-03-05T15:37:36","modified_gmt":"2024-03-05T15:37:36","slug":"aluminio-ptfe","status":"publish","type":"product","link":"https:\/\/shieldingtape.com\/pt\/produto\/aluminio-ptfe\/","title":{"rendered":"Alum\u00ednio\/PTFE"},"content":{"rendered":"","protected":false},"excerpt":{"rendered":"<ul class=\"item1\">\n<li><strong>Espessura total<\/strong>(55\u03bcm a mais de 200\u03bcm) \u00b15\u03bcm<\/li>\n<li><strong>Espessura da camada de PTFE<\/strong>Camada de alum\u00ednio (\u226550\u03bcm) + camada de alum\u00ednio (\u22650,5\u03bcm)<\/li>\n<li><strong>Resist\u00eancia \u00e0 tra\u00e7\u00e3o<\/strong>: \u226530Mpa<\/li>\n<li><strong>Largura<\/strong>: 0,5 mm a 140 mm<\/li>\n<li><strong>Alongamento<\/strong>: \u226530% Min<\/li>\n<li><strong>Embalagem<\/strong>: rolos (D30), folhas, rolos remov\u00edveis de 76 mm, embalagem em cone invertido<\/li>\n<\/ul>","protected":false},"featured_media":218,"comment_status":"open","ping_status":"closed","template":"","meta":[],"product_brand":[],"product_cat":[22],"product_tag":[40],"class_list":{"0":"post-215","1":"product","2":"type-product","3":"status-publish","4":"has-post-thumbnail","6":"product_cat-shielding-laminates","7":"product_tag-aluminum-ptfe","9":"first","10":"instock","11":"shipping-taxable","12":"product-type-simple"},"_links":{"self":[{"href":"https:\/\/shieldingtape.com\/pt\/wp-json\/wp\/v2\/product\/215","targetHints":{"allow":["GET"]}}],"collection":[{"href":"https:\/\/shieldingtape.com\/pt\/wp-json\/wp\/v2\/product"}],"about":[{"href":"https:\/\/shieldingtape.com\/pt\/wp-json\/wp\/v2\/types\/product"}],"replies":[{"embeddable":true,"href":"https:\/\/shieldingtape.com\/pt\/wp-json\/wp\/v2\/comments?post=215"}],"version-history":[{"count":1,"href":"https:\/\/shieldingtape.com\/pt\/wp-json\/wp\/v2\/product\/215\/revisions"}],"predecessor-version":[{"id":805,"href":"https:\/\/shieldingtape.com\/pt\/wp-json\/wp\/v2\/product\/215\/revisions\/805"}],"wp:featuredmedia":[{"embeddable":true,"href":"https:\/\/shieldingtape.com\/pt\/wp-json\/wp\/v2\/media\/218"}],"wp:attachment":[{"href":"https:\/\/shieldingtape.com\/pt\/wp-json\/wp\/v2\/media?parent=215"}],"wp:term":[{"taxonomy":"product_brand","embeddable":true,"href":"https:\/\/shieldingtape.com\/pt\/wp-json\/wp\/v2\/product_brand?post=215"},{"taxonomy":"product_cat","embeddable":true,"href":"https:\/\/shieldingtape.com\/pt\/wp-json\/wp\/v2\/product_cat?post=215"},{"taxonomy":"product_tag","embeddable":true,"href":"https:\/\/shieldingtape.com\/pt\/wp-json\/wp\/v2\/product_tag?post=215"}],"curies":[{"name":"wp","href":"https:\/\/api.w.org\/{rel}","templated":true}]}}