{"id":210,"date":"2024-01-23T14:39:44","date_gmt":"2024-01-23T14:39:44","guid":{"rendered":"https:\/\/shieldingtape.com\/?post_type=product&#038;p=210"},"modified":"2024-03-05T16:16:07","modified_gmt":"2024-03-05T16:16:07","slug":"pi-de-cobre","status":"publish","type":"product","link":"https:\/\/shieldingtape.com\/pt\/produto\/pi-de-cobre\/","title":{"rendered":"Cobre\/PI"},"content":{"rendered":"","protected":false},"excerpt":{"rendered":"<ul class=\"item1\">\n<li><strong>Espessura total<\/strong>(10\u03bcm a mais de 100\u03bcm) \u00b13\u03bcm<\/li>\n<li><strong>Espessura da camada PI<\/strong>Camada de cobre (\u22650,1\u03bcm) + camada de cobre (\u22650,1\u03bcm)<\/li>\n<li><strong>Resist\u00eancia \u00e0 tra\u00e7\u00e3o<\/strong>: \u226530Mpa<\/li>\n<li><strong>Largura<\/strong>: 0,5 mm a 990 mm<\/li>\n<li><strong>Alongamento<\/strong>: \u226530% Min<\/li>\n<li><strong>Embalagem<\/strong>: rolos (D30), folhas, rolos remov\u00edveis de 76 mm, embalagem em cone invertido<\/li>\n<\/ul>\n<p><img decoding=\"async\" class=\"alignnone wp-image-211\" src=\"https:\/\/shieldingtape.com\/wp-content\/uploads\/2024\/01\/1706020705753-300x99.png\" alt=\"\" width=\"279\" height=\"92\" srcset=\"https:\/\/shieldingtape.com\/wp-content\/uploads\/2024\/01\/1706020705753-300x99.png 300w, https:\/\/shieldingtape.com\/wp-content\/uploads\/2024\/01\/1706020705753-600x197.png 600w, https:\/\/shieldingtape.com\/wp-content\/uploads\/2024\/01\/1706020705753.png 700w\" sizes=\"(max-width: 279px) 100vw, 279px\" \/><\/p>","protected":false},"featured_media":220,"comment_status":"open","ping_status":"closed","template":"","meta":[],"product_brand":[],"product_cat":[22],"product_tag":[42],"class_list":{"0":"post-210","1":"product","2":"type-product","3":"status-publish","4":"has-post-thumbnail","6":"product_cat-shielding-laminates","7":"product_tag-copper-pi","9":"first","10":"instock","11":"shipping-taxable","12":"product-type-simple"},"_links":{"self":[{"href":"https:\/\/shieldingtape.com\/pt\/wp-json\/wp\/v2\/product\/210","targetHints":{"allow":["GET"]}}],"collection":[{"href":"https:\/\/shieldingtape.com\/pt\/wp-json\/wp\/v2\/product"}],"about":[{"href":"https:\/\/shieldingtape.com\/pt\/wp-json\/wp\/v2\/types\/product"}],"replies":[{"embeddable":true,"href":"https:\/\/shieldingtape.com\/pt\/wp-json\/wp\/v2\/comments?post=210"}],"version-history":[{"count":2,"href":"https:\/\/shieldingtape.com\/pt\/wp-json\/wp\/v2\/product\/210\/revisions"}],"predecessor-version":[{"id":814,"href":"https:\/\/shieldingtape.com\/pt\/wp-json\/wp\/v2\/product\/210\/revisions\/814"}],"wp:featuredmedia":[{"embeddable":true,"href":"https:\/\/shieldingtape.com\/pt\/wp-json\/wp\/v2\/media\/220"}],"wp:attachment":[{"href":"https:\/\/shieldingtape.com\/pt\/wp-json\/wp\/v2\/media?parent=210"}],"wp:term":[{"taxonomy":"product_brand","embeddable":true,"href":"https:\/\/shieldingtape.com\/pt\/wp-json\/wp\/v2\/product_brand?post=210"},{"taxonomy":"product_cat","embeddable":true,"href":"https:\/\/shieldingtape.com\/pt\/wp-json\/wp\/v2\/product_cat?post=210"},{"taxonomy":"product_tag","embeddable":true,"href":"https:\/\/shieldingtape.com\/pt\/wp-json\/wp\/v2\/product_tag?post=210"}],"curies":[{"name":"wp","href":"https:\/\/api.w.org\/{rel}","templated":true}]}}