{"id":200,"date":"2024-01-23T14:33:10","date_gmt":"2024-01-23T14:33:10","guid":{"rendered":"https:\/\/shieldingtape.com\/?post_type=product&#038;p=200"},"modified":"2024-03-06T14:52:37","modified_gmt":"2024-03-06T14:52:37","slug":"cobre-ptfe","status":"publish","type":"product","link":"https:\/\/shieldingtape.com\/pt\/produto\/cobre-ptfe\/","title":{"rendered":"Cobre\/PTFE"},"content":{"rendered":"","protected":false},"excerpt":{"rendered":"<ul class=\"item1\">\n<li><strong>Espessura total<\/strong>(55\u03bcm a mais de 200\u03bcm) \u00b15\u03bcm<\/li>\n<li><strong>Espessura da camada de PTFE<\/strong>Camada de cobre (\u226550\u03bcm) + camada de cobre (\u22650,5\u03bcm)<\/li>\n<li><strong>Resist\u00eancia \u00e0 tra\u00e7\u00e3o<\/strong>Largura: 0,5 mm a 140 mm<\/li>\n<li><strong>Alongamento<\/strong>: \u226530% Min<\/li>\n<li><strong>Embalagem<\/strong>: rolos (D30), folhas, rolos remov\u00edveis de 76 mm, embalagem em cone invertido<\/li>\n<\/ul>\n<div class=\"row\">\n<div class=\"col-md-5\">\n<div class=\"img_center pl-0 pl-md-2\">\n<figure><img decoding=\"async\" class=\"alignnone wp-image-201\" src=\"https:\/\/shieldingtape.com\/wp-content\/uploads\/2024\/01\/1706020260810-300x99.png\" alt=\"\" width=\"228\" height=\"75\" srcset=\"https:\/\/shieldingtape.com\/wp-content\/uploads\/2024\/01\/1706020260810-300x99.png 300w, https:\/\/shieldingtape.com\/wp-content\/uploads\/2024\/01\/1706020260810-600x197.png 600w, https:\/\/shieldingtape.com\/wp-content\/uploads\/2024\/01\/1706020260810.png 700w\" sizes=\"(max-width: 228px) 100vw, 228px\" \/><\/figure>\n<\/div>\n<\/div>\n<\/div>","protected":false},"featured_media":202,"comment_status":"open","ping_status":"closed","template":"","meta":[],"product_brand":[],"product_cat":[22],"product_tag":[45],"class_list":{"0":"post-200","1":"product","2":"type-product","3":"status-publish","4":"has-post-thumbnail","6":"product_cat-shielding-laminates","7":"product_tag-copper-ptfe","9":"first","10":"instock","11":"shipping-taxable","12":"product-type-simple"},"_links":{"self":[{"href":"https:\/\/shieldingtape.com\/pt\/wp-json\/wp\/v2\/product\/200","targetHints":{"allow":["GET"]}}],"collection":[{"href":"https:\/\/shieldingtape.com\/pt\/wp-json\/wp\/v2\/product"}],"about":[{"href":"https:\/\/shieldingtape.com\/pt\/wp-json\/wp\/v2\/types\/product"}],"replies":[{"embeddable":true,"href":"https:\/\/shieldingtape.com\/pt\/wp-json\/wp\/v2\/comments?post=200"}],"version-history":[{"count":1,"href":"https:\/\/shieldingtape.com\/pt\/wp-json\/wp\/v2\/product\/200\/revisions"}],"predecessor-version":[{"id":827,"href":"https:\/\/shieldingtape.com\/pt\/wp-json\/wp\/v2\/product\/200\/revisions\/827"}],"wp:featuredmedia":[{"embeddable":true,"href":"https:\/\/shieldingtape.com\/pt\/wp-json\/wp\/v2\/media\/202"}],"wp:attachment":[{"href":"https:\/\/shieldingtape.com\/pt\/wp-json\/wp\/v2\/media?parent=200"}],"wp:term":[{"taxonomy":"product_brand","embeddable":true,"href":"https:\/\/shieldingtape.com\/pt\/wp-json\/wp\/v2\/product_brand?post=200"},{"taxonomy":"product_cat","embeddable":true,"href":"https:\/\/shieldingtape.com\/pt\/wp-json\/wp\/v2\/product_cat?post=200"},{"taxonomy":"product_tag","embeddable":true,"href":"https:\/\/shieldingtape.com\/pt\/wp-json\/wp\/v2\/product_tag?post=200"}],"curies":[{"name":"wp","href":"https:\/\/api.w.org\/{rel}","templated":true}]}}