{"id":190,"date":"2024-01-23T14:21:39","date_gmt":"2024-01-23T14:21:39","guid":{"rendered":"https:\/\/shieldingtape.com\/?post_type=product&#038;p=190"},"modified":"2024-03-06T16:12:16","modified_gmt":"2024-03-06T16:12:16","slug":"aluminio-para-animais-de-estimacao","status":"publish","type":"product","link":"https:\/\/shieldingtape.com\/pt\/produto\/aluminio-para-animais-de-estimacao\/","title":{"rendered":"Alum\u00ednio\/PET"},"content":{"rendered":"","protected":false},"excerpt":{"rendered":"<ul class=\"item1\">\n<li><strong>Espessura total<\/strong>(De 10\u03bcm a mais de 100\u03bcm) \u00b13\u03bcm<\/li>\n<li><strong>Espessura da camada de PET<\/strong>Camada de alum\u00ednio (\u22651,6\u03bcm) + camada de alum\u00ednio (\u22654\u03bcm)<\/li>\n<li><strong>Resist\u00eancia \u00e0 tra\u00e7\u00e3o<\/strong>: \u226530Mpa<\/li>\n<li><strong>Largura<\/strong>: 0,5 mm a 990 mm<\/li>\n<li><strong>Alongamento<\/strong>: \u226530% Min<\/li>\n<li><strong>For\u00e7a de selagem t\u00e9rmica<\/strong>: 3,5 KG<\/li>\n<li><strong>Embalagem<\/strong>: rolos (D30), formato de folha, rolos remov\u00edveis de 76 mm, embalagem em cone invertido<\/li>\n<\/ul>\n<p>Pode ser personalizado para incluir a possibilidade de selagem a quente de acordo com os requisitos do cliente.<\/p>","protected":false},"featured_media":191,"comment_status":"open","ping_status":"closed","template":"","meta":[],"product_brand":[],"product_cat":[22],"product_tag":[49],"class_list":{"0":"post-190","1":"product","2":"type-product","3":"status-publish","4":"has-post-thumbnail","6":"product_cat-shielding-laminates","7":"product_tag-aluminum-pet","9":"first","10":"instock","11":"shipping-taxable","12":"product-type-simple"},"_links":{"self":[{"href":"https:\/\/shieldingtape.com\/pt\/wp-json\/wp\/v2\/product\/190","targetHints":{"allow":["GET"]}}],"collection":[{"href":"https:\/\/shieldingtape.com\/pt\/wp-json\/wp\/v2\/product"}],"about":[{"href":"https:\/\/shieldingtape.com\/pt\/wp-json\/wp\/v2\/types\/product"}],"replies":[{"embeddable":true,"href":"https:\/\/shieldingtape.com\/pt\/wp-json\/wp\/v2\/comments?post=190"}],"version-history":[{"count":1,"href":"https:\/\/shieldingtape.com\/pt\/wp-json\/wp\/v2\/product\/190\/revisions"}],"predecessor-version":[{"id":845,"href":"https:\/\/shieldingtape.com\/pt\/wp-json\/wp\/v2\/product\/190\/revisions\/845"}],"wp:featuredmedia":[{"embeddable":true,"href":"https:\/\/shieldingtape.com\/pt\/wp-json\/wp\/v2\/media\/191"}],"wp:attachment":[{"href":"https:\/\/shieldingtape.com\/pt\/wp-json\/wp\/v2\/media?parent=190"}],"wp:term":[{"taxonomy":"product_brand","embeddable":true,"href":"https:\/\/shieldingtape.com\/pt\/wp-json\/wp\/v2\/product_brand?post=190"},{"taxonomy":"product_cat","embeddable":true,"href":"https:\/\/shieldingtape.com\/pt\/wp-json\/wp\/v2\/product_cat?post=190"},{"taxonomy":"product_tag","embeddable":true,"href":"https:\/\/shieldingtape.com\/pt\/wp-json\/wp\/v2\/product_tag?post=190"}],"curies":[{"name":"wp","href":"https:\/\/api.w.org\/{rel}","templated":true}]}}