{"id":168,"date":"2024-01-23T08:13:34","date_gmt":"2024-01-23T08:13:34","guid":{"rendered":"https:\/\/shieldingtape.com\/?post_type=product&#038;p=168"},"modified":"2024-02-16T07:19:37","modified_gmt":"2024-02-16T07:19:37","slug":"fita-de-filme-de-poliester-fita-pet","status":"publish","type":"product","link":"https:\/\/shieldingtape.com\/pt\/produto\/fita-de-filme-de-poliester-fita-pet\/","title":{"rendered":"Fita de filme de poli\u00e9ster (fita PET)"},"content":{"rendered":"","protected":false},"excerpt":{"rendered":"<p>O tereftalato de polietileno (PET), comumente conhecido como resina de poli\u00e9ster, \u00e9 o tipo mais proeminente de poli\u00e9ster termopl\u00e1stico.<\/p>\n<ul class=\"item1\">\n<li><strong>Espessura total<\/strong>: 4\u03bcm a 100\u03bcm (\u00b12\u03bcm)<\/li>\n<li><strong>Largura<\/strong>: 0,5 mm a 990 mm (\u00b10,05 mm)<\/li>\n<li><strong>Alongamento<\/strong>: \u226525% M\u00ednimo<\/li>\n<li><strong>Resist\u00eancia \u00e0 tra\u00e7\u00e3o<\/strong>: \u226580gf (m\u00ednimo)<\/li>\n<li><strong>Resist\u00eancia da veda\u00e7\u00e3o t\u00e9rmica<\/strong>: 3KG<\/li>\n<li><strong>Temperatura operacional<\/strong>: 70\u00b0C a 200\u00b0C<\/li>\n<li><strong>Embalagem<\/strong>: rolos (D30), folhas, rolos remov\u00edveis de 76 mm, embalagem em cone invertido<\/li>\n<\/ul>","protected":false},"featured_media":169,"comment_status":"open","ping_status":"closed","template":"","meta":[],"product_brand":[],"product_cat":[23],"product_tag":[28],"class_list":{"0":"post-168","1":"product","2":"type-product","3":"status-publish","4":"has-post-thumbnail","6":"product_cat-vacuum-metallized-films","7":"product_tag-polyester-film-tape-pet-tape","9":"first","10":"instock","11":"shipping-taxable","12":"product-type-simple"},"_links":{"self":[{"href":"https:\/\/shieldingtape.com\/pt\/wp-json\/wp\/v2\/product\/168","targetHints":{"allow":["GET"]}}],"collection":[{"href":"https:\/\/shieldingtape.com\/pt\/wp-json\/wp\/v2\/product"}],"about":[{"href":"https:\/\/shieldingtape.com\/pt\/wp-json\/wp\/v2\/types\/product"}],"replies":[{"embeddable":true,"href":"https:\/\/shieldingtape.com\/pt\/wp-json\/wp\/v2\/comments?post=168"}],"version-history":[{"count":2,"href":"https:\/\/shieldingtape.com\/pt\/wp-json\/wp\/v2\/product\/168\/revisions"}],"predecessor-version":[{"id":292,"href":"https:\/\/shieldingtape.com\/pt\/wp-json\/wp\/v2\/product\/168\/revisions\/292"}],"wp:featuredmedia":[{"embeddable":true,"href":"https:\/\/shieldingtape.com\/pt\/wp-json\/wp\/v2\/media\/169"}],"wp:attachment":[{"href":"https:\/\/shieldingtape.com\/pt\/wp-json\/wp\/v2\/media?parent=168"}],"wp:term":[{"taxonomy":"product_brand","embeddable":true,"href":"https:\/\/shieldingtape.com\/pt\/wp-json\/wp\/v2\/product_brand?post=168"},{"taxonomy":"product_cat","embeddable":true,"href":"https:\/\/shieldingtape.com\/pt\/wp-json\/wp\/v2\/product_cat?post=168"},{"taxonomy":"product_tag","embeddable":true,"href":"https:\/\/shieldingtape.com\/pt\/wp-json\/wp\/v2\/product_tag?post=168"}],"curies":[{"name":"wp","href":"https:\/\/api.w.org\/{rel}","templated":true}]}}