{"id":69,"date":"2024-01-21T16:57:58","date_gmt":"2024-01-21T16:57:58","guid":{"rendered":"https:\/\/shieldingtape.com\/?page_id=69"},"modified":"2024-03-11T11:37:22","modified_gmt":"2024-03-11T11:37:22","slug":"medico","status":"publish","type":"page","link":"https:\/\/shieldingtape.com\/pt\/medico\/","title":{"rendered":"M\u00e9dico"},"content":{"rendered":"<div data-elementor-type=\"wp-page\" data-elementor-id=\"69\" class=\"elementor elementor-69\">\n\t\t\t\t<div class=\"elementor-element elementor-element-1f445adb e-con-full e-flex e-con e-parent\" data-id=\"1f445adb\" data-element_type=\"container\" data-settings=\"{&quot;background_background&quot;:&quot;classic&quot;}\">\n\t\t\t\t<div class=\"elementor-element elementor-element-74f108db elementor-widget elementor-widget-heading\" data-id=\"74f108db\" data-element_type=\"widget\" data-widget_type=\"heading.default\">\n\t\t\t\t<div class=\"elementor-widget-container\">\n\t\t\t\t\t<h1 class=\"elementor-heading-title elementor-size-default\">Fitas e filmes de blindagem para a \u00e1rea m\u00e9dica\n<\/h1>\t\t\t\t<\/div>\n\t\t\t\t<\/div>\n\t\t\t\t<\/div>\n\t\t<div class=\"elementor-element elementor-element-3004f329 e-flex e-con-boxed e-con e-parent\" data-id=\"3004f329\" data-element_type=\"container\">\n\t\t\t\t\t<div class=\"e-con-inner\">\n\t\t<div class=\"elementor-element elementor-element-70fe25f e-con-full e-flex e-con e-child\" data-id=\"70fe25f\" data-element_type=\"container\">\n\t\t\t\t<div class=\"elementor-element elementor-element-29be05da elementor-widget elementor-widget-image\" data-id=\"29be05da\" data-element_type=\"widget\" data-widget_type=\"image.default\">\n\t\t\t\t<div class=\"elementor-widget-container\">\n\t\t\t\t\t\t\t\t\t\t\t\t\t\t\t<img fetchpriority=\"high\" decoding=\"async\" width=\"800\" height=\"533\" src=\"https:\/\/shieldingtape.com\/wp-content\/uploads\/2024\/02\/Capabilities.jpg\" class=\"attachment-large size-large wp-image-595\" alt=\"\" srcset=\"https:\/\/shieldingtape.com\/wp-content\/uploads\/2024\/02\/Capabilities.jpg 800w, https:\/\/shieldingtape.com\/wp-content\/uploads\/2024\/02\/Capabilities-300x200.jpg 300w, https:\/\/shieldingtape.com\/wp-content\/uploads\/2024\/02\/Capabilities-768x512.jpg 768w, https:\/\/shieldingtape.com\/wp-content\/uploads\/2024\/02\/Capabilities-600x400.jpg 600w\" sizes=\"(max-width: 800px) 100vw, 800px\" \/>\t\t\t\t\t\t\t\t\t\t\t\t\t\t\t<\/div>\n\t\t\t\t<\/div>\n\t\t\t\t<\/div>\n\t\t<div class=\"elementor-element elementor-element-12e54d9b e-con-full e-flex e-con e-child\" data-id=\"12e54d9b\" data-element_type=\"container\">\n\t\t\t\t<div class=\"elementor-element elementor-element-72cb7c43 elementor-widget elementor-widget-text-editor\" data-id=\"72cb7c43\" data-element_type=\"widget\" data-widget_type=\"text-editor.default\">\n\t\t\t\t<div class=\"elementor-widget-container\">\n\t\t\t\t\t\t\t\t\t<p>Oferecemos produtos projetados especificamente para a fabrica\u00e7\u00e3o de fios para dispositivos m\u00e9dicos. Trabalhamos em estreita colabora\u00e7\u00e3o com os fabricantes de fios para dispositivos m\u00e9dicos para garantir que esses dispositivos especializados sejam mais est\u00e1veis e seguros para que os profissionais de sa\u00fade e os pacientes possam us\u00e1-los com efici\u00eancia. Somos especializados no desenvolvimento de revestimentos de alta precis\u00e3o, materiais leves e outras aplica\u00e7\u00f5es exclusivas.<\/p><p class=\"mb-2\"><strong>Dimens\u00f5es do produto<\/strong><\/p><ul class=\"discitem1\"><li>Espessura total: (10\u03bcm a &gt;100\u03bcm) \u00b13\u03bcm<\/li><li>Espessura da camada de base n\u00e3o met\u00e1lica: (\u22651,6\u03bcm)<\/li><li>Espessura da camada de metal: (\u22650,1\u03bcm)<\/li><li>Resist\u00eancia \u00e0 tra\u00e7\u00e3o: \u226530Mpa<\/li><li>Largura: 0,5 mm a 990 mm<\/li><li>Alongamento: \u226530% Min<\/li><li>For\u00e7a de veda\u00e7\u00e3o t\u00e9rmica: 3,5 kg<\/li><\/ul>\t\t\t\t\t\t\t\t<\/div>\n\t\t\t\t<\/div>\n\t\t\t\t<\/div>\n\t\t\t\t\t<\/div>\n\t\t\t\t<\/div>\n\t\t<div class=\"elementor-element elementor-element-31ce3596 e-flex e-con-boxed e-con e-parent\" data-id=\"31ce3596\" data-element_type=\"container\">\n\t\t\t\t\t<div class=\"e-con-inner\">\n\t\t\t\t<div class=\"elementor-element elementor-element-4944c649 elementor-widget elementor-widget-heading\" data-id=\"4944c649\" data-element_type=\"widget\" data-widget_type=\"heading.default\">\n\t\t\t\t<div class=\"elementor-widget-container\">\n\t\t\t\t\t<h2 class=\"elementor-heading-title elementor-size-default\">Recomenda\u00e7\u00f5es<\/h2>\t\t\t\t<\/div>\n\t\t\t\t<\/div>\n\t\t\t\t\t<\/div>\n\t\t\t\t<\/div>\n\t\t<div class=\"elementor-element elementor-element-183c9efc e-flex e-con-boxed e-con e-parent\" data-id=\"183c9efc\" data-element_type=\"container\">\n\t\t\t\t\t<div class=\"e-con-inner\">\n\t\t<div class=\"elementor-element elementor-element-2633f42b e-con-full e-flex e-con e-child\" data-id=\"2633f42b\" data-element_type=\"container\" data-settings=\"{&quot;background_background&quot;:&quot;classic&quot;}\">\n\t\t\t\t<div class=\"elementor-element elementor-element-5ca5c989 elementor-widget elementor-widget-heading\" data-id=\"5ca5c989\" data-element_type=\"widget\" data-widget_type=\"heading.default\">\n\t\t\t\t<div class=\"elementor-widget-container\">\n\t\t\t\t\t<h2 class=\"elementor-heading-title elementor-size-default\">Laminados de blindagem para o setor automotivo<\/h2>\t\t\t\t<\/div>\n\t\t\t\t<\/div>\n\t\t\t\t<\/div>\n\t\t<div class=\"elementor-element elementor-element-79491813 e-con-full e-flex e-con e-child\" data-id=\"79491813\" data-element_type=\"container\" data-settings=\"{&quot;background_background&quot;:&quot;classic&quot;}\">\n\t\t\t\t<div class=\"elementor-element elementor-element-614f6ec8 elementor-widget elementor-widget-heading\" data-id=\"614f6ec8\" data-element_type=\"widget\" data-widget_type=\"heading.default\">\n\t\t\t\t<div class=\"elementor-widget-container\">\n\t\t\t\t\t<h2 class=\"elementor-heading-title elementor-size-default\">Laminados de blindagem para o setor automotivo<\/h2>\t\t\t\t<\/div>\n\t\t\t\t<\/div>\n\t\t\t\t<\/div>\n\t\t\t\t\t<\/div>\n\t\t\t\t<\/div>\n\t\t<div class=\"elementor-element elementor-element-9e1e16f e-flex e-con-boxed e-con e-parent\" data-id=\"9e1e16f\" data-element_type=\"container\">\n\t\t\t\t\t<div class=\"e-con-inner\">\n\t\t<div class=\"elementor-element elementor-element-1f8dbfe7 e-con-full e-flex e-con e-child\" data-id=\"1f8dbfe7\" data-element_type=\"container\" data-settings=\"{&quot;background_background&quot;:&quot;classic&quot;}\">\n\t\t\t\t<div class=\"elementor-element elementor-element-731ec350 elementor-position-left elementor-vertical-align-middle elementor-widget elementor-widget-image-box\" data-id=\"731ec350\" data-element_type=\"widget\" data-widget_type=\"image-box.default\">\n\t\t\t\t<div class=\"elementor-widget-container\">\n\t\t\t\t\t<div class=\"elementor-image-box-wrapper\"><figure class=\"elementor-image-box-img\"><a href=\"https:\/\/shieldingtape.com\/pt\/automotivo\/\" tabindex=\"-1\"><img decoding=\"async\" width=\"500\" height=\"333\" src=\"https:\/\/shieldingtape.com\/wp-content\/uploads\/2024\/02\/automotive_01b.jpg\" class=\"attachment-full size-full wp-image-554\" alt=\"\" srcset=\"https:\/\/shieldingtape.com\/wp-content\/uploads\/2024\/02\/automotive_01b.jpg 500w, https:\/\/shieldingtape.com\/wp-content\/uploads\/2024\/02\/automotive_01b-300x200.jpg 300w\" sizes=\"(max-width: 500px) 100vw, 500px\" \/><\/a><\/figure><div class=\"elementor-image-box-content\"><h3 class=\"elementor-image-box-title\"><a href=\"https:\/\/shieldingtape.com\/pt\/automotivo\/\">Automotivo<\/a><\/h3><\/div><\/div>\t\t\t\t<\/div>\n\t\t\t\t<\/div>\n\t\t\t\t<\/div>\n\t\t<div class=\"elementor-element elementor-element-732c8632 e-con-full e-flex e-con e-child\" data-id=\"732c8632\" data-element_type=\"container\" data-settings=\"{&quot;background_background&quot;:&quot;classic&quot;}\">\n\t\t\t\t<div class=\"elementor-element elementor-element-4e5e7b44 elementor-position-left elementor-vertical-align-middle elementor-widget elementor-widget-image-box\" data-id=\"4e5e7b44\" data-element_type=\"widget\" data-widget_type=\"image-box.default\">\n\t\t\t\t<div class=\"elementor-widget-container\">\n\t\t\t\t\t<div class=\"elementor-image-box-wrapper\"><figure class=\"elementor-image-box-img\"><a href=\"https:\/\/shieldingtape.com\/pt\/comunicacao\/\" tabindex=\"-1\"><img decoding=\"async\" width=\"500\" height=\"333\" src=\"https:\/\/shieldingtape.com\/wp-content\/uploads\/2024\/02\/communication_01b.jpg\" class=\"attachment-full size-full wp-image-555\" alt=\"\" srcset=\"https:\/\/shieldingtape.com\/wp-content\/uploads\/2024\/02\/communication_01b.jpg 500w, https:\/\/shieldingtape.com\/wp-content\/uploads\/2024\/02\/communication_01b-300x200.jpg 300w\" sizes=\"(max-width: 500px) 100vw, 500px\" \/><\/a><\/figure><div class=\"elementor-image-box-content\"><h3 class=\"elementor-image-box-title\"><a href=\"https:\/\/shieldingtape.com\/pt\/comunicacao\/\">Comunica\u00e7\u00e3o<\/a><\/h3><\/div><\/div>\t\t\t\t<\/div>\n\t\t\t\t<\/div>\n\t\t\t\t<\/div>\n\t\t<div class=\"elementor-element elementor-element-72adda83 e-con-full e-flex e-con e-child\" data-id=\"72adda83\" data-element_type=\"container\" data-settings=\"{&quot;background_background&quot;:&quot;classic&quot;}\">\n\t\t\t\t<div class=\"elementor-element elementor-element-5f599c82 elementor-position-left elementor-vertical-align-middle elementor-widget elementor-widget-image-box\" data-id=\"5f599c82\" data-element_type=\"widget\" data-widget_type=\"image-box.default\">\n\t\t\t\t<div class=\"elementor-widget-container\">\n\t\t\t\t\t<div class=\"elementor-image-box-wrapper\"><figure class=\"elementor-image-box-img\"><a href=\"https:\/\/shieldingtape.com\/pt\/setores\/\" tabindex=\"-1\"><img loading=\"lazy\" decoding=\"async\" width=\"500\" height=\"333\" src=\"https:\/\/shieldingtape.com\/wp-content\/uploads\/2024\/02\/Industrial.jpg\" class=\"attachment-full size-full wp-image-556\" alt=\"\" srcset=\"https:\/\/shieldingtape.com\/wp-content\/uploads\/2024\/02\/Industrial.jpg 500w, https:\/\/shieldingtape.com\/wp-content\/uploads\/2024\/02\/Industrial-300x200.jpg 300w\" sizes=\"(max-width: 500px) 100vw, 500px\" \/><\/a><\/figure><div class=\"elementor-image-box-content\"><h3 class=\"elementor-image-box-title\"><a href=\"https:\/\/shieldingtape.com\/pt\/setores\/\">Industrial<\/a><\/h3><\/div><\/div>\t\t\t\t<\/div>\n\t\t\t\t<\/div>\n\t\t\t\t<\/div>\n\t\t<div class=\"elementor-element elementor-element-7f24913a e-flex e-con-boxed e-con e-child\" data-id=\"7f24913a\" data-element_type=\"container\" data-settings=\"{&quot;background_background&quot;:&quot;classic&quot;}\">\n\t\t\t\t\t<div class=\"e-con-inner\">\n\t\t\t\t<div class=\"elementor-element elementor-element-853486a elementor-position-left elementor-vertical-align-middle elementor-widget elementor-widget-image-box\" data-id=\"853486a\" data-element_type=\"widget\" data-widget_type=\"image-box.default\">\n\t\t\t\t<div class=\"elementor-widget-container\">\n\t\t\t\t\t<div class=\"elementor-image-box-wrapper\"><figure class=\"elementor-image-box-img\"><a href=\"https:\/\/shieldingtape.com\/pt\/medico\/\" tabindex=\"-1\"><img loading=\"lazy\" decoding=\"async\" width=\"500\" height=\"333\" src=\"https:\/\/shieldingtape.com\/wp-content\/uploads\/2024\/02\/medical_01b.jpg\" class=\"attachment-full size-full wp-image-557\" alt=\"\" srcset=\"https:\/\/shieldingtape.com\/wp-content\/uploads\/2024\/02\/medical_01b.jpg 500w, https:\/\/shieldingtape.com\/wp-content\/uploads\/2024\/02\/medical_01b-300x200.jpg 300w\" sizes=\"(max-width: 500px) 100vw, 500px\" \/><\/a><\/figure><div class=\"elementor-image-box-content\"><h3 class=\"elementor-image-box-title\"><a href=\"https:\/\/shieldingtape.com\/pt\/medico\/\">M\u00e9dico<\/a><\/h3><\/div><\/div>\t\t\t\t<\/div>\n\t\t\t\t<\/div>\n\t\t\t\t\t<\/div>\n\t\t\t\t<\/div>\n\t\t\t\t\t<\/div>\n\t\t\t\t<\/div>\n\t\t<div class=\"elementor-element elementor-element-1b030ab0 e-con-full e-flex e-con e-parent\" data-id=\"1b030ab0\" data-element_type=\"container\">\n\t\t<div class=\"elementor-element elementor-element-475e3c32 e-con-full e-flex e-con e-child\" data-id=\"475e3c32\" data-element_type=\"container\" data-settings=\"{&quot;background_background&quot;:&quot;classic&quot;}\">\n\t\t\t\t<div class=\"elementor-element elementor-element-442de4c elementor-widget elementor-widget-heading\" data-id=\"442de4c\" data-element_type=\"widget\" data-widget_type=\"heading.default\">\n\t\t\t\t<div class=\"elementor-widget-container\">\n\t\t\t\t\t<h2 class=\"elementor-heading-title elementor-size-default\">Precisa de ajuda para encontrar o produto certo?<\/h2>\t\t\t\t<\/div>\n\t\t\t\t<\/div>\n\t\t\t\t<div class=\"elementor-element elementor-element-3add0518 elementor-widget elementor-widget-text-editor\" data-id=\"3add0518\" data-element_type=\"widget\" data-widget_type=\"text-editor.default\">\n\t\t\t\t<div class=\"elementor-widget-container\">\n\t\t\t\t\t\t\t\t\t<p>Entre em contato conosco para iniciar a conversa hoje mesmo<\/p>\t\t\t\t\t\t\t\t<\/div>\n\t\t\t\t<\/div>\n\t\t\t\t<div class=\"elementor-element elementor-element-3b2f741a elementor-widget elementor-widget-button\" data-id=\"3b2f741a\" data-element_type=\"widget\" data-widget_type=\"button.default\">\n\t\t\t\t<div class=\"elementor-widget-container\">\n\t\t\t\t\t\t\t\t\t<div class=\"elementor-button-wrapper\">\n\t\t\t\t\t<a class=\"elementor-button elementor-button-link elementor-size-sm\" href=\"https:\/\/shieldingtape.com\/pt\/contato\/\">\n\t\t\t\t\t\t<span class=\"elementor-button-content-wrapper\">\n\t\t\t\t\t\t\t\t\t<span class=\"elementor-button-text\">Entre em contato conosco<\/span>\n\t\t\t\t\t<\/span>\n\t\t\t\t\t<\/a>\n\t\t\t\t<\/div>\n\t\t\t\t\t\t\t\t<\/div>\n\t\t\t\t<\/div>\n\t\t\t\t<\/div>\n\t\t\t\t<\/div>\n\t\t<div class=\"elementor-element elementor-element-50c14c84 e-flex e-con-boxed e-con e-parent\" data-id=\"50c14c84\" data-element_type=\"container\">\n\t\t\t\t\t<div class=\"e-con-inner\">\n\t\t<div class=\"elementor-element elementor-element-107edbf4 e-flex e-con-boxed e-con e-child\" data-id=\"107edbf4\" data-element_type=\"container\">\n\t\t\t\t\t<div class=\"e-con-inner\">\n\t\t<div class=\"elementor-element elementor-element-3922f0bc e-con-full e-flex e-con e-child\" data-id=\"3922f0bc\" data-element_type=\"container\">\n\t\t\t\t<div class=\"elementor-element elementor-element-14e1141 elementor-widget elementor-widget-image\" data-id=\"14e1141\" data-element_type=\"widget\" data-widget_type=\"image.default\">\n\t\t\t\t<div class=\"elementor-widget-container\">\n\t\t\t\t\t\t\t\t\t\t\t\t\t\t\t<img loading=\"lazy\" decoding=\"async\" width=\"800\" height=\"533\" src=\"https:\/\/shieldingtape.com\/wp-content\/uploads\/2024\/01\/Capabilities.jpg\" class=\"attachment-large size-large wp-image-136\" alt=\"\" srcset=\"https:\/\/shieldingtape.com\/wp-content\/uploads\/2024\/01\/Capabilities.jpg 800w, https:\/\/shieldingtape.com\/wp-content\/uploads\/2024\/01\/Capabilities-300x200.jpg 300w, https:\/\/shieldingtape.com\/wp-content\/uploads\/2024\/01\/Capabilities-768x512.jpg 768w, https:\/\/shieldingtape.com\/wp-content\/uploads\/2024\/01\/Capabilities-600x400.jpg 600w\" sizes=\"(max-width: 800px) 100vw, 800px\" \/>\t\t\t\t\t\t\t\t\t\t\t\t\t\t\t<\/div>\n\t\t\t\t<\/div>\n\t\t\t\t<\/div>\n\t\t<div class=\"elementor-element elementor-element-1d535725 e-con-full e-flex e-con e-child\" data-id=\"1d535725\" data-element_type=\"container\" data-settings=\"{&quot;background_background&quot;:&quot;gradient&quot;}\">\n\t\t<div class=\"elementor-element elementor-element-21808b57 e-con-full e-flex e-con e-child\" data-id=\"21808b57\" data-element_type=\"container\" data-settings=\"{&quot;background_background&quot;:&quot;classic&quot;}\">\n\t\t\t\t<div class=\"elementor-element elementor-element-26a4a9a7 elementor-widget elementor-widget-heading\" data-id=\"26a4a9a7\" data-element_type=\"widget\" data-widget_type=\"heading.default\">\n\t\t\t\t<div class=\"elementor-widget-container\">\n\t\t\t\t\t<h2 class=\"elementor-heading-title elementor-size-default\">Recursos<\/h2>\t\t\t\t<\/div>\n\t\t\t\t<\/div>\n\t\t\t\t<div class=\"elementor-element elementor-element-7b00a210 elementor-widget-divider--view-line elementor-widget elementor-widget-divider\" data-id=\"7b00a210\" data-element_type=\"widget\" data-widget_type=\"divider.default\">\n\t\t\t\t<div class=\"elementor-widget-container\">\n\t\t\t\t\t\t\t<div class=\"elementor-divider\">\n\t\t\t<span class=\"elementor-divider-separator\">\n\t\t\t\t\t\t<\/span>\n\t\t<\/div>\n\t\t\t\t\t\t<\/div>\n\t\t\t\t<\/div>\n\t\t\t\t<div class=\"elementor-element elementor-element-71db606c elementor-widget elementor-widget-text-editor\" data-id=\"71db606c\" data-element_type=\"widget\" data-widget_type=\"text-editor.default\">\n\t\t\t\t<div class=\"elementor-widget-container\">\n\t\t\t\t\t\t\t\t\t<p>Libere as possibilidades com nossa experi\u00eancia em lamina\u00e7\u00e3o e crie estruturas multicamadas com substratos flex\u00edveis adaptados \u00e0s necessidades de seu projeto. Com mais de uma d\u00e9cada de experi\u00eancia, oferecemos laminados em uma variedade de materiais.<\/p><p>Descubra a metaliza\u00e7\u00e3o a v\u00e1cuo - um processo preciso para depositar metal em pe\u00e7as pl\u00e1sticas em uma c\u00e2mara de v\u00e1cuo. Somos seu parceiro para tratamentos de superf\u00edcie ecologicamente corretos.<\/p>\t\t\t\t\t\t\t\t<\/div>\n\t\t\t\t<\/div>\n\t\t\t\t<\/div>\n\t\t\t\t<\/div>\n\t\t\t\t\t<\/div>\n\t\t\t\t<\/div>\n\t\t\t\t\t<\/div>\n\t\t\t\t<\/div>\n\t\t<div class=\"elementor-element elementor-element-45f1991d e-flex e-con-boxed e-con e-parent\" data-id=\"45f1991d\" data-element_type=\"container\">\n\t\t\t\t\t<div class=\"e-con-inner\">\n\t\t<div class=\"elementor-element elementor-element-1d9fcca8 e-flex e-con-boxed e-con e-child\" data-id=\"1d9fcca8\" data-element_type=\"container\" data-settings=\"{&quot;background_background&quot;:&quot;classic&quot;}\">\n\t\t\t\t\t<div class=\"e-con-inner\">\n\t\t\t\t<div class=\"elementor-element elementor-element-2ab3de50 elementor-position-left elementor-widget__width-initial elementor-vertical-align-middle elementor-widget elementor-widget-image-box\" data-id=\"2ab3de50\" data-element_type=\"widget\" data-widget_type=\"image-box.default\">\n\t\t\t\t<div class=\"elementor-widget-container\">\n\t\t\t\t\t<div class=\"elementor-image-box-wrapper\"><figure class=\"elementor-image-box-img\"><img loading=\"lazy\" decoding=\"async\" width=\"100\" height=\"100\" src=\"https:\/\/shieldingtape.com\/wp-content\/uploads\/2024\/01\/Substrate-Pre-Cleaning.png\" class=\"attachment-full size-full wp-image-137\" alt=\"Pr\u00e9-limpeza do substrato\" \/><\/figure><div class=\"elementor-image-box-content\"><h3 class=\"elementor-image-box-title\">Pr\u00e9-limpeza do substrato<\/h3><\/div><\/div>\t\t\t\t<\/div>\n\t\t\t\t<\/div>\n\t\t\t\t<div class=\"elementor-element elementor-element-297b133d elementor-position-left elementor-widget__width-initial elementor-vertical-align-middle elementor-widget elementor-widget-image-box\" data-id=\"297b133d\" data-element_type=\"widget\" data-widget_type=\"image-box.default\">\n\t\t\t\t<div class=\"elementor-widget-container\">\n\t\t\t\t\t<div class=\"elementor-image-box-wrapper\"><figure class=\"elementor-image-box-img\"><img loading=\"lazy\" decoding=\"async\" width=\"100\" height=\"100\" src=\"https:\/\/shieldingtape.com\/wp-content\/uploads\/2024\/01\/Metal-Coating.png\" class=\"attachment-full size-full wp-image-141\" alt=\"Revestimento de metal\" \/><\/figure><div class=\"elementor-image-box-content\"><h3 class=\"elementor-image-box-title\">Revestimento de metal<\/h3><\/div><\/div>\t\t\t\t<\/div>\n\t\t\t\t<\/div>\n\t\t\t\t<div class=\"elementor-element elementor-element-384304a6 elementor-position-left elementor-widget__width-initial elementor-vertical-align-middle elementor-widget elementor-widget-image-box\" data-id=\"384304a6\" data-element_type=\"widget\" data-widget_type=\"image-box.default\">\n\t\t\t\t<div class=\"elementor-widget-container\">\n\t\t\t\t\t<div class=\"elementor-image-box-wrapper\"><figure class=\"elementor-image-box-img\"><img loading=\"lazy\" decoding=\"async\" width=\"100\" height=\"100\" src=\"https:\/\/shieldingtape.com\/wp-content\/uploads\/2024\/01\/Defect-Detection-Cutting.png\" class=\"attachment-full size-full wp-image-143\" alt=\"\" \/><\/figure><div class=\"elementor-image-box-content\"><h3 class=\"elementor-image-box-title\">Detec\u00e7\u00e3o e corte de defeitos<\/h3><\/div><\/div>\t\t\t\t<\/div>\n\t\t\t\t<\/div>\n\t\t\t\t<div class=\"elementor-element elementor-element-27b987da elementor-position-left elementor-vertical-align-middle elementor-widget__width-initial elementor-widget elementor-widget-image-box\" data-id=\"27b987da\" data-element_type=\"widget\" data-widget_type=\"image-box.default\">\n\t\t\t\t<div class=\"elementor-widget-container\">\n\t\t\t\t\t<div class=\"elementor-image-box-wrapper\"><figure class=\"elementor-image-box-img\"><img loading=\"lazy\" decoding=\"async\" width=\"100\" height=\"100\" src=\"https:\/\/shieldingtape.com\/wp-content\/uploads\/2024\/01\/Metal-Coating-1.png\" class=\"attachment-full size-full wp-image-144\" alt=\"\" \/><\/figure><div class=\"elementor-image-box-content\"><h3 class=\"elementor-image-box-title\">Embalagem<\/h3><\/div><\/div>\t\t\t\t<\/div>\n\t\t\t\t<\/div>\n\t\t\t\t\t<\/div>\n\t\t\t\t<\/div>\n\t\t\t\t\t<\/div>\n\t\t\t\t<\/div>\n\t\t\t\t<\/div>","protected":false},"excerpt":{"rendered":"<p>Fitas e filmes de blindagem para produtos m\u00e9dicos Oferecemos produtos projetados especificamente para a fabrica\u00e7\u00e3o de fios para dispositivos m\u00e9dicos. Trabalhamos em estreita colabora\u00e7\u00e3o com os fabricantes de fios para dispositivos m\u00e9dicos para garantir que esses dispositivos especializados sejam mais est\u00e1veis e seguros, de modo que os profissionais de sa\u00fade e os pacientes possam us\u00e1-los com efici\u00eancia. Somos especializados no desenvolvimento de revestimentos de alta precis\u00e3o, materiais leves e outros [...]<\/p>","protected":false},"author":1,"featured_media":0,"parent":0,"menu_order":0,"comment_status":"closed","ping_status":"closed","template":"elementor_header_footer","meta":{"footnotes":""},"class_list":["post-69","page","type-page","status-publish","hentry"],"_links":{"self":[{"href":"https:\/\/shieldingtape.com\/pt\/wp-json\/wp\/v2\/pages\/69","targetHints":{"allow":["GET"]}}],"collection":[{"href":"https:\/\/shieldingtape.com\/pt\/wp-json\/wp\/v2\/pages"}],"about":[{"href":"https:\/\/shieldingtape.com\/pt\/wp-json\/wp\/v2\/types\/page"}],"author":[{"embeddable":true,"href":"https:\/\/shieldingtape.com\/pt\/wp-json\/wp\/v2\/users\/1"}],"replies":[{"embeddable":true,"href":"https:\/\/shieldingtape.com\/pt\/wp-json\/wp\/v2\/comments?post=69"}],"version-history":[{"count":13,"href":"https:\/\/shieldingtape.com\/pt\/wp-json\/wp\/v2\/pages\/69\/revisions"}],"predecessor-version":[{"id":1012,"href":"https:\/\/shieldingtape.com\/pt\/wp-json\/wp\/v2\/pages\/69\/revisions\/1012"}],"wp:attachment":[{"href":"https:\/\/shieldingtape.com\/pt\/wp-json\/wp\/v2\/media?parent=69"}],"curies":[{"name":"wp","href":"https:\/\/api.w.org\/{rel}","templated":true}]}}