{"id":65,"date":"2024-01-21T16:57:08","date_gmt":"2024-01-21T16:57:08","guid":{"rendered":"https:\/\/shieldingtape.com\/?page_id=65"},"modified":"2024-03-11T11:39:48","modified_gmt":"2024-03-11T11:39:48","slug":"comunicacao","status":"publish","type":"page","link":"https:\/\/shieldingtape.com\/pt\/comunicacao\/","title":{"rendered":"Comunica\u00e7\u00e3o"},"content":{"rendered":"<div data-elementor-type=\"wp-page\" data-elementor-id=\"65\" class=\"elementor elementor-65\">\n\t\t\t\t<div class=\"elementor-element elementor-element-5eec79b5 e-con-full e-flex e-con e-parent\" data-id=\"5eec79b5\" data-element_type=\"container\" data-settings=\"{&quot;background_background&quot;:&quot;classic&quot;}\">\n\t\t\t\t<div class=\"elementor-element elementor-element-37c56433 elementor-widget elementor-widget-heading\" data-id=\"37c56433\" data-element_type=\"widget\" data-widget_type=\"heading.default\">\n\t\t\t\t<div class=\"elementor-widget-container\">\n\t\t\t\t\t<h2 class=\"elementor-heading-title elementor-size-default\">Fitas e filmes de blindagem para comunica\u00e7\u00e3o\n<\/h2>\t\t\t\t<\/div>\n\t\t\t\t<\/div>\n\t\t\t\t<div class=\"elementor-element elementor-element-247f7db2 elementor-widget elementor-widget-text-editor\" data-id=\"247f7db2\" data-element_type=\"widget\" data-widget_type=\"text-editor.default\">\n\t\t\t\t<div class=\"elementor-widget-container\">\n\t\t\t\t\t\t\t\t\t<div class=\"bannerin bannerin2\"><div class=\"banner_box\"><div class=\"bannerin bannerin2\"><div class=\"banner_box\"><p>A principal aplica\u00e7\u00e3o das fitas laminadas de alum\u00ednio no setor de comunica\u00e7\u00f5es \u00e9 a blindagem e o isolamento de interfer\u00eancias em cabos de comunica\u00e7\u00e3o, garantindo a transmiss\u00e3o confi\u00e1vel do sinal.<\/p><\/div><\/div><\/div><\/div><div class=\"clearfix\">\u00a0<\/div><div class=\"js-gallery-wrap\"><div class=\"content\"><div class=\"row mb-4\"><div class=\"col-md-6\">\u00a0<\/div><\/div><\/div><\/div>\t\t\t\t\t\t\t\t<\/div>\n\t\t\t\t<\/div>\n\t\t\t\t<\/div>\n\t\t<div class=\"elementor-element elementor-element-fcb46dc e-flex e-con-boxed e-con e-parent\" data-id=\"fcb46dc\" data-element_type=\"container\">\n\t\t\t\t\t<div class=\"e-con-inner\">\n\t\t\t\t<div class=\"elementor-element elementor-element-7cacc60 elementor-widget elementor-widget-text-editor\" data-id=\"7cacc60\" data-element_type=\"widget\" data-widget_type=\"text-editor.default\">\n\t\t\t\t<div class=\"elementor-widget-container\">\n\t\t\t\t\t\t\t\t\t<p>Nos cabos de comunica\u00e7\u00e3o, v\u00e1rios dispositivos eletr\u00f4nicos e linhas de transmiss\u00e3o de sinal s\u00e3o suscet\u00edveis \u00e0 interfer\u00eancia eletromagn\u00e9tica (EMI). A folha de alum\u00ednio laminada com fita como material de blindagem, isolamento e blindagem eficazes da interfer\u00eancia eletromagn\u00e9tica, melhora a qualidade e a confiabilidade das comunica\u00e7\u00f5es.<\/p><p>O desempenho de blindagem das fitas de folha de alum\u00ednio laminado depende principalmente da condutividade da camada de alum\u00ednio e de sua efici\u00eancia de blindagem. A camada de alum\u00ednio da folha de alum\u00ednio laminado da fita apresenta excelente condutividade el\u00e9trica, absorvendo e refletindo efetivamente as ondas eletromagn\u00e9ticas, reduzindo assim o impacto da interfer\u00eancia eletromagn\u00e9tica na transmiss\u00e3o do sinal.<\/p><p>Al\u00e9m disso, a efici\u00eancia da blindagem das fitas de folha de alum\u00ednio laminado \u00e9 afetada por sua espessura e pelo acabamento da superf\u00edcie. De modo geral, as fitas de folha de alum\u00ednio laminado com um tratamento de superf\u00edcie mais uniforme e maior espessura s\u00e3o mais eficazes na blindagem.<\/p>\t\t\t\t\t\t\t\t<\/div>\n\t\t\t\t<\/div>\n\t\t\t\t\t<\/div>\n\t\t\t\t<\/div>\n\t\t<div class=\"elementor-element elementor-element-776abb4f e-flex e-con-boxed e-con e-parent\" data-id=\"776abb4f\" data-element_type=\"container\">\n\t\t\t\t\t<div class=\"e-con-inner\">\n\t\t<div class=\"elementor-element elementor-element-618297c7 e-con-full e-flex e-con e-child\" data-id=\"618297c7\" data-element_type=\"container\">\n\t\t\t\t<div class=\"elementor-element elementor-element-45e0459 elementor-widget elementor-widget-image\" data-id=\"45e0459\" data-element_type=\"widget\" data-widget_type=\"image.default\">\n\t\t\t\t<div class=\"elementor-widget-container\">\n\t\t\t\t\t\t\t\t\t\t\t\t\t\t\t<img fetchpriority=\"high\" decoding=\"async\" width=\"800\" height=\"533\" src=\"https:\/\/shieldingtape.com\/wp-content\/uploads\/2024\/02\/Shielding-Tapes-and-Films-for-Communication.jpg\" class=\"attachment-large size-large wp-image-575\" alt=\"\" srcset=\"https:\/\/shieldingtape.com\/wp-content\/uploads\/2024\/02\/Shielding-Tapes-and-Films-for-Communication.jpg 800w, https:\/\/shieldingtape.com\/wp-content\/uploads\/2024\/02\/Shielding-Tapes-and-Films-for-Communication-300x200.jpg 300w, https:\/\/shieldingtape.com\/wp-content\/uploads\/2024\/02\/Shielding-Tapes-and-Films-for-Communication-768x512.jpg 768w, https:\/\/shieldingtape.com\/wp-content\/uploads\/2024\/02\/Shielding-Tapes-and-Films-for-Communication-600x400.jpg 600w\" sizes=\"(max-width: 800px) 100vw, 800px\" \/>\t\t\t\t\t\t\t\t\t\t\t\t\t\t\t<\/div>\n\t\t\t\t<\/div>\n\t\t\t\t<\/div>\n\t\t<div class=\"elementor-element elementor-element-2c936d0f e-con-full e-flex e-con e-child\" data-id=\"2c936d0f\" data-element_type=\"container\">\n\t\t\t\t<div class=\"elementor-element elementor-element-39ae2538 elementor-widget elementor-widget-text-editor\" data-id=\"39ae2538\" data-element_type=\"widget\" data-widget_type=\"text-editor.default\">\n\t\t\t\t<div class=\"elementor-widget-container\">\n\t\t\t\t\t\t\t\t\t<p>Em resumo, no setor de comunica\u00e7\u00f5es, a principal fun\u00e7\u00e3o das fitas laminadas de alum\u00ednio \u00e9 a blindagem e o isolamento de interfer\u00eancias nos cabos de comunica\u00e7\u00e3o, com o objetivo de melhorar a qualidade e a confiabilidade da comunica\u00e7\u00e3o.<\/p><p class=\"mb-2\"><strong>Dimens\u00f5es do produto<\/strong><\/p><ul class=\"discitem1\"><li>Espessura total: (10\u03bcm a mais de 100\u03bcm) \u00b13\u03bcm<\/li><li>Espessura da camada de base n\u00e3o met\u00e1lica: (\u22651,6\u03bcm)<\/li><li>Espessura da camada de metal: (\u22650,1\u03bcm)<\/li><li>Resist\u00eancia \u00e0 tra\u00e7\u00e3o: \u226530Mpa<\/li><li>Largura: 0,5 mm a 990 mm<\/li><li>Alongamento: \u226530% Min<\/li><li>For\u00e7a de veda\u00e7\u00e3o t\u00e9rmica: 3,5 kg<\/li><\/ul>\t\t\t\t\t\t\t\t<\/div>\n\t\t\t\t<\/div>\n\t\t\t\t<\/div>\n\t\t\t\t\t<\/div>\n\t\t\t\t<\/div>\n\t\t<div class=\"elementor-element elementor-element-4e788b4b e-flex e-con-boxed e-con e-parent\" data-id=\"4e788b4b\" data-element_type=\"container\">\n\t\t\t\t\t<div class=\"e-con-inner\">\n\t\t\t\t<div class=\"elementor-element elementor-element-e8a98a7 elementor-widget elementor-widget-heading\" data-id=\"e8a98a7\" data-element_type=\"widget\" data-widget_type=\"heading.default\">\n\t\t\t\t<div class=\"elementor-widget-container\">\n\t\t\t\t\t<h2 class=\"elementor-heading-title elementor-size-default\">Recomenda\u00e7\u00f5es<\/h2>\t\t\t\t<\/div>\n\t\t\t\t<\/div>\n\t\t\t\t\t<\/div>\n\t\t\t\t<\/div>\n\t\t<div class=\"elementor-element elementor-element-1f95a5c4 e-flex e-con-boxed e-con e-parent\" data-id=\"1f95a5c4\" data-element_type=\"container\">\n\t\t\t\t\t<div class=\"e-con-inner\">\n\t\t<div class=\"elementor-element elementor-element-2b235ab2 e-con-full e-flex e-con e-child\" data-id=\"2b235ab2\" data-element_type=\"container\" data-settings=\"{&quot;background_background&quot;:&quot;classic&quot;}\">\n\t\t\t\t<div class=\"elementor-element elementor-element-27c97327 elementor-widget elementor-widget-heading\" data-id=\"27c97327\" data-element_type=\"widget\" data-widget_type=\"heading.default\">\n\t\t\t\t<div class=\"elementor-widget-container\">\n\t\t\t\t\t<h2 class=\"elementor-heading-title elementor-size-default\">Laminados de blindagem para o setor automotivo<\/h2>\t\t\t\t<\/div>\n\t\t\t\t<\/div>\n\t\t\t\t<\/div>\n\t\t<div class=\"elementor-element elementor-element-51392fe2 e-con-full e-flex e-con e-child\" data-id=\"51392fe2\" data-element_type=\"container\" data-settings=\"{&quot;background_background&quot;:&quot;classic&quot;}\">\n\t\t\t\t<div class=\"elementor-element elementor-element-17241eb3 elementor-widget elementor-widget-heading\" data-id=\"17241eb3\" data-element_type=\"widget\" data-widget_type=\"heading.default\">\n\t\t\t\t<div class=\"elementor-widget-container\">\n\t\t\t\t\t<h2 class=\"elementor-heading-title elementor-size-default\">Laminados de blindagem para o setor automotivo<\/h2>\t\t\t\t<\/div>\n\t\t\t\t<\/div>\n\t\t\t\t<\/div>\n\t\t\t\t\t<\/div>\n\t\t\t\t<\/div>\n\t\t<div class=\"elementor-element elementor-element-429299c6 e-flex e-con-boxed e-con e-parent\" data-id=\"429299c6\" data-element_type=\"container\">\n\t\t\t\t\t<div class=\"e-con-inner\">\n\t\t<div class=\"elementor-element elementor-element-2c993f18 e-con-full e-flex e-con e-child\" data-id=\"2c993f18\" data-element_type=\"container\" data-settings=\"{&quot;background_background&quot;:&quot;classic&quot;}\">\n\t\t\t\t<div class=\"elementor-element elementor-element-3d9b4a90 elementor-position-left elementor-vertical-align-middle elementor-widget elementor-widget-image-box\" data-id=\"3d9b4a90\" data-element_type=\"widget\" data-widget_type=\"image-box.default\">\n\t\t\t\t<div class=\"elementor-widget-container\">\n\t\t\t\t\t<div class=\"elementor-image-box-wrapper\"><figure class=\"elementor-image-box-img\"><a href=\"https:\/\/shieldingtape.com\/pt\/automotivo\/\" tabindex=\"-1\"><img decoding=\"async\" width=\"500\" height=\"333\" src=\"https:\/\/shieldingtape.com\/wp-content\/uploads\/2024\/02\/automotive_01b.jpg\" class=\"attachment-full size-full wp-image-554\" alt=\"\" srcset=\"https:\/\/shieldingtape.com\/wp-content\/uploads\/2024\/02\/automotive_01b.jpg 500w, https:\/\/shieldingtape.com\/wp-content\/uploads\/2024\/02\/automotive_01b-300x200.jpg 300w\" sizes=\"(max-width: 500px) 100vw, 500px\" \/><\/a><\/figure><div class=\"elementor-image-box-content\"><h3 class=\"elementor-image-box-title\"><a href=\"https:\/\/shieldingtape.com\/pt\/automotivo\/\">Automotivo<\/a><\/h3><\/div><\/div>\t\t\t\t<\/div>\n\t\t\t\t<\/div>\n\t\t\t\t<\/div>\n\t\t<div class=\"elementor-element elementor-element-5c331762 e-con-full e-flex e-con e-child\" data-id=\"5c331762\" data-element_type=\"container\" data-settings=\"{&quot;background_background&quot;:&quot;classic&quot;}\">\n\t\t\t\t<div class=\"elementor-element elementor-element-2835ee2d elementor-position-left elementor-vertical-align-middle elementor-widget elementor-widget-image-box\" data-id=\"2835ee2d\" data-element_type=\"widget\" data-widget_type=\"image-box.default\">\n\t\t\t\t<div class=\"elementor-widget-container\">\n\t\t\t\t\t<div class=\"elementor-image-box-wrapper\"><figure class=\"elementor-image-box-img\"><a href=\"https:\/\/shieldingtape.com\/pt\/comunicacao\/\" tabindex=\"-1\"><img decoding=\"async\" width=\"500\" height=\"333\" src=\"https:\/\/shieldingtape.com\/wp-content\/uploads\/2024\/02\/communication_01b.jpg\" class=\"attachment-full size-full wp-image-555\" alt=\"\" srcset=\"https:\/\/shieldingtape.com\/wp-content\/uploads\/2024\/02\/communication_01b.jpg 500w, https:\/\/shieldingtape.com\/wp-content\/uploads\/2024\/02\/communication_01b-300x200.jpg 300w\" sizes=\"(max-width: 500px) 100vw, 500px\" \/><\/a><\/figure><div class=\"elementor-image-box-content\"><h3 class=\"elementor-image-box-title\"><a href=\"https:\/\/shieldingtape.com\/pt\/comunicacao\/\">Comunica\u00e7\u00e3o<\/a><\/h3><\/div><\/div>\t\t\t\t<\/div>\n\t\t\t\t<\/div>\n\t\t\t\t<\/div>\n\t\t<div class=\"elementor-element elementor-element-5a533366 e-con-full e-flex e-con e-child\" data-id=\"5a533366\" data-element_type=\"container\" data-settings=\"{&quot;background_background&quot;:&quot;classic&quot;}\">\n\t\t\t\t<div class=\"elementor-element elementor-element-7788429 elementor-position-left elementor-vertical-align-middle elementor-widget elementor-widget-image-box\" data-id=\"7788429\" data-element_type=\"widget\" data-widget_type=\"image-box.default\">\n\t\t\t\t<div class=\"elementor-widget-container\">\n\t\t\t\t\t<div class=\"elementor-image-box-wrapper\"><figure class=\"elementor-image-box-img\"><a href=\"https:\/\/shieldingtape.com\/pt\/setores\/\" tabindex=\"-1\"><img loading=\"lazy\" decoding=\"async\" width=\"500\" height=\"333\" src=\"https:\/\/shieldingtape.com\/wp-content\/uploads\/2024\/02\/Industrial.jpg\" class=\"attachment-full size-full wp-image-556\" alt=\"\" srcset=\"https:\/\/shieldingtape.com\/wp-content\/uploads\/2024\/02\/Industrial.jpg 500w, https:\/\/shieldingtape.com\/wp-content\/uploads\/2024\/02\/Industrial-300x200.jpg 300w\" sizes=\"(max-width: 500px) 100vw, 500px\" \/><\/a><\/figure><div class=\"elementor-image-box-content\"><h3 class=\"elementor-image-box-title\"><a href=\"https:\/\/shieldingtape.com\/pt\/setores\/\">Industrial<\/a><\/h3><\/div><\/div>\t\t\t\t<\/div>\n\t\t\t\t<\/div>\n\t\t\t\t<\/div>\n\t\t<div class=\"elementor-element elementor-element-7db7a13f e-flex e-con-boxed e-con e-child\" data-id=\"7db7a13f\" data-element_type=\"container\" data-settings=\"{&quot;background_background&quot;:&quot;classic&quot;}\">\n\t\t\t\t\t<div class=\"e-con-inner\">\n\t\t\t\t<div class=\"elementor-element elementor-element-3bb25e23 elementor-position-left elementor-vertical-align-middle elementor-widget elementor-widget-image-box\" data-id=\"3bb25e23\" data-element_type=\"widget\" data-widget_type=\"image-box.default\">\n\t\t\t\t<div class=\"elementor-widget-container\">\n\t\t\t\t\t<div class=\"elementor-image-box-wrapper\"><figure class=\"elementor-image-box-img\"><a href=\"https:\/\/shieldingtape.com\/pt\/medico\/\" tabindex=\"-1\"><img loading=\"lazy\" decoding=\"async\" width=\"500\" height=\"333\" src=\"https:\/\/shieldingtape.com\/wp-content\/uploads\/2024\/02\/medical_01b.jpg\" class=\"attachment-full size-full wp-image-557\" alt=\"\" srcset=\"https:\/\/shieldingtape.com\/wp-content\/uploads\/2024\/02\/medical_01b.jpg 500w, https:\/\/shieldingtape.com\/wp-content\/uploads\/2024\/02\/medical_01b-300x200.jpg 300w\" sizes=\"(max-width: 500px) 100vw, 500px\" \/><\/a><\/figure><div class=\"elementor-image-box-content\"><h3 class=\"elementor-image-box-title\"><a href=\"https:\/\/shieldingtape.com\/pt\/medico\/\">M\u00e9dico<\/a><\/h3><\/div><\/div>\t\t\t\t<\/div>\n\t\t\t\t<\/div>\n\t\t\t\t\t<\/div>\n\t\t\t\t<\/div>\n\t\t\t\t\t<\/div>\n\t\t\t\t<\/div>\n\t\t<div class=\"elementor-element elementor-element-27453f54 e-con-full e-flex e-con e-parent\" data-id=\"27453f54\" data-element_type=\"container\">\n\t\t<div class=\"elementor-element elementor-element-3915c2ad e-con-full e-flex e-con e-child\" data-id=\"3915c2ad\" data-element_type=\"container\" data-settings=\"{&quot;background_background&quot;:&quot;classic&quot;}\">\n\t\t\t\t<div class=\"elementor-element elementor-element-551555a elementor-widget elementor-widget-heading\" data-id=\"551555a\" data-element_type=\"widget\" data-widget_type=\"heading.default\">\n\t\t\t\t<div class=\"elementor-widget-container\">\n\t\t\t\t\t<h2 class=\"elementor-heading-title elementor-size-default\">Precisa de ajuda para encontrar o produto certo?<\/h2>\t\t\t\t<\/div>\n\t\t\t\t<\/div>\n\t\t\t\t<div class=\"elementor-element elementor-element-442bb7b5 elementor-widget elementor-widget-text-editor\" data-id=\"442bb7b5\" data-element_type=\"widget\" data-widget_type=\"text-editor.default\">\n\t\t\t\t<div class=\"elementor-widget-container\">\n\t\t\t\t\t\t\t\t\t<p>Entre em contato conosco para iniciar a conversa hoje mesmo<\/p>\t\t\t\t\t\t\t\t<\/div>\n\t\t\t\t<\/div>\n\t\t\t\t<div class=\"elementor-element elementor-element-2c7a34ed elementor-widget elementor-widget-button\" data-id=\"2c7a34ed\" data-element_type=\"widget\" data-widget_type=\"button.default\">\n\t\t\t\t<div class=\"elementor-widget-container\">\n\t\t\t\t\t\t\t\t\t<div class=\"elementor-button-wrapper\">\n\t\t\t\t\t<a class=\"elementor-button elementor-button-link elementor-size-sm\" href=\"https:\/\/shieldingtape.com\/pt\/contato\/\">\n\t\t\t\t\t\t<span class=\"elementor-button-content-wrapper\">\n\t\t\t\t\t\t\t\t\t<span class=\"elementor-button-text\">Entre em contato conosco<\/span>\n\t\t\t\t\t<\/span>\n\t\t\t\t\t<\/a>\n\t\t\t\t<\/div>\n\t\t\t\t\t\t\t\t<\/div>\n\t\t\t\t<\/div>\n\t\t\t\t<\/div>\n\t\t\t\t<\/div>\n\t\t<div class=\"elementor-element elementor-element-798ccd2a e-flex e-con-boxed e-con e-parent\" data-id=\"798ccd2a\" data-element_type=\"container\">\n\t\t\t\t\t<div class=\"e-con-inner\">\n\t\t<div class=\"elementor-element elementor-element-71ff973e e-flex e-con-boxed e-con e-child\" data-id=\"71ff973e\" data-element_type=\"container\">\n\t\t\t\t\t<div class=\"e-con-inner\">\n\t\t<div class=\"elementor-element elementor-element-5ffb90c0 e-con-full e-flex e-con e-child\" data-id=\"5ffb90c0\" data-element_type=\"container\">\n\t\t\t\t<div class=\"elementor-element elementor-element-60b2cb1e elementor-widget elementor-widget-image\" data-id=\"60b2cb1e\" data-element_type=\"widget\" data-widget_type=\"image.default\">\n\t\t\t\t<div class=\"elementor-widget-container\">\n\t\t\t\t\t\t\t\t\t\t\t\t\t\t\t<img loading=\"lazy\" decoding=\"async\" width=\"800\" height=\"533\" src=\"https:\/\/shieldingtape.com\/wp-content\/uploads\/2024\/01\/Capabilities.jpg\" class=\"attachment-large size-large wp-image-136\" alt=\"\" srcset=\"https:\/\/shieldingtape.com\/wp-content\/uploads\/2024\/01\/Capabilities.jpg 800w, https:\/\/shieldingtape.com\/wp-content\/uploads\/2024\/01\/Capabilities-300x200.jpg 300w, https:\/\/shieldingtape.com\/wp-content\/uploads\/2024\/01\/Capabilities-768x512.jpg 768w, https:\/\/shieldingtape.com\/wp-content\/uploads\/2024\/01\/Capabilities-600x400.jpg 600w\" sizes=\"(max-width: 800px) 100vw, 800px\" \/>\t\t\t\t\t\t\t\t\t\t\t\t\t\t\t<\/div>\n\t\t\t\t<\/div>\n\t\t\t\t<\/div>\n\t\t<div class=\"elementor-element elementor-element-55a3297b e-con-full e-flex e-con e-child\" data-id=\"55a3297b\" data-element_type=\"container\" data-settings=\"{&quot;background_background&quot;:&quot;gradient&quot;}\">\n\t\t<div class=\"elementor-element elementor-element-5487c993 e-con-full e-flex e-con e-child\" data-id=\"5487c993\" data-element_type=\"container\" data-settings=\"{&quot;background_background&quot;:&quot;classic&quot;}\">\n\t\t\t\t<div class=\"elementor-element elementor-element-38c76f65 elementor-widget elementor-widget-heading\" data-id=\"38c76f65\" data-element_type=\"widget\" data-widget_type=\"heading.default\">\n\t\t\t\t<div class=\"elementor-widget-container\">\n\t\t\t\t\t<h2 class=\"elementor-heading-title elementor-size-default\">Recursos<\/h2>\t\t\t\t<\/div>\n\t\t\t\t<\/div>\n\t\t\t\t<div class=\"elementor-element elementor-element-11ae4b25 elementor-widget-divider--view-line elementor-widget elementor-widget-divider\" data-id=\"11ae4b25\" data-element_type=\"widget\" data-widget_type=\"divider.default\">\n\t\t\t\t<div class=\"elementor-widget-container\">\n\t\t\t\t\t\t\t<div class=\"elementor-divider\">\n\t\t\t<span class=\"elementor-divider-separator\">\n\t\t\t\t\t\t<\/span>\n\t\t<\/div>\n\t\t\t\t\t\t<\/div>\n\t\t\t\t<\/div>\n\t\t\t\t<div class=\"elementor-element elementor-element-34ff61f4 elementor-widget elementor-widget-text-editor\" data-id=\"34ff61f4\" data-element_type=\"widget\" data-widget_type=\"text-editor.default\">\n\t\t\t\t<div class=\"elementor-widget-container\">\n\t\t\t\t\t\t\t\t\t<p>Libere as possibilidades com nossa experi\u00eancia em lamina\u00e7\u00e3o e crie estruturas multicamadas com substratos flex\u00edveis adaptados \u00e0s necessidades de seu projeto. Com mais de uma d\u00e9cada de experi\u00eancia, oferecemos laminados em uma variedade de materiais.<\/p><p>Descubra a metaliza\u00e7\u00e3o a v\u00e1cuo - um processo preciso para depositar metal em pe\u00e7as pl\u00e1sticas em uma c\u00e2mara de v\u00e1cuo. Somos seu parceiro para tratamentos de superf\u00edcie ecologicamente corretos.<\/p>\t\t\t\t\t\t\t\t<\/div>\n\t\t\t\t<\/div>\n\t\t\t\t<\/div>\n\t\t\t\t<\/div>\n\t\t\t\t\t<\/div>\n\t\t\t\t<\/div>\n\t\t\t\t\t<\/div>\n\t\t\t\t<\/div>\n\t\t<div class=\"elementor-element elementor-element-2743d9f7 e-flex e-con-boxed e-con e-parent\" data-id=\"2743d9f7\" data-element_type=\"container\">\n\t\t\t\t\t<div class=\"e-con-inner\">\n\t\t<div class=\"elementor-element elementor-element-6e6aad58 e-flex e-con-boxed e-con e-child\" data-id=\"6e6aad58\" data-element_type=\"container\" data-settings=\"{&quot;background_background&quot;:&quot;classic&quot;}\">\n\t\t\t\t\t<div class=\"e-con-inner\">\n\t\t\t\t<div class=\"elementor-element elementor-element-4990b70f elementor-position-left elementor-widget__width-initial elementor-vertical-align-middle elementor-widget elementor-widget-image-box\" data-id=\"4990b70f\" data-element_type=\"widget\" data-widget_type=\"image-box.default\">\n\t\t\t\t<div class=\"elementor-widget-container\">\n\t\t\t\t\t<div class=\"elementor-image-box-wrapper\"><figure class=\"elementor-image-box-img\"><img loading=\"lazy\" decoding=\"async\" width=\"100\" height=\"100\" src=\"https:\/\/shieldingtape.com\/wp-content\/uploads\/2024\/01\/Substrate-Pre-Cleaning.png\" class=\"attachment-full size-full wp-image-137\" alt=\"Pr\u00e9-limpeza do substrato\" \/><\/figure><div class=\"elementor-image-box-content\"><h3 class=\"elementor-image-box-title\">Pr\u00e9-limpeza do substrato<\/h3><\/div><\/div>\t\t\t\t<\/div>\n\t\t\t\t<\/div>\n\t\t\t\t<div class=\"elementor-element elementor-element-6d65a657 elementor-position-left elementor-widget__width-initial elementor-vertical-align-middle elementor-widget elementor-widget-image-box\" data-id=\"6d65a657\" data-element_type=\"widget\" data-widget_type=\"image-box.default\">\n\t\t\t\t<div class=\"elementor-widget-container\">\n\t\t\t\t\t<div class=\"elementor-image-box-wrapper\"><figure class=\"elementor-image-box-img\"><img loading=\"lazy\" decoding=\"async\" width=\"100\" height=\"100\" src=\"https:\/\/shieldingtape.com\/wp-content\/uploads\/2024\/01\/Metal-Coating.png\" class=\"attachment-full size-full wp-image-141\" alt=\"Revestimento de metal\" \/><\/figure><div class=\"elementor-image-box-content\"><h3 class=\"elementor-image-box-title\">Revestimento de metal<\/h3><\/div><\/div>\t\t\t\t<\/div>\n\t\t\t\t<\/div>\n\t\t\t\t<div class=\"elementor-element elementor-element-45c1ad2d elementor-position-left elementor-widget__width-initial elementor-vertical-align-middle elementor-widget elementor-widget-image-box\" data-id=\"45c1ad2d\" data-element_type=\"widget\" data-widget_type=\"image-box.default\">\n\t\t\t\t<div class=\"elementor-widget-container\">\n\t\t\t\t\t<div class=\"elementor-image-box-wrapper\"><figure class=\"elementor-image-box-img\"><img loading=\"lazy\" decoding=\"async\" width=\"100\" height=\"100\" src=\"https:\/\/shieldingtape.com\/wp-content\/uploads\/2024\/01\/Defect-Detection-Cutting.png\" class=\"attachment-full size-full wp-image-143\" alt=\"\" \/><\/figure><div class=\"elementor-image-box-content\"><h3 class=\"elementor-image-box-title\">Detec\u00e7\u00e3o e corte de defeitos<\/h3><\/div><\/div>\t\t\t\t<\/div>\n\t\t\t\t<\/div>\n\t\t\t\t<div class=\"elementor-element elementor-element-3fd2313f elementor-position-left elementor-vertical-align-middle elementor-widget__width-initial elementor-widget elementor-widget-image-box\" data-id=\"3fd2313f\" data-element_type=\"widget\" data-widget_type=\"image-box.default\">\n\t\t\t\t<div class=\"elementor-widget-container\">\n\t\t\t\t\t<div class=\"elementor-image-box-wrapper\"><figure class=\"elementor-image-box-img\"><img loading=\"lazy\" decoding=\"async\" width=\"100\" height=\"100\" src=\"https:\/\/shieldingtape.com\/wp-content\/uploads\/2024\/01\/Metal-Coating-1.png\" class=\"attachment-full size-full wp-image-144\" alt=\"\" \/><\/figure><div class=\"elementor-image-box-content\"><h3 class=\"elementor-image-box-title\">Embalagem<\/h3><\/div><\/div>\t\t\t\t<\/div>\n\t\t\t\t<\/div>\n\t\t\t\t\t<\/div>\n\t\t\t\t<\/div>\n\t\t\t\t\t<\/div>\n\t\t\t\t<\/div>\n\t\t\t\t<\/div>","protected":false},"excerpt":{"rendered":"<p>Fitas e filmes de blindagem para comunica\u00e7\u00e3o A principal aplica\u00e7\u00e3o das fitas laminadas de alum\u00ednio no setor de comunica\u00e7\u00f5es \u00e9 a blindagem e o isolamento de interfer\u00eancias em cabos de comunica\u00e7\u00e3o, garantindo a transmiss\u00e3o confi\u00e1vel de sinais.    Nos cabos de comunica\u00e7\u00e3o, v\u00e1rios dispositivos eletr\u00f4nicos e linhas de transmiss\u00e3o de sinal s\u00e3o suscet\u00edveis \u00e0 interfer\u00eancia eletromagn\u00e9tica (EMI). A folha de alum\u00ednio laminada com fita como blindagem [...]<\/p>","protected":false},"author":1,"featured_media":0,"parent":0,"menu_order":0,"comment_status":"closed","ping_status":"closed","template":"elementor_header_footer","meta":{"footnotes":""},"class_list":["post-65","page","type-page","status-publish","hentry"],"_links":{"self":[{"href":"https:\/\/shieldingtape.com\/pt\/wp-json\/wp\/v2\/pages\/65","targetHints":{"allow":["GET"]}}],"collection":[{"href":"https:\/\/shieldingtape.com\/pt\/wp-json\/wp\/v2\/pages"}],"about":[{"href":"https:\/\/shieldingtape.com\/pt\/wp-json\/wp\/v2\/types\/page"}],"author":[{"embeddable":true,"href":"https:\/\/shieldingtape.com\/pt\/wp-json\/wp\/v2\/users\/1"}],"replies":[{"embeddable":true,"href":"https:\/\/shieldingtape.com\/pt\/wp-json\/wp\/v2\/comments?post=65"}],"version-history":[{"count":16,"href":"https:\/\/shieldingtape.com\/pt\/wp-json\/wp\/v2\/pages\/65\/revisions"}],"predecessor-version":[{"id":1018,"href":"https:\/\/shieldingtape.com\/pt\/wp-json\/wp\/v2\/pages\/65\/revisions\/1018"}],"wp:attachment":[{"href":"https:\/\/shieldingtape.com\/pt\/wp-json\/wp\/v2\/media?parent=65"}],"curies":[{"name":"wp","href":"https:\/\/api.w.org\/{rel}","templated":true}]}}