{"id":41,"date":"2024-01-21T16:51:02","date_gmt":"2024-01-21T16:51:02","guid":{"rendered":"https:\/\/shieldingtape.com\/?page_id=41"},"modified":"2024-03-11T15:48:19","modified_gmt":"2024-03-11T15:48:19","slug":"personalizzazione","status":"publish","type":"page","link":"https:\/\/shieldingtape.com\/it\/personalizzazione\/","title":{"rendered":"Personalizzazione"},"content":{"rendered":"<div data-elementor-type=\"wp-page\" data-elementor-id=\"41\" class=\"elementor elementor-41\">\n\t\t\t\t<div class=\"elementor-element elementor-element-2499f64 e-con-full e-flex e-con e-parent\" data-id=\"2499f64\" data-element_type=\"container\" data-settings=\"{&quot;background_background&quot;:&quot;classic&quot;}\">\n\t\t\t\t<div class=\"elementor-element elementor-element-9c43c83 elementor-widget elementor-widget-heading\" data-id=\"9c43c83\" data-element_type=\"widget\" data-widget_type=\"heading.default\">\n\t\t\t\t<div class=\"elementor-widget-container\">\n\t\t\t\t\t<h2 class=\"elementor-heading-title elementor-size-default\">Personalizzazione<\/h2>\t\t\t\t<\/div>\n\t\t\t\t<\/div>\n\t\t\t\t<\/div>\n\t\t<div class=\"elementor-element elementor-element-83ae70d e-flex e-con-boxed e-con e-parent\" data-id=\"83ae70d\" data-element_type=\"container\">\n\t\t\t\t\t<div class=\"e-con-inner\">\n\t\t\t\t<div class=\"elementor-element elementor-element-f382a01 elementor-widget elementor-widget-text-editor\" data-id=\"f382a01\" data-element_type=\"widget\" data-widget_type=\"text-editor.default\">\n\t\t\t\t<div class=\"elementor-widget-container\">\n\t\t\t\t\t\t\t\t\t<p style=\"text-align: center;\">I prodotti che produciamo sono utilizzati in diversi settori, in particolare come materiali di schermatura essenziali nei cavi. I nostri materiali di schermatura offrono prestazioni superiori per quanto riguarda la schermatura dei segnali e la ritenzione di fiamma. Questo \u00e8 il motivo fondamentale per cui i nostri clienti si fidano e ci scelgono da oltre un decennio. Poich\u00e9 materiali diversi hanno propriet\u00e0 e usi diversi, per personalizzare il prodotto di cui avete bisogno, dobbiamo conoscere l'uso previsto e i parametri richiesti. Possiamo personalizzarlo in base ai vostri requisiti specifici.<\/p>\t\t\t\t\t\t\t\t<\/div>\n\t\t\t\t<\/div>\n\t\t\t\t\t<\/div>\n\t\t\t\t<\/div>\n\t\t<div class=\"elementor-element elementor-element-975f5e7 e-flex e-con-boxed e-con e-parent\" data-id=\"975f5e7\" data-element_type=\"container\">\n\t\t\t\t\t<div class=\"e-con-inner\">\n\t\t\t\t<div class=\"elementor-element elementor-element-0f8003e elementor-widget elementor-widget-heading\" data-id=\"0f8003e\" data-element_type=\"widget\" data-widget_type=\"heading.default\">\n\t\t\t\t<div class=\"elementor-widget-container\">\n\t\t\t\t\t<h2 class=\"elementor-heading-title elementor-size-default\">Offriamo tre diverse soluzioni per diversi tipi di clienti\n\n<\/h2>\t\t\t\t<\/div>\n\t\t\t\t<\/div>\n\t\t\t\t\t<\/div>\n\t\t\t\t<\/div>\n\t\t<div class=\"elementor-element elementor-element-e5fa878 e-flex e-con-boxed e-con e-parent\" data-id=\"e5fa878\" data-element_type=\"container\">\n\t\t\t\t\t<div class=\"e-con-inner\">\n\t\t<div class=\"elementor-element elementor-element-d1b5c83 e-con-full e-flex e-con e-child\" data-id=\"d1b5c83\" data-element_type=\"container\">\n\t\t\t\t<div class=\"elementor-element elementor-element-f014b1a elementor-widget elementor-widget-image\" data-id=\"f014b1a\" data-element_type=\"widget\" data-widget_type=\"image.default\">\n\t\t\t\t<div class=\"elementor-widget-container\">\n\t\t\t\t\t\t\t\t\t\t\t\t\t\t\t<img decoding=\"async\" width=\"100\" height=\"100\" src=\"https:\/\/shieldingtape.com\/wp-content\/uploads\/2024\/02\/customization_big_01.png\" class=\"attachment-large size-large wp-image-646\" alt=\"\" \/>\t\t\t\t\t\t\t\t\t\t\t\t\t\t\t<\/div>\n\t\t\t\t<\/div>\n\t\t\t\t<div class=\"elementor-element elementor-element-fd511fc elementor-widget elementor-widget-text-editor\" data-id=\"fd511fc\" data-element_type=\"widget\" data-widget_type=\"text-editor.default\">\n\t\t\t\t<div class=\"elementor-widget-container\">\n\t\t\t\t\t\t\t\t\t<p style=\"text-align: center;\">Per i clienti con specifiche di prodotto chiare, che hanno una comprensione precisa dei loro requisiti per le specifiche del prodotto finito, tra cui lo spessore, il tipo di materiale, il metodo di lavorazione, la stratificazione, l'applicazione e altri parametri rilevanti, possiamo elaborare direttamente o controllare i nostri prodotti esistenti per vedere se abbiamo qualcosa che soddisfa i loro requisiti.<\/p>\t\t\t\t\t\t\t\t<\/div>\n\t\t\t\t<\/div>\n\t\t\t\t<\/div>\n\t\t\t\t<div class=\"elementor-element elementor-element-045c849 elementor-fixed elementor-widget-divider--view-line elementor-widget elementor-widget-divider\" data-id=\"045c849\" data-element_type=\"widget\" data-settings=\"{&quot;_position&quot;:&quot;fixed&quot;}\" data-widget_type=\"divider.default\">\n\t\t\t\t<div class=\"elementor-widget-container\">\n\t\t\t\t\t\t\t<div class=\"elementor-divider\">\n\t\t\t<span class=\"elementor-divider-separator\">\n\t\t\t\t\t\t<\/span>\n\t\t<\/div>\n\t\t\t\t\t\t<\/div>\n\t\t\t\t<\/div>\n\t\t<div class=\"elementor-element elementor-element-ef2ef15 e-con-full e-flex e-con e-child\" data-id=\"ef2ef15\" data-element_type=\"container\">\n\t\t\t\t<div class=\"elementor-element elementor-element-aac44cb elementor-widget elementor-widget-image\" data-id=\"aac44cb\" data-element_type=\"widget\" data-widget_type=\"image.default\">\n\t\t\t\t<div class=\"elementor-widget-container\">\n\t\t\t\t\t\t\t\t\t\t\t\t\t\t\t<img decoding=\"async\" width=\"100\" height=\"100\" src=\"https:\/\/shieldingtape.com\/wp-content\/uploads\/2024\/02\/customization_big_02.png\" class=\"attachment-large size-large wp-image-647\" alt=\"\" \/>\t\t\t\t\t\t\t\t\t\t\t\t\t\t\t<\/div>\n\t\t\t\t<\/div>\n\t\t\t\t<div class=\"elementor-element elementor-element-3c6012f elementor-widget elementor-widget-text-editor\" data-id=\"3c6012f\" data-element_type=\"widget\" data-widget_type=\"text-editor.default\">\n\t\t\t\t<div class=\"elementor-widget-container\">\n\t\t\t\t\t\t\t\t\t<p style=\"text-align: center;\">Per i clienti che non forniscono dettagli specifici sui parametri, ma che hanno una chiara comprensione del loro campo di applicazione e dei requisiti di applicazione del prodotto, specificheremo una soluzione basata sulle condizioni del settore e sulle esigenze del cliente.<\/p>\t\t\t\t\t\t\t\t<\/div>\n\t\t\t\t<\/div>\n\t\t\t\t<\/div>\n\t\t<div class=\"elementor-element elementor-element-7dc2cb3 e-con-full e-flex e-con e-child\" data-id=\"7dc2cb3\" data-element_type=\"container\">\n\t\t\t\t<div class=\"elementor-element elementor-element-b578c42 elementor-widget elementor-widget-image\" data-id=\"b578c42\" data-element_type=\"widget\" data-widget_type=\"image.default\">\n\t\t\t\t<div class=\"elementor-widget-container\">\n\t\t\t\t\t\t\t\t\t\t\t\t\t\t\t<img decoding=\"async\" width=\"100\" height=\"100\" src=\"https:\/\/shieldingtape.com\/wp-content\/uploads\/2024\/02\/customization_big_03.png\" class=\"attachment-large size-large wp-image-648\" alt=\"\" \/>\t\t\t\t\t\t\t\t\t\t\t\t\t\t\t<\/div>\n\t\t\t\t<\/div>\n\t\t\t\t<div class=\"elementor-element elementor-element-64fd1d5 elementor-widget elementor-widget-text-editor\" data-id=\"64fd1d5\" data-element_type=\"widget\" data-widget_type=\"text-editor.default\">\n\t\t\t\t<div class=\"elementor-widget-container\">\n\t\t\t\t\t\t\t\t\t<p style=\"text-align: center;\">Per i clienti speciali che richiedono tipi di prodotti non standard, come la laminazione multistrato o la metallizzazione sottovuoto, nonch\u00e9 la lavorazione di materiali speciali, possiamo personalizzare i prodotti al di l\u00e0 delle nostre offerte esistenti per soddisfare le loro esigenze.<\/p>\t\t\t\t\t\t\t\t<\/div>\n\t\t\t\t<\/div>\n\t\t\t\t<\/div>\n\t\t\t\t\t<\/div>\n\t\t\t\t<\/div>\n\t\t<div class=\"elementor-element elementor-element-d1a9515 e-flex e-con-boxed e-con e-parent\" data-id=\"d1a9515\" data-element_type=\"container\">\n\t\t\t\t\t<div class=\"e-con-inner\">\n\t\t\t\t<div class=\"elementor-element elementor-element-ca41b0e elementor-widget elementor-widget-text-editor\" data-id=\"ca41b0e\" data-element_type=\"widget\" data-widget_type=\"text-editor.default\">\n\t\t\t\t<div class=\"elementor-widget-container\">\n\t\t\t\t\t\t\t\t\t<div class=\"content\"><p class=\"text-center\">In alcune situazioni, per esigenze particolari, possiamo collaborare con i clienti per specificare la soluzione ottimale e fornire un servizio pi\u00f9 soddisfacente.<\/p><div class=\"clearfix\">\u00a0<\/div><\/div><div class=\"clearfix\">\u00a0<\/div><div class=\"content_bg2\"><div class=\"content\" style=\"text-align: center;\">\u00a0<\/div><\/div>\t\t\t\t\t\t\t\t<\/div>\n\t\t\t\t<\/div>\n\t\t\t\t\t<\/div>\n\t\t\t\t<\/div>\n\t\t<div class=\"elementor-element elementor-element-0cc2995 e-flex e-con-boxed e-con e-parent\" data-id=\"0cc2995\" data-element_type=\"container\" data-settings=\"{&quot;background_background&quot;:&quot;classic&quot;}\">\n\t\t\t\t\t<div class=\"e-con-inner\">\n\t\t<div class=\"elementor-element elementor-element-ad29d39 e-con-full e-flex e-con e-child\" data-id=\"ad29d39\" data-element_type=\"container\">\n\t\t\t\t<div class=\"elementor-element elementor-element-3fb489a elementor-widget elementor-widget-text-editor\" data-id=\"3fb489a\" data-element_type=\"widget\" data-widget_type=\"text-editor.default\">\n\t\t\t\t<div class=\"elementor-widget-container\">\n\t\t\t\t\t\t\t\t\t<p>Se avete bisogno di una soluzione personalizzata, prenderemo in considerazione diversi fattori da pi\u00f9 dimensioni.<br \/>Ecco alcuni parametri che servono per il vostro riferimento<\/p>\t\t\t\t\t\t\t\t<\/div>\n\t\t\t\t<\/div>\n\t\t\t\t<\/div>\n\t\t<div class=\"elementor-element elementor-element-cf1b621 e-con-full e-flex e-con e-child\" data-id=\"cf1b621\" data-element_type=\"container\">\n\t\t\t\t<div class=\"elementor-element elementor-element-7c293cd elementor-position-top elementor-widget elementor-widget-image-box\" data-id=\"7c293cd\" data-element_type=\"widget\" data-widget_type=\"image-box.default\">\n\t\t\t\t<div class=\"elementor-widget-container\">\n\t\t\t\t\t<div class=\"elementor-image-box-wrapper\"><figure class=\"elementor-image-box-img\"><img loading=\"lazy\" decoding=\"async\" width=\"100\" height=\"100\" src=\"https:\/\/shieldingtape.com\/wp-content\/uploads\/2024\/02\/customization_01.png\" class=\"attachment-full size-full wp-image-652\" alt=\"\" \/><\/figure><div class=\"elementor-image-box-content\"><p class=\"elementor-image-box-description\">Substrato: Vari materiali, laminazione da film a film e metallizzazione sotto vuoto (metallo e non metallo).\n<\/p><\/div><\/div>\t\t\t\t<\/div>\n\t\t\t\t<\/div>\n\t\t\t\t<\/div>\n\t\t<div class=\"elementor-element elementor-element-5cffbe7 e-con-full e-flex e-con e-child\" data-id=\"5cffbe7\" data-element_type=\"container\">\n\t\t\t\t<div class=\"elementor-element elementor-element-63a5d44 elementor-position-top elementor-widget elementor-widget-image-box\" data-id=\"63a5d44\" data-element_type=\"widget\" data-widget_type=\"image-box.default\">\n\t\t\t\t<div class=\"elementor-widget-container\">\n\t\t\t\t\t<div class=\"elementor-image-box-wrapper\"><figure class=\"elementor-image-box-img\"><img loading=\"lazy\" decoding=\"async\" width=\"100\" height=\"100\" src=\"https:\/\/shieldingtape.com\/wp-content\/uploads\/2024\/02\/customization_02.png\" class=\"attachment-full size-full wp-image-654\" alt=\"\" \/><\/figure><div class=\"elementor-image-box-content\"><p class=\"elementor-image-box-description\">Materiali metallici: Foglio di alluminio, foglio di rame e metallizzazione sotto vuoto di vari metalli.<\/p><\/div><\/div>\t\t\t\t<\/div>\n\t\t\t\t<\/div>\n\t\t\t\t<\/div>\n\t\t<div class=\"elementor-element elementor-element-af9d451 e-con-full e-flex e-con e-child\" data-id=\"af9d451\" data-element_type=\"container\">\n\t\t\t\t<div class=\"elementor-element elementor-element-0090e97 elementor-position-top elementor-widget elementor-widget-image-box\" data-id=\"0090e97\" data-element_type=\"widget\" data-widget_type=\"image-box.default\">\n\t\t\t\t<div class=\"elementor-widget-container\">\n\t\t\t\t\t<div class=\"elementor-image-box-wrapper\"><figure class=\"elementor-image-box-img\"><img loading=\"lazy\" decoding=\"async\" width=\"100\" height=\"100\" src=\"https:\/\/shieldingtape.com\/wp-content\/uploads\/2024\/02\/customization_03.png\" class=\"attachment-full size-full wp-image-655\" alt=\"\" \/><\/figure><div class=\"elementor-image-box-content\"><p class=\"elementor-image-box-description\">Materiali metallici: Foglio di alluminio, foglio di rame e metallizzazione sotto vuoto di vari metalli.<\/p><\/div><\/div>\t\t\t\t<\/div>\n\t\t\t\t<\/div>\n\t\t\t\t<\/div>\n\t\t<div class=\"elementor-element elementor-element-d6dece0 e-con-full e-flex e-con e-child\" data-id=\"d6dece0\" data-element_type=\"container\">\n\t\t\t\t<div class=\"elementor-element elementor-element-3d2d0a9 elementor-position-top elementor-widget elementor-widget-image-box\" data-id=\"3d2d0a9\" data-element_type=\"widget\" data-widget_type=\"image-box.default\">\n\t\t\t\t<div class=\"elementor-widget-container\">\n\t\t\t\t\t<div class=\"elementor-image-box-wrapper\"><figure class=\"elementor-image-box-img\"><img loading=\"lazy\" decoding=\"async\" width=\"100\" height=\"100\" src=\"https:\/\/shieldingtape.com\/wp-content\/uploads\/2024\/02\/Number-of-product-layers.png\" class=\"attachment-full size-full wp-image-656\" alt=\"\" \/><\/figure><div class=\"elementor-image-box-content\"><p class=\"elementor-image-box-description\">Materiali metallici: Foglio di alluminio, foglio di rame e metallizzazione sotto vuoto di vari metalli.<\/p><\/div><\/div>\t\t\t\t<\/div>\n\t\t\t\t<\/div>\n\t\t\t\t<\/div>\n\t\t<div class=\"elementor-element elementor-element-5deb623 e-con-full e-flex e-con e-child\" data-id=\"5deb623\" data-element_type=\"container\">\n\t\t\t\t<div class=\"elementor-element elementor-element-70b7f6d elementor-position-top elementor-widget elementor-widget-image-box\" data-id=\"70b7f6d\" data-element_type=\"widget\" data-widget_type=\"image-box.default\">\n\t\t\t\t<div class=\"elementor-widget-container\">\n\t\t\t\t\t<div class=\"elementor-image-box-wrapper\"><figure class=\"elementor-image-box-img\"><img loading=\"lazy\" decoding=\"async\" width=\"100\" height=\"100\" src=\"https:\/\/shieldingtape.com\/wp-content\/uploads\/2024\/02\/customization_05.png\" class=\"attachment-full size-full wp-image-657\" alt=\"\" \/><\/figure><div class=\"elementor-image-box-content\"><p class=\"elementor-image-box-description\">Materiali metallici: Foglio di alluminio, foglio di rame e metallizzazione sotto vuoto di vari metalli.<\/p><\/div><\/div>\t\t\t\t<\/div>\n\t\t\t\t<\/div>\n\t\t\t\t<\/div>\n\t\t<div class=\"elementor-element elementor-element-8b4267c e-con-full e-flex e-con e-child\" data-id=\"8b4267c\" data-element_type=\"container\">\n\t\t\t\t<div class=\"elementor-element elementor-element-f0c03e4 elementor-position-top elementor-widget elementor-widget-image-box\" data-id=\"f0c03e4\" data-element_type=\"widget\" data-widget_type=\"image-box.default\">\n\t\t\t\t<div class=\"elementor-widget-container\">\n\t\t\t\t\t<div class=\"elementor-image-box-wrapper\"><figure class=\"elementor-image-box-img\"><img loading=\"lazy\" decoding=\"async\" width=\"100\" height=\"100\" src=\"https:\/\/shieldingtape.com\/wp-content\/uploads\/2024\/02\/customization_06.png\" class=\"attachment-full size-full wp-image-658\" alt=\"\" \/><\/figure><div class=\"elementor-image-box-content\"><p class=\"elementor-image-box-description\">Materiali metallici: Foglio di alluminio, foglio di rame e metallizzazione sotto vuoto di vari metalli.<\/p><\/div><\/div>\t\t\t\t<\/div>\n\t\t\t\t<\/div>\n\t\t\t\t<\/div>\n\t\t<div class=\"elementor-element elementor-element-07ca84a e-con-full e-flex e-con e-child\" data-id=\"07ca84a\" data-element_type=\"container\">\n\t\t\t\t<div class=\"elementor-element elementor-element-1a9eab7 elementor-position-top elementor-widget elementor-widget-image-box\" data-id=\"1a9eab7\" data-element_type=\"widget\" data-widget_type=\"image-box.default\">\n\t\t\t\t<div class=\"elementor-widget-container\">\n\t\t\t\t\t<div class=\"elementor-image-box-wrapper\"><figure class=\"elementor-image-box-img\"><img loading=\"lazy\" decoding=\"async\" width=\"100\" height=\"100\" src=\"https:\/\/shieldingtape.com\/wp-content\/uploads\/2024\/02\/customization_07.png\" class=\"attachment-full size-full wp-image-659\" alt=\"\" \/><\/figure><div class=\"elementor-image-box-content\"><p class=\"elementor-image-box-description\">Materiali metallici: Foglio di alluminio, foglio di rame e metallizzazione sotto vuoto di vari metalli.<\/p><\/div><\/div>\t\t\t\t<\/div>\n\t\t\t\t<\/div>\n\t\t\t\t<\/div>\n\t\t<div class=\"elementor-element elementor-element-3683d0e e-con-full e-flex e-con e-child\" data-id=\"3683d0e\" data-element_type=\"container\">\n\t\t\t\t<div class=\"elementor-element elementor-element-b734dfb elementor-position-top elementor-widget elementor-widget-image-box\" data-id=\"b734dfb\" data-element_type=\"widget\" data-widget_type=\"image-box.default\">\n\t\t\t\t<div class=\"elementor-widget-container\">\n\t\t\t\t\t<div class=\"elementor-image-box-wrapper\"><figure class=\"elementor-image-box-img\"><img loading=\"lazy\" decoding=\"async\" width=\"100\" height=\"100\" src=\"https:\/\/shieldingtape.com\/wp-content\/uploads\/2024\/02\/Width.png\" class=\"attachment-full size-full wp-image-662\" alt=\"\" \/><\/figure><div class=\"elementor-image-box-content\"><p class=\"elementor-image-box-description\">Materiali metallici: Foglio di alluminio, foglio di rame e metallizzazione sotto vuoto di vari metalli.<\/p><\/div><\/div>\t\t\t\t<\/div>\n\t\t\t\t<\/div>\n\t\t\t\t<\/div>\n\t\t<div class=\"elementor-element elementor-element-ed26e67 e-con-full e-flex e-con e-child\" data-id=\"ed26e67\" data-element_type=\"container\">\n\t\t\t\t<div class=\"elementor-element elementor-element-4dd0058 elementor-position-top elementor-widget elementor-widget-image-box\" data-id=\"4dd0058\" data-element_type=\"widget\" data-widget_type=\"image-box.default\">\n\t\t\t\t<div class=\"elementor-widget-container\">\n\t\t\t\t\t<div class=\"elementor-image-box-wrapper\"><figure class=\"elementor-image-box-img\"><img loading=\"lazy\" decoding=\"async\" width=\"100\" height=\"100\" src=\"https:\/\/shieldingtape.com\/wp-content\/uploads\/2024\/02\/customization_09.png\" class=\"attachment-full size-full wp-image-660\" alt=\"\" \/><\/figure><div class=\"elementor-image-box-content\"><p class=\"elementor-image-box-description\">Materiali metallici: Foglio di alluminio, foglio di rame e metallizzazione sotto vuoto di vari metalli.<\/p><\/div><\/div>\t\t\t\t<\/div>\n\t\t\t\t<\/div>\n\t\t\t\t<\/div>\n\t\t<div class=\"elementor-element elementor-element-5542293 e-con-full e-flex e-con e-child\" data-id=\"5542293\" data-element_type=\"container\">\n\t\t\t\t<div class=\"elementor-element elementor-element-249f8ff elementor-position-top elementor-widget elementor-widget-image-box\" data-id=\"249f8ff\" data-element_type=\"widget\" data-widget_type=\"image-box.default\">\n\t\t\t\t<div class=\"elementor-widget-container\">\n\t\t\t\t\t<div class=\"elementor-image-box-wrapper\"><figure class=\"elementor-image-box-img\"><img loading=\"lazy\" decoding=\"async\" width=\"100\" height=\"100\" src=\"https:\/\/shieldingtape.com\/wp-content\/uploads\/2024\/02\/Heat-Sealing-Strength.png\" class=\"attachment-full size-full wp-image-661\" alt=\"\" \/><\/figure><div class=\"elementor-image-box-content\"><p class=\"elementor-image-box-description\">Materiali metallici: Foglio di alluminio, foglio di rame e metallizzazione sotto vuoto di vari metalli.<\/p><\/div><\/div>\t\t\t\t<\/div>\n\t\t\t\t<\/div>\n\t\t\t\t<\/div>\n\t\t\t\t\t<\/div>\n\t\t\t\t<\/div>\n\t\t<div class=\"elementor-element elementor-element-86a8545 e-flex e-con-boxed e-con e-parent\" data-id=\"86a8545\" data-element_type=\"container\">\n\t\t\t\t\t<div class=\"e-con-inner\">\n\t\t<div class=\"elementor-element elementor-element-4ba70f9 e-con-full e-flex e-con e-child\" data-id=\"4ba70f9\" data-element_type=\"container\" data-settings=\"{&quot;background_background&quot;:&quot;classic&quot;}\">\n\t\t\t\t<div class=\"elementor-element elementor-element-df2fac2 elementor-widget elementor-widget-heading\" data-id=\"df2fac2\" data-element_type=\"widget\" data-widget_type=\"heading.default\">\n\t\t\t\t<div class=\"elementor-widget-container\">\n\t\t\t\t\t<h3 class=\"elementor-heading-title elementor-size-default\">Contattateci\n<\/h3>\t\t\t\t<\/div>\n\t\t\t\t<\/div>\n\t\t\t\t<div class=\"elementor-element elementor-element-72672fc elementor-widget__width-initial elementor-widget-mobile__width-initial elementor-button-align-stretch elementor-widget elementor-widget-form\" data-id=\"72672fc\" data-element_type=\"widget\" data-settings=\"{&quot;step_next_label&quot;:&quot;Next&quot;,&quot;step_previous_label&quot;:&quot;Previous&quot;,&quot;button_width&quot;:&quot;100&quot;,&quot;step_type&quot;:&quot;number_text&quot;,&quot;step_icon_shape&quot;:&quot;circle&quot;}\" data-widget_type=\"form.default\">\n\t\t\t\t<div class=\"elementor-widget-container\">\n\t\t\t\t\t\t\t<form class=\"elementor-form\" method=\"post\" name=\"New Form\" action=\"\">\n\t\t\t<input type=\"hidden\" name=\"post_id\" value=\"41\"\/>\n\t\t\t<input type=\"hidden\" name=\"form_id\" value=\"72672fc\"\/>\n\t\t\t<input type=\"hidden\" name=\"referer_title\" value=\"\" \/>\n\n\t\t\t\n\t\t\t<div class=\"elementor-form-fields-wrapper elementor-labels-above\">\n\t\t\t\t\t\t\t\t<div class=\"elementor-field-type-text elementor-field-group elementor-column elementor-field-group-name elementor-col-100\">\n\t\t\t\t\t\t\t\t\t\t\t\t<label for=\"form-field-name\" class=\"elementor-field-label\">\n\t\t\t\t\t\t\t\tNome\t\t\t\t\t\t\t<\/label>\n\t\t\t\t\t\t\t\t\t\t\t\t\t\t<input size=\"1\" type=\"text\" name=\"form_fields[name]\" id=\"form-field-name\" class=\"elementor-field elementor-size-sm  elementor-field-textual\" placeholder=\"Nome\">\n\t\t\t\t\t\t\t\t\t\t\t<\/div>\n\t\t\t\t\t\t\t\t<div class=\"elementor-field-type-email elementor-field-group elementor-column elementor-field-group-email elementor-col-100 elementor-field-required\">\n\t\t\t\t\t\t\t\t\t\t\t\t<label for=\"form-field-email\" class=\"elementor-field-label\">\n\t\t\t\t\t\t\t\tEmail\t\t\t\t\t\t\t<\/label>\n\t\t\t\t\t\t\t\t\t\t\t\t\t\t<input size=\"1\" type=\"email\" name=\"form_fields[email]\" id=\"form-field-email\" class=\"elementor-field elementor-size-sm  elementor-field-textual\" placeholder=\"Email*\" required=\"required\" aria-required=\"true\">\n\t\t\t\t\t\t\t\t\t\t\t<\/div>\n\t\t\t\t\t\t\t\t<div class=\"elementor-field-type-tel elementor-field-group elementor-column elementor-field-group-field_7f0e965 elementor-col-100 elementor-field-required\">\n\t\t\t\t\t\t\t\t\t\t\t\t<label for=\"form-field-field_7f0e965\" class=\"elementor-field-label\">\n\t\t\t\t\t\t\t\tTel\t\t\t\t\t\t\t<\/label>\n\t\t\t\t\t\t\t\t<input size=\"1\" type=\"tel\" name=\"form_fields[field_7f0e965]\" id=\"form-field-field_7f0e965\" class=\"elementor-field elementor-size-sm  elementor-field-textual\" placeholder=\"Tel\" required=\"required\" aria-required=\"true\" pattern=\"[0-9()#&amp;+*-=.]+\" title=\"Sono accettati solo numeri e caratteri telefonici (#, -, *, ecc.).\">\n\n\t\t\t\t\t\t<\/div>\n\t\t\t\t\t\t\t\t<div class=\"elementor-field-type-textarea elementor-field-group elementor-column elementor-field-group-message elementor-col-100\">\n\t\t\t\t\t\t\t\t\t\t\t\t<label for=\"form-field-message\" class=\"elementor-field-label\">\n\t\t\t\t\t\t\t\tMessaggio\t\t\t\t\t\t\t<\/label>\n\t\t\t\t\t\t<textarea class=\"elementor-field-textual elementor-field  elementor-size-sm\" name=\"form_fields[message]\" id=\"form-field-message\" rows=\"4\" placeholder=\"Messaggio\"><\/textarea>\t\t\t\t<\/div>\n\t\t\t\t\t\t\t\t<div class=\"elementor-field-group elementor-column elementor-field-type-submit elementor-col-100 e-form__buttons\">\n\t\t\t\t\t<button type=\"submit\" class=\"elementor-button elementor-size-sm\">\n\t\t\t\t\t\t<span >\n\t\t\t\t\t\t\t\t\t\t\t\t\t\t\t<span class=\"elementor-button-icon\">\n\t\t\t\t\t\t\t\t\t\t\t\t\t\t\t\t\t\t\t\t\t\t\t\t\t\t<\/span>\n\t\t\t\t\t\t\t\t\t\t\t\t\t\t\t\t\t\t\t\t\t\t<span class=\"elementor-button-text\">Inviare<\/span>\n\t\t\t\t\t\t\t\t\t\t\t\t\t<\/span>\n\t\t\t\t\t<\/button>\n\t\t\t\t<\/div>\n\t\t\t<\/div>\n\t\t<input type=\"hidden\" name=\"trp-form-language\" value=\"it\"\/><\/form>\n\t\t\t\t\t\t<\/div>\n\t\t\t\t<\/div>\n\t\t\t\t<\/div>\n\t\t\t\t\t<\/div>\n\t\t\t\t<\/div>\n\t\t<div class=\"elementor-element elementor-element-01cf493 e-flex e-con-boxed e-con e-parent\" data-id=\"01cf493\" data-element_type=\"container\">\n\t\t\t\t\t<div class=\"e-con-inner\">\n\t\t\t\t<div class=\"elementor-element elementor-element-c7f9bf7 elementor-widget-divider--view-line_text elementor-widget-divider--element-align-center elementor-widget elementor-widget-divider\" data-id=\"c7f9bf7\" data-element_type=\"widget\" data-widget_type=\"divider.default\">\n\t\t\t\t<div class=\"elementor-widget-container\">\n\t\t\t\t\t\t\t<div class=\"elementor-divider\">\n\t\t\t<span class=\"elementor-divider-separator\">\n\t\t\t\t\t\t\t<span class=\"elementor-divider__text elementor-divider__element\">\n\t\t\t\t<b>Materiali di schermatura<\/b>\t\t\t\t<\/span>\n\t\t\t\t\t\t<\/span>\n\t\t<\/div>\n\t\t\t\t\t\t<\/div>\n\t\t\t\t<\/div>\n\t\t\t\t\t<\/div>\n\t\t\t\t<\/div>\n\t\t\t\t<\/div>","protected":false},"excerpt":{"rendered":"<p>Personalizzazione I prodotti che realizziamo sono utilizzati in numerosi settori, in particolare come materiali di schermatura essenziali nei cavi. I nostri materiali di schermatura offrono vantaggi superiori in termini di schermatura del segnale e di ritardabilit\u00e0 alla fiamma. Questo \u00e8 il motivo fondamentale per cui i nostri clienti si fidano e ci scelgono da oltre un decennio. Poich\u00e9 materiali diversi hanno caratteristiche diverse [...]<\/p>","protected":false},"author":1,"featured_media":0,"parent":0,"menu_order":0,"comment_status":"closed","ping_status":"closed","template":"elementor_header_footer","meta":{"footnotes":""},"class_list":["post-41","page","type-page","status-publish","hentry"],"_links":{"self":[{"href":"https:\/\/shieldingtape.com\/it\/wp-json\/wp\/v2\/pages\/41","targetHints":{"allow":["GET"]}}],"collection":[{"href":"https:\/\/shieldingtape.com\/it\/wp-json\/wp\/v2\/pages"}],"about":[{"href":"https:\/\/shieldingtape.com\/it\/wp-json\/wp\/v2\/types\/page"}],"author":[{"embeddable":true,"href":"https:\/\/shieldingtape.com\/it\/wp-json\/wp\/v2\/users\/1"}],"replies":[{"embeddable":true,"href":"https:\/\/shieldingtape.com\/it\/wp-json\/wp\/v2\/comments?post=41"}],"version-history":[{"count":19,"href":"https:\/\/shieldingtape.com\/it\/wp-json\/wp\/v2\/pages\/41\/revisions"}],"predecessor-version":[{"id":1073,"href":"https:\/\/shieldingtape.com\/it\/wp-json\/wp\/v2\/pages\/41\/revisions\/1073"}],"wp:attachment":[{"href":"https:\/\/shieldingtape.com\/it\/wp-json\/wp\/v2\/media?parent=41"}],"curies":[{"name":"wp","href":"https:\/\/api.w.org\/{rel}","templated":true}]}}