{"id":190,"date":"2024-01-23T14:21:39","date_gmt":"2024-01-23T14:21:39","guid":{"rendered":"https:\/\/shieldingtape.com\/?post_type=product&#038;p=190"},"modified":"2024-03-06T16:12:16","modified_gmt":"2024-03-06T16:12:16","slug":"aluminium-pour-animaux-de-compagnie","status":"publish","type":"product","link":"https:\/\/shieldingtape.com\/fr\/produit\/aluminium-pour-animaux-de-compagnie\/","title":{"rendered":"Aluminium\/PET"},"content":{"rendered":"","protected":false},"excerpt":{"rendered":"<ul class=\"item1\">\n<li><strong>\u00c9paisseur totale<\/strong>(De 10\u03bcm \u00e0 plus de 100\u03bcm) \u00b13\u03bcm<\/li>\n<li><strong>\u00c9paisseur de la couche PET<\/strong>Couche d'aluminium (\u22651.6\u03bcm) + Couche d'aluminium (\u22654\u03bcm)<\/li>\n<li><strong>R\u00e9sistance \u00e0 la traction<\/strong>: \u226530Mpa<\/li>\n<li><strong>Largeur<\/strong>: 0,5mm \u00e0 990mm<\/li>\n<li><strong>\u00c9longation<\/strong>: \u226530% Min<\/li>\n<li><strong>R\u00e9sistance du thermoscellage<\/strong>: 3.5KG<\/li>\n<li><strong>Emballage<\/strong>Rouleaux (D30), sous forme de feuilles, rouleaux amovibles de 76 mm, emballage en forme de c\u00f4ne invers\u00e9<\/li>\n<\/ul>\n<p>Peut \u00eatre personnalis\u00e9 pour inclure la thermoscellabilit\u00e9 selon les besoins du client.<\/p>","protected":false},"featured_media":191,"comment_status":"open","ping_status":"closed","template":"","meta":[],"product_brand":[],"product_cat":[22],"product_tag":[49],"class_list":{"0":"post-190","1":"product","2":"type-product","3":"status-publish","4":"has-post-thumbnail","6":"product_cat-shielding-laminates","7":"product_tag-aluminum-pet","9":"first","10":"instock","11":"shipping-taxable","12":"product-type-simple"},"_links":{"self":[{"href":"https:\/\/shieldingtape.com\/fr\/wp-json\/wp\/v2\/product\/190","targetHints":{"allow":["GET"]}}],"collection":[{"href":"https:\/\/shieldingtape.com\/fr\/wp-json\/wp\/v2\/product"}],"about":[{"href":"https:\/\/shieldingtape.com\/fr\/wp-json\/wp\/v2\/types\/product"}],"replies":[{"embeddable":true,"href":"https:\/\/shieldingtape.com\/fr\/wp-json\/wp\/v2\/comments?post=190"}],"version-history":[{"count":1,"href":"https:\/\/shieldingtape.com\/fr\/wp-json\/wp\/v2\/product\/190\/revisions"}],"predecessor-version":[{"id":845,"href":"https:\/\/shieldingtape.com\/fr\/wp-json\/wp\/v2\/product\/190\/revisions\/845"}],"wp:featuredmedia":[{"embeddable":true,"href":"https:\/\/shieldingtape.com\/fr\/wp-json\/wp\/v2\/media\/191"}],"wp:attachment":[{"href":"https:\/\/shieldingtape.com\/fr\/wp-json\/wp\/v2\/media?parent=190"}],"wp:term":[{"taxonomy":"product_brand","embeddable":true,"href":"https:\/\/shieldingtape.com\/fr\/wp-json\/wp\/v2\/product_brand?post=190"},{"taxonomy":"product_cat","embeddable":true,"href":"https:\/\/shieldingtape.com\/fr\/wp-json\/wp\/v2\/product_cat?post=190"},{"taxonomy":"product_tag","embeddable":true,"href":"https:\/\/shieldingtape.com\/fr\/wp-json\/wp\/v2\/product_tag?post=190"}],"curies":[{"name":"wp","href":"https:\/\/api.w.org\/{rel}","templated":true}]}}