{"id":168,"date":"2024-01-23T08:13:34","date_gmt":"2024-01-23T08:13:34","guid":{"rendered":"https:\/\/shieldingtape.com\/?post_type=product&#038;p=168"},"modified":"2024-02-16T07:19:37","modified_gmt":"2024-02-16T07:19:37","slug":"ruban-en-film-polyester-ruban-en-pet","status":"publish","type":"product","link":"https:\/\/shieldingtape.com\/fr\/produit\/ruban-en-film-polyester-ruban-en-pet\/","title":{"rendered":"Ruban de film polyester (ruban PET)"},"content":{"rendered":"","protected":false},"excerpt":{"rendered":"<p>Le poly\u00e9thyl\u00e8ne t\u00e9r\u00e9phtalate (PET), commun\u00e9ment appel\u00e9 r\u00e9sine polyester, est le principal type de polyester thermoplastique.<\/p>\n<ul class=\"item1\">\n<li><strong>Epaisseur totale<\/strong>: 4\u03bcm \u00e0 100\u03bcm (\u00b12\u03bcm)<\/li>\n<li><strong>Largeur<\/strong>: 0,5mm \u00e0 990mm (\u00b10,05mm)<\/li>\n<li><strong>\u00c9longation<\/strong>: \u226525% Minimum<\/li>\n<li><strong>R\u00e9sistance \u00e0 la traction<\/strong>: \u226580gf (Minimum)<\/li>\n<li><strong>R\u00e9sistance du thermoscellage<\/strong>: 3KG<\/li>\n<li><strong>Temp\u00e9rature de fonctionnement<\/strong>Temp\u00e9rature d'utilisation : 70\u00b0C \u00e0 200\u00b0C<\/li>\n<li><strong>Emballage<\/strong>Rouleaux (D30), feuilles, rouleaux amovibles de 76 mm, emballage en forme de c\u00f4ne invers\u00e9<\/li>\n<\/ul>","protected":false},"featured_media":169,"comment_status":"open","ping_status":"closed","template":"","meta":[],"product_brand":[],"product_cat":[23],"product_tag":[28],"class_list":{"0":"post-168","1":"product","2":"type-product","3":"status-publish","4":"has-post-thumbnail","6":"product_cat-vacuum-metallized-films","7":"product_tag-polyester-film-tape-pet-tape","9":"first","10":"instock","11":"shipping-taxable","12":"product-type-simple"},"_links":{"self":[{"href":"https:\/\/shieldingtape.com\/fr\/wp-json\/wp\/v2\/product\/168","targetHints":{"allow":["GET"]}}],"collection":[{"href":"https:\/\/shieldingtape.com\/fr\/wp-json\/wp\/v2\/product"}],"about":[{"href":"https:\/\/shieldingtape.com\/fr\/wp-json\/wp\/v2\/types\/product"}],"replies":[{"embeddable":true,"href":"https:\/\/shieldingtape.com\/fr\/wp-json\/wp\/v2\/comments?post=168"}],"version-history":[{"count":2,"href":"https:\/\/shieldingtape.com\/fr\/wp-json\/wp\/v2\/product\/168\/revisions"}],"predecessor-version":[{"id":292,"href":"https:\/\/shieldingtape.com\/fr\/wp-json\/wp\/v2\/product\/168\/revisions\/292"}],"wp:featuredmedia":[{"embeddable":true,"href":"https:\/\/shieldingtape.com\/fr\/wp-json\/wp\/v2\/media\/169"}],"wp:attachment":[{"href":"https:\/\/shieldingtape.com\/fr\/wp-json\/wp\/v2\/media?parent=168"}],"wp:term":[{"taxonomy":"product_brand","embeddable":true,"href":"https:\/\/shieldingtape.com\/fr\/wp-json\/wp\/v2\/product_brand?post=168"},{"taxonomy":"product_cat","embeddable":true,"href":"https:\/\/shieldingtape.com\/fr\/wp-json\/wp\/v2\/product_cat?post=168"},{"taxonomy":"product_tag","embeddable":true,"href":"https:\/\/shieldingtape.com\/fr\/wp-json\/wp\/v2\/product_tag?post=168"}],"curies":[{"name":"wp","href":"https:\/\/api.w.org\/{rel}","templated":true}]}}