{"id":75,"date":"2024-01-21T16:59:40","date_gmt":"2024-01-21T16:59:40","guid":{"rendered":"https:\/\/shieldingtape.com\/?page_id=75"},"modified":"2024-02-21T09:33:24","modified_gmt":"2024-02-21T09:33:24","slug":"profil-de-lentreprise","status":"publish","type":"page","link":"https:\/\/shieldingtape.com\/fr\/profil-de-lentreprise\/","title":{"rendered":"Profil de l&#039;entreprise"},"content":{"rendered":"<div data-elementor-type=\"wp-page\" data-elementor-id=\"75\" class=\"elementor elementor-75\">\n\t\t\t\t<div class=\"elementor-element elementor-element-fe06c3f e-flex e-con-boxed e-con e-parent\" data-id=\"fe06c3f\" data-element_type=\"container\">\n\t\t\t\t\t<div class=\"e-con-inner\">\n\t\t<div class=\"elementor-element elementor-element-dd0f0a5 e-con-full e-flex e-con e-child\" data-id=\"dd0f0a5\" data-element_type=\"container\">\n\t\t\t\t<div class=\"elementor-element elementor-element-d7e8530 elementor-widget-divider--view-line elementor-widget elementor-widget-divider\" data-id=\"d7e8530\" data-element_type=\"widget\" data-widget_type=\"divider.default\">\n\t\t\t\t<div class=\"elementor-widget-container\">\n\t\t\t\t\t\t\t<div class=\"elementor-divider\">\n\t\t\t<span class=\"elementor-divider-separator\">\n\t\t\t\t\t\t<\/span>\n\t\t<\/div>\n\t\t\t\t\t\t<\/div>\n\t\t\t\t<\/div>\n\t\t\t\t<div class=\"elementor-element elementor-element-df9df69 elementor-widget elementor-widget-heading\" data-id=\"df9df69\" data-element_type=\"widget\" data-widget_type=\"heading.default\">\n\t\t\t\t<div class=\"elementor-widget-container\">\n\t\t\t\t\t<h2 class=\"elementor-heading-title elementor-size-default\">Fabricant de mat\u00e9riaux de blindage\n<\/h2>\t\t\t\t<\/div>\n\t\t\t\t<\/div>\n\t\t\t\t<div class=\"elementor-element elementor-element-9231d42 elementor-widget elementor-widget-text-editor\" data-id=\"9231d42\" data-element_type=\"widget\" data-widget_type=\"text-editor.default\">\n\t\t\t\t<div class=\"elementor-widget-container\">\n\t\t\t\t\t\t\t\t\t<div class=\"col-md-7\"><div class=\"pr-0 pr-md-5\"><p>Depuis 2012, des clients du monde entier font confiance \u00e0 Guangdong Hechuan New Material Technology Co. pour la production et la fabrication de mat\u00e9riaux de blindage. Nous offrons une vari\u00e9t\u00e9 de mat\u00e9riaux de blindage, y compris des rubans de film de polyester, des rubans de feuille d'aluminium, des rubans de feuille de cuivre, des tissus conducteurs, et plus encore. En outre, nos mat\u00e9riaux de blindage pr\u00e9sentent d'excellentes performances, telles que l'ignifugation, l'isolation thermique, le blindage EMI, la conductivit\u00e9 \u00e9lectrique et thermique. En outre, nos mat\u00e9riaux de blindage sont utilis\u00e9s dans de nombreuses industries, notamment les c\u00e2bles automobiles, les c\u00e2bles de communication, les c\u00e2bles industriels et l'industrie m\u00e9dicale.<\/p><\/div><\/div><div class=\"col-md-5\">\u00a0<\/div>\t\t\t\t\t\t\t\t<\/div>\n\t\t\t\t<\/div>\n\t\t\t\t<\/div>\n\t\t<div class=\"elementor-element elementor-element-29685c1 e-con-full e-flex e-con e-child\" data-id=\"29685c1\" data-element_type=\"container\">\n\t\t\t\t<div class=\"elementor-element elementor-element-ebcfee2 elementor-widget elementor-widget-image\" data-id=\"ebcfee2\" data-element_type=\"widget\" data-widget_type=\"image.default\">\n\t\t\t\t<div class=\"elementor-widget-container\">\n\t\t\t\t\t\t\t\t\t\t\t\t\t\t\t<img fetchpriority=\"high\" decoding=\"async\" width=\"800\" height=\"451\" src=\"https:\/\/shieldingtape.com\/wp-content\/uploads\/2024\/02\/Company-Profile.jpg\" class=\"attachment-large size-large wp-image-672\" alt=\"\" srcset=\"https:\/\/shieldingtape.com\/wp-content\/uploads\/2024\/02\/Company-Profile.jpg 800w, https:\/\/shieldingtape.com\/wp-content\/uploads\/2024\/02\/Company-Profile-300x169.jpg 300w, https:\/\/shieldingtape.com\/wp-content\/uploads\/2024\/02\/Company-Profile-768x433.jpg 768w, https:\/\/shieldingtape.com\/wp-content\/uploads\/2024\/02\/Company-Profile-600x338.jpg 600w\" sizes=\"(max-width: 800px) 100vw, 800px\" \/>\t\t\t\t\t\t\t\t\t\t\t\t\t\t\t<\/div>\n\t\t\t\t<\/div>\n\t\t\t\t<\/div>\n\t\t\t\t\t<\/div>\n\t\t\t\t<\/div>\n\t\t<div class=\"elementor-element elementor-element-e889618 e-flex e-con-boxed e-con e-parent\" data-id=\"e889618\" data-element_type=\"container\">\n\t\t\t\t\t<div class=\"e-con-inner\">\n\t\t\t\t<div class=\"elementor-element elementor-element-e58615c elementor-widget elementor-widget-text-editor\" data-id=\"e58615c\" data-element_type=\"widget\" data-widget_type=\"text-editor.default\">\n\t\t\t\t<div class=\"elementor-widget-container\">\n\t\t\t\t\t\t\t\t\t<ul class=\"discitem mb-4\"><li>Nous sommes r\u00e9put\u00e9s pour produire\u00a0<span class=\"color1\">mat\u00e9riaux de blindage de haute qualit\u00e9<\/span>Nos mat\u00e9riaux de blindage sont certifi\u00e9s ISO9001 (syst\u00e8me de gestion de la qualit\u00e9), ISO14001 (syst\u00e8me de gestion de l'environnement) et ISO45001 (syst\u00e8me de gestion de la sant\u00e9).<\/li><li>Notre\u00a0<span class=\"color1\">deux m\u00e9thodes de traitement distinctes<\/span>\u00a0sont le laminage et la m\u00e9tallisation sous vide. Gr\u00e2ce \u00e0 ces m\u00e9thodes, nous pouvons laminer des films m\u00e9talliques avec des films plastiques pour cr\u00e9er des mat\u00e9riaux de blindage plus performants.<\/li><\/ul>\t\t\t\t\t\t\t\t<\/div>\n\t\t\t\t<\/div>\n\t\t\t\t\t<\/div>\n\t\t\t\t<\/div>\n\t\t<div class=\"elementor-element elementor-element-b26e3ca e-flex e-con-boxed e-con e-parent\" data-id=\"b26e3ca\" data-element_type=\"container\">\n\t\t\t\t\t<div class=\"e-con-inner\">\n\t\t<div class=\"elementor-element elementor-element-a69a817 e-con-full e-flex e-con e-child\" data-id=\"a69a817\" data-element_type=\"container\">\n\t\t\t\t<div class=\"elementor-element elementor-element-6214ff8 elementor-widget elementor-widget-image\" data-id=\"6214ff8\" data-element_type=\"widget\" data-widget_type=\"image.default\">\n\t\t\t\t<div class=\"elementor-widget-container\">\n\t\t\t\t\t\t\t\t\t\t\t\t\t\t\t<img decoding=\"async\" width=\"800\" height=\"608\" src=\"https:\/\/shieldingtape.com\/wp-content\/uploads\/2024\/02\/Slitting-Machine.jpg\" class=\"attachment-large size-large wp-image-673\" alt=\"\" srcset=\"https:\/\/shieldingtape.com\/wp-content\/uploads\/2024\/02\/Slitting-Machine.jpg 800w, https:\/\/shieldingtape.com\/wp-content\/uploads\/2024\/02\/Slitting-Machine-300x228.jpg 300w, https:\/\/shieldingtape.com\/wp-content\/uploads\/2024\/02\/Slitting-Machine-768x584.jpg 768w, https:\/\/shieldingtape.com\/wp-content\/uploads\/2024\/02\/Slitting-Machine-600x456.jpg 600w\" sizes=\"(max-width: 800px) 100vw, 800px\" \/>\t\t\t\t\t\t\t\t\t\t\t\t\t\t\t<\/div>\n\t\t\t\t<\/div>\n\t\t\t\t<\/div>\n\t\t<div class=\"elementor-element elementor-element-35afad7 e-con-full e-flex e-con e-child\" data-id=\"35afad7\" data-element_type=\"container\">\n\t\t\t\t<div class=\"elementor-element elementor-element-d9b91dd elementor-widget elementor-widget-image\" data-id=\"d9b91dd\" data-element_type=\"widget\" data-widget_type=\"image.default\">\n\t\t\t\t<div class=\"elementor-widget-container\">\n\t\t\t\t\t\t\t\t\t\t\t\t\t\t\t<img decoding=\"async\" width=\"800\" height=\"608\" src=\"https:\/\/shieldingtape.com\/wp-content\/uploads\/2024\/02\/about-us_02.jpg\" class=\"attachment-large size-large wp-image-674\" alt=\"\" srcset=\"https:\/\/shieldingtape.com\/wp-content\/uploads\/2024\/02\/about-us_02.jpg 800w, https:\/\/shieldingtape.com\/wp-content\/uploads\/2024\/02\/about-us_02-300x228.jpg 300w, https:\/\/shieldingtape.com\/wp-content\/uploads\/2024\/02\/about-us_02-768x584.jpg 768w, https:\/\/shieldingtape.com\/wp-content\/uploads\/2024\/02\/about-us_02-600x456.jpg 600w\" sizes=\"(max-width: 800px) 100vw, 800px\" \/>\t\t\t\t\t\t\t\t\t\t\t\t\t\t\t<\/div>\n\t\t\t\t<\/div>\n\t\t\t\t<\/div>\n\t\t<div class=\"elementor-element elementor-element-7a4598d e-con-full e-flex e-con e-child\" data-id=\"7a4598d\" data-element_type=\"container\">\n\t\t<div class=\"elementor-element elementor-element-c555443 e-flex e-con-boxed e-con e-child\" data-id=\"c555443\" data-element_type=\"container\">\n\t\t\t\t\t<div class=\"e-con-inner\">\n\t\t\t\t<div class=\"elementor-element elementor-element-79e8052 elementor-widget elementor-widget-image\" data-id=\"79e8052\" data-element_type=\"widget\" data-widget_type=\"image.default\">\n\t\t\t\t<div class=\"elementor-widget-container\">\n\t\t\t\t\t\t\t\t\t\t\t\t\t\t\t<img loading=\"lazy\" decoding=\"async\" width=\"800\" height=\"300\" src=\"https:\/\/shieldingtape.com\/wp-content\/uploads\/2024\/02\/about-us_03.jpg\" class=\"attachment-large size-large wp-image-675\" alt=\"\" srcset=\"https:\/\/shieldingtape.com\/wp-content\/uploads\/2024\/02\/about-us_03.jpg 800w, https:\/\/shieldingtape.com\/wp-content\/uploads\/2024\/02\/about-us_03-300x113.jpg 300w, https:\/\/shieldingtape.com\/wp-content\/uploads\/2024\/02\/about-us_03-768x288.jpg 768w, https:\/\/shieldingtape.com\/wp-content\/uploads\/2024\/02\/about-us_03-600x225.jpg 600w\" sizes=\"(max-width: 800px) 100vw, 800px\" \/>\t\t\t\t\t\t\t\t\t\t\t\t\t\t\t<\/div>\n\t\t\t\t<\/div>\n\t\t\t\t\t<\/div>\n\t\t\t\t<\/div>\n\t\t<div class=\"elementor-element elementor-element-e50b62b e-flex e-con-boxed e-con e-child\" data-id=\"e50b62b\" data-element_type=\"container\">\n\t\t\t\t\t<div class=\"e-con-inner\">\n\t\t\t\t<div class=\"elementor-element elementor-element-e68781f elementor-widget elementor-widget-image\" data-id=\"e68781f\" data-element_type=\"widget\" data-widget_type=\"image.default\">\n\t\t\t\t<div class=\"elementor-widget-container\">\n\t\t\t\t\t\t\t\t\t\t\t\t\t\t\t<img loading=\"lazy\" decoding=\"async\" width=\"800\" height=\"300\" src=\"https:\/\/shieldingtape.com\/wp-content\/uploads\/2024\/02\/about-us_04b.jpg\" class=\"attachment-large size-large wp-image-676\" alt=\"\" srcset=\"https:\/\/shieldingtape.com\/wp-content\/uploads\/2024\/02\/about-us_04b.jpg 800w, https:\/\/shieldingtape.com\/wp-content\/uploads\/2024\/02\/about-us_04b-300x113.jpg 300w, https:\/\/shieldingtape.com\/wp-content\/uploads\/2024\/02\/about-us_04b-768x288.jpg 768w, https:\/\/shieldingtape.com\/wp-content\/uploads\/2024\/02\/about-us_04b-600x225.jpg 600w\" sizes=\"(max-width: 800px) 100vw, 800px\" \/>\t\t\t\t\t\t\t\t\t\t\t\t\t\t\t<\/div>\n\t\t\t\t<\/div>\n\t\t\t\t\t<\/div>\n\t\t\t\t<\/div>\n\t\t\t\t<\/div>\n\t\t\t\t\t<\/div>\n\t\t\t\t<\/div>\n\t\t<div class=\"elementor-element elementor-element-9f4c2a4 e-flex e-con-boxed e-con e-parent\" data-id=\"9f4c2a4\" data-element_type=\"container\">\n\t\t\t\t\t<div class=\"e-con-inner\">\n\t\t\t\t<div class=\"elementor-element elementor-element-854025f elementor-widget elementor-widget-heading\" data-id=\"854025f\" data-element_type=\"widget\" data-widget_type=\"heading.default\">\n\t\t\t\t<div class=\"elementor-widget-container\">\n\t\t\t\t\t<h2 class=\"elementor-heading-title elementor-size-default\">Attestation\n<\/h2>\t\t\t\t<\/div>\n\t\t\t\t<\/div>\n\t\t\t\t\t<\/div>\n\t\t\t\t<\/div>\n\t\t<div class=\"elementor-element elementor-element-ce40418 e-flex e-con-boxed e-con e-parent\" data-id=\"ce40418\" data-element_type=\"container\">\n\t\t\t\t\t<div class=\"e-con-inner\">\n\t\t<div class=\"elementor-element elementor-element-bbf283f e-con-full e-flex e-con e-child\" data-id=\"bbf283f\" data-element_type=\"container\">\n\t\t\t\t<div class=\"elementor-element elementor-element-ff1277f elementor-widget elementor-widget-image\" data-id=\"ff1277f\" data-element_type=\"widget\" data-widget_type=\"image.default\">\n\t\t\t\t<div class=\"elementor-widget-container\">\n\t\t\t\t\t\t\t\t\t\t\t\t\t\t\t<img loading=\"lazy\" decoding=\"async\" width=\"600\" height=\"819\" src=\"https:\/\/shieldingtape.com\/wp-content\/uploads\/2024\/02\/certification_01.jpg\" class=\"attachment-large size-large wp-image-677\" alt=\"\" srcset=\"https:\/\/shieldingtape.com\/wp-content\/uploads\/2024\/02\/certification_01.jpg 600w, https:\/\/shieldingtape.com\/wp-content\/uploads\/2024\/02\/certification_01-220x300.jpg 220w\" sizes=\"(max-width: 600px) 100vw, 600px\" \/>\t\t\t\t\t\t\t\t\t\t\t\t\t\t\t<\/div>\n\t\t\t\t<\/div>\n\t\t\t\t<div class=\"elementor-element elementor-element-fba21ea elementor-widget elementor-widget-text-editor\" data-id=\"fba21ea\" data-element_type=\"widget\" data-widget_type=\"text-editor.default\">\n\t\t\t\t<div class=\"elementor-widget-container\">\n\t\t\t\t\t\t\t\t\t<p>Certification IECQ (anglais)<\/p>\t\t\t\t\t\t\t\t<\/div>\n\t\t\t\t<\/div>\n\t\t\t\t<\/div>\n\t\t<div class=\"elementor-element elementor-element-987a49d e-con-full e-flex e-con e-child\" data-id=\"987a49d\" data-element_type=\"container\">\n\t\t\t\t<div class=\"elementor-element elementor-element-5b768ad elementor-widget elementor-widget-image\" data-id=\"5b768ad\" data-element_type=\"widget\" data-widget_type=\"image.default\">\n\t\t\t\t<div class=\"elementor-widget-container\">\n\t\t\t\t\t\t\t\t\t\t\t\t\t\t\t<img loading=\"lazy\" decoding=\"async\" width=\"400\" height=\"546\" src=\"https:\/\/shieldingtape.com\/wp-content\/uploads\/2024\/02\/ISO9001_2015.jpg\" class=\"attachment-large size-large wp-image-681\" alt=\"\" srcset=\"https:\/\/shieldingtape.com\/wp-content\/uploads\/2024\/02\/ISO9001_2015.jpg 400w, https:\/\/shieldingtape.com\/wp-content\/uploads\/2024\/02\/ISO9001_2015-220x300.jpg 220w\" sizes=\"(max-width: 400px) 100vw, 400px\" \/>\t\t\t\t\t\t\t\t\t\t\t\t\t\t\t<\/div>\n\t\t\t\t<\/div>\n\t\t\t\t<div class=\"elementor-element elementor-element-e51a155 elementor-widget elementor-widget-text-editor\" data-id=\"e51a155\" data-element_type=\"widget\" data-widget_type=\"text-editor.default\">\n\t\t\t\t<div class=\"elementor-widget-container\">\n\t\t\t\t\t\t\t\t\t<p>ISO9001:2015<\/p>\t\t\t\t\t\t\t\t<\/div>\n\t\t\t\t<\/div>\n\t\t\t\t<\/div>\n\t\t<div class=\"elementor-element elementor-element-fa9c9db e-con-full e-flex e-con e-child\" data-id=\"fa9c9db\" data-element_type=\"container\">\n\t\t\t\t<div class=\"elementor-element elementor-element-58854fe elementor-widget elementor-widget-image\" data-id=\"58854fe\" data-element_type=\"widget\" data-widget_type=\"image.default\">\n\t\t\t\t<div class=\"elementor-widget-container\">\n\t\t\t\t\t\t\t\t\t\t\t\t\t\t\t<img loading=\"lazy\" decoding=\"async\" width=\"400\" height=\"546\" src=\"https:\/\/shieldingtape.com\/wp-content\/uploads\/2024\/02\/certification_03b.jpg\" class=\"attachment-large size-large wp-image-678\" alt=\"\" srcset=\"https:\/\/shieldingtape.com\/wp-content\/uploads\/2024\/02\/certification_03b.jpg 400w, https:\/\/shieldingtape.com\/wp-content\/uploads\/2024\/02\/certification_03b-220x300.jpg 220w\" sizes=\"(max-width: 400px) 100vw, 400px\" \/>\t\t\t\t\t\t\t\t\t\t\t\t\t\t\t<\/div>\n\t\t\t\t<\/div>\n\t\t\t\t<div class=\"elementor-element elementor-element-e0d80f3 elementor-widget elementor-widget-text-editor\" data-id=\"e0d80f3\" data-element_type=\"widget\" data-widget_type=\"text-editor.default\">\n\t\t\t\t<div class=\"elementor-widget-container\">\n\t\t\t\t\t\t\t\t\t<p>ISO14001:2015<\/p>\t\t\t\t\t\t\t\t<\/div>\n\t\t\t\t<\/div>\n\t\t\t\t<\/div>\n\t\t<div class=\"elementor-element elementor-element-35cec8a e-con-full e-flex e-con e-child\" data-id=\"35cec8a\" data-element_type=\"container\">\n\t\t\t\t<div class=\"elementor-element elementor-element-f841326 elementor-widget elementor-widget-image\" data-id=\"f841326\" data-element_type=\"widget\" data-widget_type=\"image.default\">\n\t\t\t\t<div class=\"elementor-widget-container\">\n\t\t\t\t\t\t\t\t\t\t\t\t\t\t\t<img loading=\"lazy\" decoding=\"async\" width=\"600\" height=\"819\" src=\"https:\/\/shieldingtape.com\/wp-content\/uploads\/2024\/02\/certification_04.jpg\" class=\"attachment-large size-large wp-image-680\" alt=\"\" srcset=\"https:\/\/shieldingtape.com\/wp-content\/uploads\/2024\/02\/certification_04.jpg 600w, https:\/\/shieldingtape.com\/wp-content\/uploads\/2024\/02\/certification_04-220x300.jpg 220w\" sizes=\"(max-width: 600px) 100vw, 600px\" \/>\t\t\t\t\t\t\t\t\t\t\t\t\t\t\t<\/div>\n\t\t\t\t<\/div>\n\t\t\t\t<div class=\"elementor-element elementor-element-5a671a9 elementor-widget elementor-widget-text-editor\" data-id=\"5a671a9\" data-element_type=\"widget\" data-widget_type=\"text-editor.default\">\n\t\t\t\t<div class=\"elementor-widget-container\">\n\t\t\t\t\t\t\t\t\t<p>ISO45001:2018<\/p>\t\t\t\t\t\t\t\t<\/div>\n\t\t\t\t<\/div>\n\t\t\t\t<\/div>\n\t\t\t\t\t<\/div>\n\t\t\t\t<\/div>\n\t\t<div class=\"elementor-element elementor-element-a6933db e-flex e-con-boxed e-con e-parent\" data-id=\"a6933db\" data-element_type=\"container\">\n\t\t\t\t\t<div class=\"e-con-inner\">\n\t\t<div class=\"elementor-element elementor-element-2c86803 e-flex e-con-boxed e-con e-child\" data-id=\"2c86803\" data-element_type=\"container\">\n\t\t\t\t\t<div class=\"e-con-inner\">\n\t\t\t\t<div class=\"elementor-element elementor-element-593acdc elementor-widget-divider--view-line_text elementor-widget-divider--element-align-center elementor-widget elementor-widget-divider\" data-id=\"593acdc\" data-element_type=\"widget\" data-widget_type=\"divider.default\">\n\t\t\t\t<div class=\"elementor-widget-container\">\n\t\t\t\t\t\t\t<div class=\"elementor-divider\">\n\t\t\t<span class=\"elementor-divider-separator\">\n\t\t\t\t\t\t\t<span class=\"elementor-divider__text elementor-divider__element\">\n\t\t\t\t<b>Mat\u00e9riaux de blindage<\/b>\t\t\t\t<\/span>\n\t\t\t\t\t\t<\/span>\n\t\t<\/div>\n\t\t\t\t\t\t<\/div>\n\t\t\t\t<\/div>\n\t\t\t\t\t<\/div>\n\t\t\t\t<\/div>\n\t\t\t\t\t<\/div>\n\t\t\t\t<\/div>\n\t\t\t\t<\/div>","protected":false},"excerpt":{"rendered":"<p>Fabricant de mat\u00e9riaux de blindage Depuis 2012, des clients du monde entier font confiance \u00e0 Guangdong Hechuan New Material Technology Co. pour la production et la fabrication de mat\u00e9riaux de blindage. Nous offrons une vari\u00e9t\u00e9 de mat\u00e9riaux de blindage, y compris des rubans de film de polyester, des rubans de feuille d'aluminium, des rubans de feuille de cuivre, des tissus conducteurs et plus encore. De plus, nos mat\u00e9riaux de blindage [...]<\/p>","protected":false},"author":1,"featured_media":0,"parent":0,"menu_order":0,"comment_status":"closed","ping_status":"closed","template":"elementor_header_footer","meta":{"footnotes":""},"class_list":["post-75","page","type-page","status-publish","hentry"],"_links":{"self":[{"href":"https:\/\/shieldingtape.com\/fr\/wp-json\/wp\/v2\/pages\/75","targetHints":{"allow":["GET"]}}],"collection":[{"href":"https:\/\/shieldingtape.com\/fr\/wp-json\/wp\/v2\/pages"}],"about":[{"href":"https:\/\/shieldingtape.com\/fr\/wp-json\/wp\/v2\/types\/page"}],"author":[{"embeddable":true,"href":"https:\/\/shieldingtape.com\/fr\/wp-json\/wp\/v2\/users\/1"}],"replies":[{"embeddable":true,"href":"https:\/\/shieldingtape.com\/fr\/wp-json\/wp\/v2\/comments?post=75"}],"version-history":[{"count":7,"href":"https:\/\/shieldingtape.com\/fr\/wp-json\/wp\/v2\/pages\/75\/revisions"}],"predecessor-version":[{"id":684,"href":"https:\/\/shieldingtape.com\/fr\/wp-json\/wp\/v2\/pages\/75\/revisions\/684"}],"wp:attachment":[{"href":"https:\/\/shieldingtape.com\/fr\/wp-json\/wp\/v2\/media?parent=75"}],"curies":[{"name":"wp","href":"https:\/\/api.w.org\/{rel}","templated":true}]}}