{"id":69,"date":"2024-01-21T16:57:58","date_gmt":"2024-01-21T16:57:58","guid":{"rendered":"https:\/\/shieldingtape.com\/?page_id=69"},"modified":"2024-03-11T11:37:22","modified_gmt":"2024-03-11T11:37:22","slug":"medical","status":"publish","type":"page","link":"https:\/\/shieldingtape.com\/fr\/medical\/","title":{"rendered":"M\u00e9dical"},"content":{"rendered":"<div data-elementor-type=\"wp-page\" data-elementor-id=\"69\" class=\"elementor elementor-69\">\n\t\t\t\t<div class=\"elementor-element elementor-element-1f445adb e-con-full e-flex e-con e-parent\" data-id=\"1f445adb\" data-element_type=\"container\" data-settings=\"{&quot;background_background&quot;:&quot;classic&quot;}\">\n\t\t\t\t<div class=\"elementor-element elementor-element-74f108db elementor-widget elementor-widget-heading\" data-id=\"74f108db\" data-element_type=\"widget\" data-widget_type=\"heading.default\">\n\t\t\t\t<div class=\"elementor-widget-container\">\n\t\t\t\t\t<h1 class=\"elementor-heading-title elementor-size-default\">Rubans et films de blindage pour le secteur m\u00e9dical\n<\/h1>\t\t\t\t<\/div>\n\t\t\t\t<\/div>\n\t\t\t\t<\/div>\n\t\t<div class=\"elementor-element elementor-element-3004f329 e-flex e-con-boxed e-con e-parent\" data-id=\"3004f329\" data-element_type=\"container\">\n\t\t\t\t\t<div class=\"e-con-inner\">\n\t\t<div class=\"elementor-element elementor-element-70fe25f e-con-full e-flex e-con e-child\" data-id=\"70fe25f\" data-element_type=\"container\">\n\t\t\t\t<div class=\"elementor-element elementor-element-29be05da elementor-widget elementor-widget-image\" data-id=\"29be05da\" data-element_type=\"widget\" data-widget_type=\"image.default\">\n\t\t\t\t<div class=\"elementor-widget-container\">\n\t\t\t\t\t\t\t\t\t\t\t\t\t\t\t<img fetchpriority=\"high\" decoding=\"async\" width=\"800\" height=\"533\" src=\"https:\/\/shieldingtape.com\/wp-content\/uploads\/2024\/02\/Capabilities.jpg\" class=\"attachment-large size-large wp-image-595\" alt=\"\" srcset=\"https:\/\/shieldingtape.com\/wp-content\/uploads\/2024\/02\/Capabilities.jpg 800w, https:\/\/shieldingtape.com\/wp-content\/uploads\/2024\/02\/Capabilities-300x200.jpg 300w, https:\/\/shieldingtape.com\/wp-content\/uploads\/2024\/02\/Capabilities-768x512.jpg 768w, https:\/\/shieldingtape.com\/wp-content\/uploads\/2024\/02\/Capabilities-600x400.jpg 600w\" sizes=\"(max-width: 800px) 100vw, 800px\" \/>\t\t\t\t\t\t\t\t\t\t\t\t\t\t\t<\/div>\n\t\t\t\t<\/div>\n\t\t\t\t<\/div>\n\t\t<div class=\"elementor-element elementor-element-12e54d9b e-con-full e-flex e-con e-child\" data-id=\"12e54d9b\" data-element_type=\"container\">\n\t\t\t\t<div class=\"elementor-element elementor-element-72cb7c43 elementor-widget elementor-widget-text-editor\" data-id=\"72cb7c43\" data-element_type=\"widget\" data-widget_type=\"text-editor.default\">\n\t\t\t\t<div class=\"elementor-widget-container\">\n\t\t\t\t\t\t\t\t\t<p>Nous proposons des produits sp\u00e9cialement con\u00e7us pour la fabrication de fils pour dispositifs m\u00e9dicaux. Nous travaillons en \u00e9troite collaboration avec les fabricants de fils pour dispositifs m\u00e9dicaux afin de garantir que ces dispositifs sp\u00e9cialis\u00e9s soient plus stables et plus s\u00fbrs, de sorte que les professionnels de la sant\u00e9 et les patients puissent les utiliser efficacement. Nous sommes sp\u00e9cialis\u00e9s dans le d\u00e9veloppement de rev\u00eatements de haute pr\u00e9cision, de mat\u00e9riaux l\u00e9gers et d'autres applications uniques.<\/p><p class=\"mb-2\"><strong>Dimensions du produit<\/strong><\/p><ul class=\"discitem1\"><li>\u00c9paisseur totale : (10\u03bcm \u00e0 &gt;100\u03bcm) \u00b13\u03bcm<\/li><li>\u00c9paisseur de la couche de base non m\u00e9tallique : (\u22651,6\u03bcm).<\/li><li>\u00c9paisseur de la couche m\u00e9tallique : (\u22650,1\u03bcm)<\/li><li>R\u00e9sistance \u00e0 la traction : \u226530Mpa<\/li><li>Largeur : 0,5 mm \u00e0 990 mm<\/li><li>Allongement : \u226530% Min<\/li><li>R\u00e9sistance au thermoscellage : 3.5KG<\/li><\/ul>\t\t\t\t\t\t\t\t<\/div>\n\t\t\t\t<\/div>\n\t\t\t\t<\/div>\n\t\t\t\t\t<\/div>\n\t\t\t\t<\/div>\n\t\t<div class=\"elementor-element elementor-element-31ce3596 e-flex e-con-boxed e-con e-parent\" data-id=\"31ce3596\" data-element_type=\"container\">\n\t\t\t\t\t<div class=\"e-con-inner\">\n\t\t\t\t<div class=\"elementor-element elementor-element-4944c649 elementor-widget elementor-widget-heading\" data-id=\"4944c649\" data-element_type=\"widget\" data-widget_type=\"heading.default\">\n\t\t\t\t<div class=\"elementor-widget-container\">\n\t\t\t\t\t<h2 class=\"elementor-heading-title elementor-size-default\">Recommandations<\/h2>\t\t\t\t<\/div>\n\t\t\t\t<\/div>\n\t\t\t\t\t<\/div>\n\t\t\t\t<\/div>\n\t\t<div class=\"elementor-element elementor-element-183c9efc e-flex e-con-boxed e-con e-parent\" data-id=\"183c9efc\" data-element_type=\"container\">\n\t\t\t\t\t<div class=\"e-con-inner\">\n\t\t<div class=\"elementor-element elementor-element-2633f42b e-con-full e-flex e-con e-child\" data-id=\"2633f42b\" data-element_type=\"container\" data-settings=\"{&quot;background_background&quot;:&quot;classic&quot;}\">\n\t\t\t\t<div class=\"elementor-element elementor-element-5ca5c989 elementor-widget elementor-widget-heading\" data-id=\"5ca5c989\" data-element_type=\"widget\" data-widget_type=\"heading.default\">\n\t\t\t\t<div class=\"elementor-widget-container\">\n\t\t\t\t\t<h2 class=\"elementor-heading-title elementor-size-default\">Stratifi\u00e9s de blindage pour l'automobile<\/h2>\t\t\t\t<\/div>\n\t\t\t\t<\/div>\n\t\t\t\t<\/div>\n\t\t<div class=\"elementor-element elementor-element-79491813 e-con-full e-flex e-con e-child\" data-id=\"79491813\" data-element_type=\"container\" data-settings=\"{&quot;background_background&quot;:&quot;classic&quot;}\">\n\t\t\t\t<div class=\"elementor-element elementor-element-614f6ec8 elementor-widget elementor-widget-heading\" data-id=\"614f6ec8\" data-element_type=\"widget\" data-widget_type=\"heading.default\">\n\t\t\t\t<div class=\"elementor-widget-container\">\n\t\t\t\t\t<h2 class=\"elementor-heading-title elementor-size-default\">Stratifi\u00e9s de blindage pour l'automobile<\/h2>\t\t\t\t<\/div>\n\t\t\t\t<\/div>\n\t\t\t\t<\/div>\n\t\t\t\t\t<\/div>\n\t\t\t\t<\/div>\n\t\t<div class=\"elementor-element elementor-element-9e1e16f e-flex e-con-boxed e-con e-parent\" data-id=\"9e1e16f\" data-element_type=\"container\">\n\t\t\t\t\t<div class=\"e-con-inner\">\n\t\t<div class=\"elementor-element elementor-element-1f8dbfe7 e-con-full e-flex e-con e-child\" data-id=\"1f8dbfe7\" data-element_type=\"container\" data-settings=\"{&quot;background_background&quot;:&quot;classic&quot;}\">\n\t\t\t\t<div class=\"elementor-element elementor-element-731ec350 elementor-position-left elementor-vertical-align-middle elementor-widget elementor-widget-image-box\" data-id=\"731ec350\" data-element_type=\"widget\" data-widget_type=\"image-box.default\">\n\t\t\t\t<div class=\"elementor-widget-container\">\n\t\t\t\t\t<div class=\"elementor-image-box-wrapper\"><figure class=\"elementor-image-box-img\"><a href=\"https:\/\/shieldingtape.com\/fr\/automobile\/\" tabindex=\"-1\"><img decoding=\"async\" width=\"500\" height=\"333\" src=\"https:\/\/shieldingtape.com\/wp-content\/uploads\/2024\/02\/automotive_01b.jpg\" class=\"attachment-full size-full wp-image-554\" alt=\"\" srcset=\"https:\/\/shieldingtape.com\/wp-content\/uploads\/2024\/02\/automotive_01b.jpg 500w, https:\/\/shieldingtape.com\/wp-content\/uploads\/2024\/02\/automotive_01b-300x200.jpg 300w\" sizes=\"(max-width: 500px) 100vw, 500px\" \/><\/a><\/figure><div class=\"elementor-image-box-content\"><h3 class=\"elementor-image-box-title\"><a href=\"https:\/\/shieldingtape.com\/fr\/automobile\/\">Automobile<\/a><\/h3><\/div><\/div>\t\t\t\t<\/div>\n\t\t\t\t<\/div>\n\t\t\t\t<\/div>\n\t\t<div class=\"elementor-element elementor-element-732c8632 e-con-full e-flex e-con e-child\" data-id=\"732c8632\" data-element_type=\"container\" data-settings=\"{&quot;background_background&quot;:&quot;classic&quot;}\">\n\t\t\t\t<div class=\"elementor-element elementor-element-4e5e7b44 elementor-position-left elementor-vertical-align-middle elementor-widget elementor-widget-image-box\" data-id=\"4e5e7b44\" data-element_type=\"widget\" data-widget_type=\"image-box.default\">\n\t\t\t\t<div class=\"elementor-widget-container\">\n\t\t\t\t\t<div class=\"elementor-image-box-wrapper\"><figure class=\"elementor-image-box-img\"><a href=\"https:\/\/shieldingtape.com\/fr\/communication\/\" tabindex=\"-1\"><img decoding=\"async\" width=\"500\" height=\"333\" src=\"https:\/\/shieldingtape.com\/wp-content\/uploads\/2024\/02\/communication_01b.jpg\" class=\"attachment-full size-full wp-image-555\" alt=\"\" srcset=\"https:\/\/shieldingtape.com\/wp-content\/uploads\/2024\/02\/communication_01b.jpg 500w, https:\/\/shieldingtape.com\/wp-content\/uploads\/2024\/02\/communication_01b-300x200.jpg 300w\" sizes=\"(max-width: 500px) 100vw, 500px\" \/><\/a><\/figure><div class=\"elementor-image-box-content\"><h3 class=\"elementor-image-box-title\"><a href=\"https:\/\/shieldingtape.com\/fr\/communication\/\">Communication<\/a><\/h3><\/div><\/div>\t\t\t\t<\/div>\n\t\t\t\t<\/div>\n\t\t\t\t<\/div>\n\t\t<div class=\"elementor-element elementor-element-72adda83 e-con-full e-flex e-con e-child\" data-id=\"72adda83\" data-element_type=\"container\" data-settings=\"{&quot;background_background&quot;:&quot;classic&quot;}\">\n\t\t\t\t<div class=\"elementor-element elementor-element-5f599c82 elementor-position-left elementor-vertical-align-middle elementor-widget elementor-widget-image-box\" data-id=\"5f599c82\" data-element_type=\"widget\" data-widget_type=\"image-box.default\">\n\t\t\t\t<div class=\"elementor-widget-container\">\n\t\t\t\t\t<div class=\"elementor-image-box-wrapper\"><figure class=\"elementor-image-box-img\"><a href=\"https:\/\/shieldingtape.com\/fr\/secteurs-dactivite\/\" tabindex=\"-1\"><img loading=\"lazy\" decoding=\"async\" width=\"500\" height=\"333\" src=\"https:\/\/shieldingtape.com\/wp-content\/uploads\/2024\/02\/Industrial.jpg\" class=\"attachment-full size-full wp-image-556\" alt=\"\" srcset=\"https:\/\/shieldingtape.com\/wp-content\/uploads\/2024\/02\/Industrial.jpg 500w, https:\/\/shieldingtape.com\/wp-content\/uploads\/2024\/02\/Industrial-300x200.jpg 300w\" sizes=\"(max-width: 500px) 100vw, 500px\" \/><\/a><\/figure><div class=\"elementor-image-box-content\"><h3 class=\"elementor-image-box-title\"><a href=\"https:\/\/shieldingtape.com\/fr\/secteurs-dactivite\/\">Industriel<\/a><\/h3><\/div><\/div>\t\t\t\t<\/div>\n\t\t\t\t<\/div>\n\t\t\t\t<\/div>\n\t\t<div class=\"elementor-element elementor-element-7f24913a e-flex e-con-boxed e-con e-child\" data-id=\"7f24913a\" data-element_type=\"container\" data-settings=\"{&quot;background_background&quot;:&quot;classic&quot;}\">\n\t\t\t\t\t<div class=\"e-con-inner\">\n\t\t\t\t<div class=\"elementor-element elementor-element-853486a elementor-position-left elementor-vertical-align-middle elementor-widget elementor-widget-image-box\" data-id=\"853486a\" data-element_type=\"widget\" data-widget_type=\"image-box.default\">\n\t\t\t\t<div class=\"elementor-widget-container\">\n\t\t\t\t\t<div class=\"elementor-image-box-wrapper\"><figure class=\"elementor-image-box-img\"><a href=\"https:\/\/shieldingtape.com\/fr\/medical\/\" tabindex=\"-1\"><img loading=\"lazy\" decoding=\"async\" width=\"500\" height=\"333\" src=\"https:\/\/shieldingtape.com\/wp-content\/uploads\/2024\/02\/medical_01b.jpg\" class=\"attachment-full size-full wp-image-557\" alt=\"\" srcset=\"https:\/\/shieldingtape.com\/wp-content\/uploads\/2024\/02\/medical_01b.jpg 500w, https:\/\/shieldingtape.com\/wp-content\/uploads\/2024\/02\/medical_01b-300x200.jpg 300w\" sizes=\"(max-width: 500px) 100vw, 500px\" \/><\/a><\/figure><div class=\"elementor-image-box-content\"><h3 class=\"elementor-image-box-title\"><a href=\"https:\/\/shieldingtape.com\/fr\/medical\/\">M\u00e9dical<\/a><\/h3><\/div><\/div>\t\t\t\t<\/div>\n\t\t\t\t<\/div>\n\t\t\t\t\t<\/div>\n\t\t\t\t<\/div>\n\t\t\t\t\t<\/div>\n\t\t\t\t<\/div>\n\t\t<div class=\"elementor-element elementor-element-1b030ab0 e-con-full e-flex e-con e-parent\" data-id=\"1b030ab0\" data-element_type=\"container\">\n\t\t<div class=\"elementor-element elementor-element-475e3c32 e-con-full e-flex e-con e-child\" data-id=\"475e3c32\" data-element_type=\"container\" data-settings=\"{&quot;background_background&quot;:&quot;classic&quot;}\">\n\t\t\t\t<div class=\"elementor-element elementor-element-442de4c elementor-widget elementor-widget-heading\" data-id=\"442de4c\" data-element_type=\"widget\" data-widget_type=\"heading.default\">\n\t\t\t\t<div class=\"elementor-widget-container\">\n\t\t\t\t\t<h2 class=\"elementor-heading-title elementor-size-default\">Besoin d'aide pour trouver le bon produit ?<\/h2>\t\t\t\t<\/div>\n\t\t\t\t<\/div>\n\t\t\t\t<div class=\"elementor-element elementor-element-3add0518 elementor-widget elementor-widget-text-editor\" data-id=\"3add0518\" data-element_type=\"widget\" data-widget_type=\"text-editor.default\">\n\t\t\t\t<div class=\"elementor-widget-container\">\n\t\t\t\t\t\t\t\t\t<p>Contactez-nous pour entamer la conversation d\u00e8s aujourd'hui<\/p>\t\t\t\t\t\t\t\t<\/div>\n\t\t\t\t<\/div>\n\t\t\t\t<div class=\"elementor-element elementor-element-3b2f741a elementor-widget elementor-widget-button\" data-id=\"3b2f741a\" data-element_type=\"widget\" data-widget_type=\"button.default\">\n\t\t\t\t<div class=\"elementor-widget-container\">\n\t\t\t\t\t\t\t\t\t<div class=\"elementor-button-wrapper\">\n\t\t\t\t\t<a class=\"elementor-button elementor-button-link elementor-size-sm\" href=\"https:\/\/shieldingtape.com\/fr\/contact\/\">\n\t\t\t\t\t\t<span class=\"elementor-button-content-wrapper\">\n\t\t\t\t\t\t\t\t\t<span class=\"elementor-button-text\">Nous contacter<\/span>\n\t\t\t\t\t<\/span>\n\t\t\t\t\t<\/a>\n\t\t\t\t<\/div>\n\t\t\t\t\t\t\t\t<\/div>\n\t\t\t\t<\/div>\n\t\t\t\t<\/div>\n\t\t\t\t<\/div>\n\t\t<div class=\"elementor-element elementor-element-50c14c84 e-flex e-con-boxed e-con e-parent\" data-id=\"50c14c84\" data-element_type=\"container\">\n\t\t\t\t\t<div class=\"e-con-inner\">\n\t\t<div class=\"elementor-element elementor-element-107edbf4 e-flex e-con-boxed e-con e-child\" data-id=\"107edbf4\" data-element_type=\"container\">\n\t\t\t\t\t<div class=\"e-con-inner\">\n\t\t<div class=\"elementor-element elementor-element-3922f0bc e-con-full e-flex e-con e-child\" data-id=\"3922f0bc\" data-element_type=\"container\">\n\t\t\t\t<div class=\"elementor-element elementor-element-14e1141 elementor-widget elementor-widget-image\" data-id=\"14e1141\" data-element_type=\"widget\" data-widget_type=\"image.default\">\n\t\t\t\t<div class=\"elementor-widget-container\">\n\t\t\t\t\t\t\t\t\t\t\t\t\t\t\t<img loading=\"lazy\" decoding=\"async\" width=\"800\" height=\"533\" src=\"https:\/\/shieldingtape.com\/wp-content\/uploads\/2024\/01\/Capabilities.jpg\" class=\"attachment-large size-large wp-image-136\" alt=\"\" srcset=\"https:\/\/shieldingtape.com\/wp-content\/uploads\/2024\/01\/Capabilities.jpg 800w, https:\/\/shieldingtape.com\/wp-content\/uploads\/2024\/01\/Capabilities-300x200.jpg 300w, https:\/\/shieldingtape.com\/wp-content\/uploads\/2024\/01\/Capabilities-768x512.jpg 768w, https:\/\/shieldingtape.com\/wp-content\/uploads\/2024\/01\/Capabilities-600x400.jpg 600w\" sizes=\"(max-width: 800px) 100vw, 800px\" \/>\t\t\t\t\t\t\t\t\t\t\t\t\t\t\t<\/div>\n\t\t\t\t<\/div>\n\t\t\t\t<\/div>\n\t\t<div class=\"elementor-element elementor-element-1d535725 e-con-full e-flex e-con e-child\" data-id=\"1d535725\" data-element_type=\"container\" data-settings=\"{&quot;background_background&quot;:&quot;gradient&quot;}\">\n\t\t<div class=\"elementor-element elementor-element-21808b57 e-con-full e-flex e-con e-child\" data-id=\"21808b57\" data-element_type=\"container\" data-settings=\"{&quot;background_background&quot;:&quot;classic&quot;}\">\n\t\t\t\t<div class=\"elementor-element elementor-element-26a4a9a7 elementor-widget elementor-widget-heading\" data-id=\"26a4a9a7\" data-element_type=\"widget\" data-widget_type=\"heading.default\">\n\t\t\t\t<div class=\"elementor-widget-container\">\n\t\t\t\t\t<h2 class=\"elementor-heading-title elementor-size-default\">Capacit\u00e9s<\/h2>\t\t\t\t<\/div>\n\t\t\t\t<\/div>\n\t\t\t\t<div class=\"elementor-element elementor-element-7b00a210 elementor-widget-divider--view-line elementor-widget elementor-widget-divider\" data-id=\"7b00a210\" data-element_type=\"widget\" data-widget_type=\"divider.default\">\n\t\t\t\t<div class=\"elementor-widget-container\">\n\t\t\t\t\t\t\t<div class=\"elementor-divider\">\n\t\t\t<span class=\"elementor-divider-separator\">\n\t\t\t\t\t\t<\/span>\n\t\t<\/div>\n\t\t\t\t\t\t<\/div>\n\t\t\t\t<\/div>\n\t\t\t\t<div class=\"elementor-element elementor-element-71db606c elementor-widget elementor-widget-text-editor\" data-id=\"71db606c\" data-element_type=\"widget\" data-widget_type=\"text-editor.default\">\n\t\t\t\t<div class=\"elementor-widget-container\">\n\t\t\t\t\t\t\t\t\t<p>Lib\u00e9rez les possibilit\u00e9s gr\u00e2ce \u00e0 notre expertise en laminage et cr\u00e9ez des structures multicouches avec des substrats flexibles adapt\u00e9s aux besoins de votre projet. Avec plus d\u2019une d\u00e9cennie d\u2019exp\u00e9rience, nous proposons des stratifi\u00e9s dans une vari\u00e9t\u00e9 de mat\u00e9riaux.<\/p><p>D\u00e9couvrez la m\u00e9tallisation sous vide \u2013 un proc\u00e9d\u00e9 pr\u00e9cis de d\u00e9p\u00f4t de m\u00e9tal sur des pi\u00e8ces en plastique dans une chambre \u00e0 vide. Nous sommes votre partenaire pour des traitements de surfaces respectueux de l&#039;environnement.<\/p>\t\t\t\t\t\t\t\t<\/div>\n\t\t\t\t<\/div>\n\t\t\t\t<\/div>\n\t\t\t\t<\/div>\n\t\t\t\t\t<\/div>\n\t\t\t\t<\/div>\n\t\t\t\t\t<\/div>\n\t\t\t\t<\/div>\n\t\t<div class=\"elementor-element elementor-element-45f1991d e-flex e-con-boxed e-con e-parent\" data-id=\"45f1991d\" data-element_type=\"container\">\n\t\t\t\t\t<div class=\"e-con-inner\">\n\t\t<div class=\"elementor-element elementor-element-1d9fcca8 e-flex e-con-boxed e-con e-child\" data-id=\"1d9fcca8\" data-element_type=\"container\" data-settings=\"{&quot;background_background&quot;:&quot;classic&quot;}\">\n\t\t\t\t\t<div class=\"e-con-inner\">\n\t\t\t\t<div class=\"elementor-element elementor-element-2ab3de50 elementor-position-left elementor-widget__width-initial elementor-vertical-align-middle elementor-widget elementor-widget-image-box\" data-id=\"2ab3de50\" data-element_type=\"widget\" data-widget_type=\"image-box.default\">\n\t\t\t\t<div class=\"elementor-widget-container\">\n\t\t\t\t\t<div class=\"elementor-image-box-wrapper\"><figure class=\"elementor-image-box-img\"><img loading=\"lazy\" decoding=\"async\" width=\"100\" height=\"100\" src=\"https:\/\/shieldingtape.com\/wp-content\/uploads\/2024\/01\/Substrate-Pre-Cleaning.png\" class=\"attachment-full size-full wp-image-137\" alt=\"Pr\u00e9-nettoyage du substrat\" \/><\/figure><div class=\"elementor-image-box-content\"><h3 class=\"elementor-image-box-title\">Pr\u00e9-nettoyage du substrat<\/h3><\/div><\/div>\t\t\t\t<\/div>\n\t\t\t\t<\/div>\n\t\t\t\t<div class=\"elementor-element elementor-element-297b133d elementor-position-left elementor-widget__width-initial elementor-vertical-align-middle elementor-widget elementor-widget-image-box\" data-id=\"297b133d\" data-element_type=\"widget\" data-widget_type=\"image-box.default\">\n\t\t\t\t<div class=\"elementor-widget-container\">\n\t\t\t\t\t<div class=\"elementor-image-box-wrapper\"><figure class=\"elementor-image-box-img\"><img loading=\"lazy\" decoding=\"async\" width=\"100\" height=\"100\" src=\"https:\/\/shieldingtape.com\/wp-content\/uploads\/2024\/01\/Metal-Coating.png\" class=\"attachment-full size-full wp-image-141\" alt=\"Rev\u00eatement m\u00e9tallique\" \/><\/figure><div class=\"elementor-image-box-content\"><h3 class=\"elementor-image-box-title\">Rev\u00eatement m\u00e9tallique<\/h3><\/div><\/div>\t\t\t\t<\/div>\n\t\t\t\t<\/div>\n\t\t\t\t<div class=\"elementor-element elementor-element-384304a6 elementor-position-left elementor-widget__width-initial elementor-vertical-align-middle elementor-widget elementor-widget-image-box\" data-id=\"384304a6\" data-element_type=\"widget\" data-widget_type=\"image-box.default\">\n\t\t\t\t<div class=\"elementor-widget-container\">\n\t\t\t\t\t<div class=\"elementor-image-box-wrapper\"><figure class=\"elementor-image-box-img\"><img loading=\"lazy\" decoding=\"async\" width=\"100\" height=\"100\" src=\"https:\/\/shieldingtape.com\/wp-content\/uploads\/2024\/01\/Defect-Detection-Cutting.png\" class=\"attachment-full size-full wp-image-143\" alt=\"\" \/><\/figure><div class=\"elementor-image-box-content\"><h3 class=\"elementor-image-box-title\">D\u00e9tection des d\u00e9fauts et d\u00e9coupe<\/h3><\/div><\/div>\t\t\t\t<\/div>\n\t\t\t\t<\/div>\n\t\t\t\t<div class=\"elementor-element elementor-element-27b987da elementor-position-left elementor-vertical-align-middle elementor-widget__width-initial elementor-widget elementor-widget-image-box\" data-id=\"27b987da\" data-element_type=\"widget\" data-widget_type=\"image-box.default\">\n\t\t\t\t<div class=\"elementor-widget-container\">\n\t\t\t\t\t<div class=\"elementor-image-box-wrapper\"><figure class=\"elementor-image-box-img\"><img loading=\"lazy\" decoding=\"async\" width=\"100\" height=\"100\" src=\"https:\/\/shieldingtape.com\/wp-content\/uploads\/2024\/01\/Metal-Coating-1.png\" class=\"attachment-full size-full wp-image-144\" alt=\"\" \/><\/figure><div class=\"elementor-image-box-content\"><h3 class=\"elementor-image-box-title\">Emballage<\/h3><\/div><\/div>\t\t\t\t<\/div>\n\t\t\t\t<\/div>\n\t\t\t\t\t<\/div>\n\t\t\t\t<\/div>\n\t\t\t\t\t<\/div>\n\t\t\t\t<\/div>\n\t\t\t\t<\/div>","protected":false},"excerpt":{"rendered":"<p>Rubans et films de blindage pour le secteur m\u00e9dical Nous proposons des produits sp\u00e9cialement con\u00e7us pour la fabrication de fils pour appareils m\u00e9dicaux. Nous travaillons en \u00e9troite collaboration avec les fabricants de fils pour dispositifs m\u00e9dicaux afin de garantir que ces dispositifs sp\u00e9cialis\u00e9s sont plus stables et plus s\u00fbrs, de sorte que les professionnels de la sant\u00e9 et les patients puissent les utiliser efficacement. Nous sommes sp\u00e9cialis\u00e9s dans le d\u00e9veloppement de rev\u00eatements de haute pr\u00e9cision, de mat\u00e9riaux l\u00e9gers et d'autres [...]<\/p>","protected":false},"author":1,"featured_media":0,"parent":0,"menu_order":0,"comment_status":"closed","ping_status":"closed","template":"elementor_header_footer","meta":{"footnotes":""},"class_list":["post-69","page","type-page","status-publish","hentry"],"_links":{"self":[{"href":"https:\/\/shieldingtape.com\/fr\/wp-json\/wp\/v2\/pages\/69","targetHints":{"allow":["GET"]}}],"collection":[{"href":"https:\/\/shieldingtape.com\/fr\/wp-json\/wp\/v2\/pages"}],"about":[{"href":"https:\/\/shieldingtape.com\/fr\/wp-json\/wp\/v2\/types\/page"}],"author":[{"embeddable":true,"href":"https:\/\/shieldingtape.com\/fr\/wp-json\/wp\/v2\/users\/1"}],"replies":[{"embeddable":true,"href":"https:\/\/shieldingtape.com\/fr\/wp-json\/wp\/v2\/comments?post=69"}],"version-history":[{"count":13,"href":"https:\/\/shieldingtape.com\/fr\/wp-json\/wp\/v2\/pages\/69\/revisions"}],"predecessor-version":[{"id":1012,"href":"https:\/\/shieldingtape.com\/fr\/wp-json\/wp\/v2\/pages\/69\/revisions\/1012"}],"wp:attachment":[{"href":"https:\/\/shieldingtape.com\/fr\/wp-json\/wp\/v2\/media?parent=69"}],"curies":[{"name":"wp","href":"https:\/\/api.w.org\/{rel}","templated":true}]}}