{"id":79,"date":"2024-01-21T17:00:19","date_gmt":"2024-01-21T17:00:19","guid":{"rendered":"https:\/\/shieldingtape.com\/?page_id=79"},"modified":"2024-02-22T07:24:05","modified_gmt":"2024-02-22T07:24:05","slug":"zertifizierung","status":"publish","type":"page","link":"https:\/\/shieldingtape.com\/de\/zertifizierung\/","title":{"rendered":"Zertifizierung"},"content":{"rendered":"<div data-elementor-type=\"wp-page\" data-elementor-id=\"79\" class=\"elementor elementor-79\">\n\t\t\t\t<div class=\"elementor-element elementor-element-b66b3ad e-flex e-con-boxed e-con e-parent\" data-id=\"b66b3ad\" data-element_type=\"container\">\n\t\t\t\t\t<div class=\"e-con-inner\">\n\t\t\t\t<div class=\"elementor-element elementor-element-6ea2d3a elementor-widget elementor-widget-heading\" data-id=\"6ea2d3a\" data-element_type=\"widget\" data-widget_type=\"heading.default\">\n\t\t\t\t<div class=\"elementor-widget-container\">\n\t\t\t\t\t<h2 class=\"elementor-heading-title elementor-size-default\">Zertifizierung<\/h2>\t\t\t\t<\/div>\n\t\t\t\t<\/div>\n\t\t\t\t<div class=\"elementor-element elementor-element-ffe63af elementor-widget elementor-widget-text-editor\" data-id=\"ffe63af\" data-element_type=\"widget\" data-widget_type=\"text-editor.default\">\n\t\t\t\t<div class=\"elementor-widget-container\">\n\t\t\t\t\t\t\t\t\t<p>Als f\u00fchrender Hersteller, der sich auf Abschirmungsmaterialien spezialisiert hat, bietet Hop Chuan eine breite Palette von Qualit\u00e4tsprodukten an. Zu unseren Produkten geh\u00f6ren Polyesterfolienb\u00e4nder, Aluminiumfolienb\u00e4nder, Kupferfolienb\u00e4nder, leitf\u00e4hige Gewebe und mehr. Wir sind stolz auf unsere Zertifizierungen und Patente, wie z. B. IECQ, ISO9001, ISO14001, ISO45001, energiesparender Kupferfolienlaminator, hocheffiziente Kupferfolienschneidmaschine, Kupferfolienwickler und vieles mehr. Sie k\u00f6nnen sich bei Ihren Anforderungen an Abschirmungsmaterial getrost auf unsere Produkte verlassen. Bitte z\u00f6gern Sie nicht, uns zu kontaktieren, um Ihre Anforderungen zu besprechen.<\/p>\t\t\t\t\t\t\t\t<\/div>\n\t\t\t\t<\/div>\n\t\t\t\t\t<\/div>\n\t\t\t\t<\/div>\n\t\t<div class=\"elementor-element elementor-element-4cb9a70 e-flex e-con-boxed e-con e-parent\" data-id=\"4cb9a70\" data-element_type=\"container\">\n\t\t\t\t\t<div class=\"e-con-inner\">\n\t\t\t\t<div class=\"elementor-element elementor-element-85f1a74 elementor-position-top elementor-widget elementor-widget-image-box\" data-id=\"85f1a74\" data-element_type=\"widget\" data-widget_type=\"image-box.default\">\n\t\t\t\t<div class=\"elementor-widget-container\">\n\t\t\t\t\t<div class=\"elementor-image-box-wrapper\"><figure class=\"elementor-image-box-img\"><img fetchpriority=\"high\" decoding=\"async\" width=\"400\" height=\"546\" src=\"https:\/\/shieldingtape.com\/wp-content\/uploads\/2024\/02\/IECQ-CertificationEnglish.jpg\" class=\"attachment-full size-full wp-image-707\" alt=\"\" srcset=\"https:\/\/shieldingtape.com\/wp-content\/uploads\/2024\/02\/IECQ-CertificationEnglish.jpg 400w, https:\/\/shieldingtape.com\/wp-content\/uploads\/2024\/02\/IECQ-CertificationEnglish-220x300.jpg 220w\" sizes=\"(max-width: 400px) 100vw, 400px\" \/><\/figure><div class=\"elementor-image-box-content\"><p class=\"elementor-image-box-description\">IECQ-Zertifizierung (Englisch)<\/p><\/div><\/div>\t\t\t\t<\/div>\n\t\t\t\t<\/div>\n\t\t\t\t<div class=\"elementor-element elementor-element-29ff64e elementor-position-top elementor-widget elementor-widget-image-box\" data-id=\"29ff64e\" data-element_type=\"widget\" data-widget_type=\"image-box.default\">\n\t\t\t\t<div class=\"elementor-widget-container\">\n\t\t\t\t\t<div class=\"elementor-image-box-wrapper\"><figure class=\"elementor-image-box-img\"><img decoding=\"async\" width=\"400\" height=\"546\" src=\"https:\/\/shieldingtape.com\/wp-content\/uploads\/2024\/02\/certification_02b-1.jpg\" class=\"attachment-full size-full wp-image-708\" alt=\"\" srcset=\"https:\/\/shieldingtape.com\/wp-content\/uploads\/2024\/02\/certification_02b-1.jpg 400w, https:\/\/shieldingtape.com\/wp-content\/uploads\/2024\/02\/certification_02b-1-220x300.jpg 220w\" sizes=\"(max-width: 400px) 100vw, 400px\" \/><\/figure><div class=\"elementor-image-box-content\"><p class=\"elementor-image-box-description\">ISO9001:2015<\/p><\/div><\/div>\t\t\t\t<\/div>\n\t\t\t\t<\/div>\n\t\t\t\t<div class=\"elementor-element elementor-element-44fe4d2 elementor-position-top elementor-widget elementor-widget-image-box\" data-id=\"44fe4d2\" data-element_type=\"widget\" data-widget_type=\"image-box.default\">\n\t\t\t\t<div class=\"elementor-widget-container\">\n\t\t\t\t\t<div class=\"elementor-image-box-wrapper\"><figure class=\"elementor-image-box-img\"><img decoding=\"async\" width=\"400\" height=\"546\" src=\"https:\/\/shieldingtape.com\/wp-content\/uploads\/2024\/02\/ISO14001_2015.jpg\" class=\"attachment-full size-full wp-image-709\" alt=\"\" srcset=\"https:\/\/shieldingtape.com\/wp-content\/uploads\/2024\/02\/ISO14001_2015.jpg 400w, https:\/\/shieldingtape.com\/wp-content\/uploads\/2024\/02\/ISO14001_2015-220x300.jpg 220w\" sizes=\"(max-width: 400px) 100vw, 400px\" \/><\/figure><div class=\"elementor-image-box-content\"><p class=\"elementor-image-box-description\">ISO14001:2015<\/p><\/div><\/div>\t\t\t\t<\/div>\n\t\t\t\t<\/div>\n\t\t\t\t<div class=\"elementor-element elementor-element-86445ea elementor-position-top elementor-widget elementor-widget-image-box\" data-id=\"86445ea\" data-element_type=\"widget\" data-widget_type=\"image-box.default\">\n\t\t\t\t<div class=\"elementor-widget-container\">\n\t\t\t\t\t<div class=\"elementor-image-box-wrapper\"><figure class=\"elementor-image-box-img\"><img loading=\"lazy\" decoding=\"async\" width=\"400\" height=\"546\" src=\"https:\/\/shieldingtape.com\/wp-content\/uploads\/2024\/02\/certification_04b-1.jpg\" class=\"attachment-full size-full wp-image-710\" alt=\"\" srcset=\"https:\/\/shieldingtape.com\/wp-content\/uploads\/2024\/02\/certification_04b-1.jpg 400w, https:\/\/shieldingtape.com\/wp-content\/uploads\/2024\/02\/certification_04b-1-220x300.jpg 220w\" sizes=\"(max-width: 400px) 100vw, 400px\" \/><\/figure><div class=\"elementor-image-box-content\"><p class=\"elementor-image-box-description\">ISO45001:2018<\/p><\/div><\/div>\t\t\t\t<\/div>\n\t\t\t\t<\/div>\n\t\t\t\t<div class=\"elementor-element elementor-element-cb93800 elementor-position-top elementor-widget elementor-widget-image-box\" data-id=\"cb93800\" data-element_type=\"widget\" data-widget_type=\"image-box.default\">\n\t\t\t\t<div class=\"elementor-widget-container\">\n\t\t\t\t\t<div class=\"elementor-image-box-wrapper\"><figure class=\"elementor-image-box-img\"><img loading=\"lazy\" decoding=\"async\" width=\"400\" height=\"546\" src=\"https:\/\/shieldingtape.com\/wp-content\/uploads\/2024\/02\/certification_05b.jpg\" class=\"attachment-full size-full wp-image-711\" alt=\"\" srcset=\"https:\/\/shieldingtape.com\/wp-content\/uploads\/2024\/02\/certification_05b.jpg 400w, https:\/\/shieldingtape.com\/wp-content\/uploads\/2024\/02\/certification_05b-220x300.jpg 220w\" sizes=\"(max-width: 400px) 100vw, 400px\" \/><\/figure><div class=\"elementor-image-box-content\"><p class=\"elementor-image-box-description\">Hochpr\u00e4zisions-Laminatoren f\u00fcr ultrad\u00fcnne Folienlaminate<\/p><\/div><\/div>\t\t\t\t<\/div>\n\t\t\t\t<\/div>\n\t\t\t\t<div class=\"elementor-element elementor-element-9cd89e2 elementor-position-top elementor-widget elementor-widget-image-box\" data-id=\"9cd89e2\" data-element_type=\"widget\" data-widget_type=\"image-box.default\">\n\t\t\t\t<div class=\"elementor-widget-container\">\n\t\t\t\t\t<div class=\"elementor-image-box-wrapper\"><figure class=\"elementor-image-box-img\"><img loading=\"lazy\" decoding=\"async\" width=\"400\" height=\"546\" src=\"https:\/\/shieldingtape.com\/wp-content\/uploads\/2024\/02\/certification_06b.jpg\" class=\"attachment-full size-full wp-image-712\" alt=\"\" srcset=\"https:\/\/shieldingtape.com\/wp-content\/uploads\/2024\/02\/certification_06b.jpg 400w, https:\/\/shieldingtape.com\/wp-content\/uploads\/2024\/02\/certification_06b-220x300.jpg 220w\" sizes=\"(max-width: 400px) 100vw, 400px\" \/><\/figure><div class=\"elementor-image-box-content\"><p class=\"elementor-image-box-description\">Drahtwickeltrommel mit kombinierter Struktur<\/p><\/div><\/div>\t\t\t\t<\/div>\n\t\t\t\t<\/div>\n\t\t\t\t\t<\/div>\n\t\t\t\t<\/div>\n\t\t<div class=\"elementor-element elementor-element-261d6bf e-flex e-con-boxed e-con e-parent\" data-id=\"261d6bf\" data-element_type=\"container\">\n\t\t\t\t\t<div class=\"e-con-inner\">\n\t\t\t\t<div class=\"elementor-element elementor-element-1f79228 elementor-position-top elementor-widget elementor-widget-image-box\" data-id=\"1f79228\" data-element_type=\"widget\" data-widget_type=\"image-box.default\">\n\t\t\t\t<div class=\"elementor-widget-container\">\n\t\t\t\t\t<div class=\"elementor-image-box-wrapper\"><figure class=\"elementor-image-box-img\"><img loading=\"lazy\" decoding=\"async\" width=\"400\" height=\"546\" src=\"https:\/\/shieldingtape.com\/wp-content\/uploads\/2024\/02\/certification_07b.jpg\" class=\"attachment-full size-full wp-image-713\" alt=\"\" srcset=\"https:\/\/shieldingtape.com\/wp-content\/uploads\/2024\/02\/certification_07b.jpg 400w, https:\/\/shieldingtape.com\/wp-content\/uploads\/2024\/02\/certification_07b-220x300.jpg 220w\" sizes=\"(max-width: 400px) 100vw, 400px\" \/><\/figure><div class=\"elementor-image-box-content\"><p class=\"elementor-image-box-description\">Energieeffiziente Laminatoren f\u00fcr laminierte Kupferfolien\n<\/p><\/div><\/div>\t\t\t\t<\/div>\n\t\t\t\t<\/div>\n\t\t\t\t<div class=\"elementor-element elementor-element-db0411c elementor-position-top elementor-widget elementor-widget-image-box\" data-id=\"db0411c\" data-element_type=\"widget\" data-widget_type=\"image-box.default\">\n\t\t\t\t<div class=\"elementor-widget-container\">\n\t\t\t\t\t<div class=\"elementor-image-box-wrapper\"><figure class=\"elementor-image-box-img\"><img loading=\"lazy\" decoding=\"async\" width=\"400\" height=\"546\" src=\"https:\/\/shieldingtape.com\/wp-content\/uploads\/2024\/02\/certification_08b.jpg\" class=\"attachment-full size-full wp-image-714\" alt=\"\" srcset=\"https:\/\/shieldingtape.com\/wp-content\/uploads\/2024\/02\/certification_08b.jpg 400w, https:\/\/shieldingtape.com\/wp-content\/uploads\/2024\/02\/certification_08b-220x300.jpg 220w\" sizes=\"(max-width: 400px) 100vw, 400px\" \/><\/figure><div class=\"elementor-image-box-content\"><p class=\"elementor-image-box-description\">Kupferfolien-Schneide- und Wickelmaschine<\/p><\/div><\/div>\t\t\t\t<\/div>\n\t\t\t\t<\/div>\n\t\t\t\t<div class=\"elementor-element elementor-element-0449378 elementor-position-top elementor-widget elementor-widget-image-box\" data-id=\"0449378\" data-element_type=\"widget\" data-widget_type=\"image-box.default\">\n\t\t\t\t<div class=\"elementor-widget-container\">\n\t\t\t\t\t<div class=\"elementor-image-box-wrapper\"><figure class=\"elementor-image-box-img\"><img loading=\"lazy\" decoding=\"async\" width=\"400\" height=\"546\" src=\"https:\/\/shieldingtape.com\/wp-content\/uploads\/2024\/02\/certification_09b.jpg\" class=\"attachment-full size-full wp-image-715\" alt=\"\" srcset=\"https:\/\/shieldingtape.com\/wp-content\/uploads\/2024\/02\/certification_09b.jpg 400w, https:\/\/shieldingtape.com\/wp-content\/uploads\/2024\/02\/certification_09b-220x300.jpg 220w\" sizes=\"(max-width: 400px) 100vw, 400px\" \/><\/figure><div class=\"elementor-image-box-content\"><p class=\"elementor-image-box-description\">Hocheffiziente Kupferfolien-Schneidemaschine\n<\/p><\/div><\/div>\t\t\t\t<\/div>\n\t\t\t\t<\/div>\n\t\t\t\t<div class=\"elementor-element elementor-element-7dc1470 elementor-position-top elementor-widget elementor-widget-image-box\" data-id=\"7dc1470\" data-element_type=\"widget\" data-widget_type=\"image-box.default\">\n\t\t\t\t<div class=\"elementor-widget-container\">\n\t\t\t\t\t<div class=\"elementor-image-box-wrapper\"><figure class=\"elementor-image-box-img\"><img loading=\"lazy\" decoding=\"async\" width=\"400\" height=\"546\" src=\"https:\/\/shieldingtape.com\/wp-content\/uploads\/2024\/02\/certification_10b.jpg\" class=\"attachment-full size-full wp-image-716\" alt=\"\" srcset=\"https:\/\/shieldingtape.com\/wp-content\/uploads\/2024\/02\/certification_10b.jpg 400w, https:\/\/shieldingtape.com\/wp-content\/uploads\/2024\/02\/certification_10b-220x300.jpg 220w\" sizes=\"(max-width: 400px) 100vw, 400px\" \/><\/figure><div class=\"elementor-image-box-content\"><p class=\"elementor-image-box-description\">Hochgeschwindigkeits-Aufwickel- und Laminiermaschine\n<\/p><\/div><\/div>\t\t\t\t<\/div>\n\t\t\t\t<\/div>\n\t\t\t\t<div class=\"elementor-element elementor-element-1455f49 elementor-position-top elementor-widget elementor-widget-image-box\" data-id=\"1455f49\" data-element_type=\"widget\" data-widget_type=\"image-box.default\">\n\t\t\t\t<div class=\"elementor-widget-container\">\n\t\t\t\t\t<div class=\"elementor-image-box-wrapper\"><figure class=\"elementor-image-box-img\"><img loading=\"lazy\" decoding=\"async\" width=\"400\" height=\"546\" src=\"https:\/\/shieldingtape.com\/wp-content\/uploads\/2024\/02\/certification_11b.jpg\" class=\"attachment-full size-full wp-image-717\" alt=\"\" srcset=\"https:\/\/shieldingtape.com\/wp-content\/uploads\/2024\/02\/certification_11b.jpg 400w, https:\/\/shieldingtape.com\/wp-content\/uploads\/2024\/02\/certification_11b-220x300.jpg 220w\" sizes=\"(max-width: 400px) 100vw, 400px\" \/><\/figure><div class=\"elementor-image-box-content\"><p class=\"elementor-image-box-description\">Hochpr\u00e4zise Hochgeschwindigkeits-Schneidemaschine\n<\/p><\/div><\/div>\t\t\t\t<\/div>\n\t\t\t\t<\/div>\n\t\t\t\t<div class=\"elementor-element elementor-element-5b1b0e6 elementor-position-top elementor-widget elementor-widget-image-box\" data-id=\"5b1b0e6\" data-element_type=\"widget\" data-widget_type=\"image-box.default\">\n\t\t\t\t<div class=\"elementor-widget-container\">\n\t\t\t\t\t<div class=\"elementor-image-box-wrapper\"><figure class=\"elementor-image-box-img\"><img loading=\"lazy\" decoding=\"async\" width=\"400\" height=\"546\" src=\"https:\/\/shieldingtape.com\/wp-content\/uploads\/2024\/02\/certification_12b.jpg\" class=\"attachment-full size-full wp-image-718\" alt=\"\" srcset=\"https:\/\/shieldingtape.com\/wp-content\/uploads\/2024\/02\/certification_12b.jpg 400w, https:\/\/shieldingtape.com\/wp-content\/uploads\/2024\/02\/certification_12b-220x300.jpg 220w\" sizes=\"(max-width: 400px) 100vw, 400px\" \/><\/figure><div class=\"elementor-image-box-content\"><p class=\"elementor-image-box-description\">Ausr\u00fcstung zur Herstellung von Aufwicklern mit umgekehrter Kegelform und Wellenstruktur\n<\/p><\/div><\/div>\t\t\t\t<\/div>\n\t\t\t\t<\/div>\n\t\t\t\t\t<\/div>\n\t\t\t\t<\/div>\n\t\t<div class=\"elementor-element elementor-element-96e4d98 e-flex e-con-boxed e-con e-parent\" data-id=\"96e4d98\" data-element_type=\"container\">\n\t\t\t\t\t<div class=\"e-con-inner\">\n\t\t\t\t<div class=\"elementor-element elementor-element-a7cf81e elementor-position-top elementor-widget elementor-widget-image-box\" data-id=\"a7cf81e\" data-element_type=\"widget\" data-widget_type=\"image-box.default\">\n\t\t\t\t<div class=\"elementor-widget-container\">\n\t\t\t\t\t<div class=\"elementor-image-box-wrapper\"><figure class=\"elementor-image-box-img\"><img loading=\"lazy\" decoding=\"async\" width=\"400\" height=\"546\" src=\"https:\/\/shieldingtape.com\/wp-content\/uploads\/2024\/02\/Rewinders-with-Inverted-Cone-Shape-and-Shaft-Struct.jpg\" class=\"attachment-full size-full wp-image-719\" alt=\"\" srcset=\"https:\/\/shieldingtape.com\/wp-content\/uploads\/2024\/02\/Rewinders-with-Inverted-Cone-Shape-and-Shaft-Struct.jpg 400w, https:\/\/shieldingtape.com\/wp-content\/uploads\/2024\/02\/Rewinders-with-Inverted-Cone-Shape-and-Shaft-Struct-220x300.jpg 220w\" sizes=\"(max-width: 400px) 100vw, 400px\" \/><\/figure><div class=\"elementor-image-box-content\"><p class=\"elementor-image-box-description\">Aufwickler mit umgekehrter Kegelform und Wellenstruktur\n<\/p><\/div><\/div>\t\t\t\t<\/div>\n\t\t\t\t<\/div>\n\t\t\t\t<div class=\"elementor-element elementor-element-27fab02 elementor-position-top elementor-widget elementor-widget-image-box\" data-id=\"27fab02\" data-element_type=\"widget\" data-widget_type=\"image-box.default\">\n\t\t\t\t<div class=\"elementor-widget-container\">\n\t\t\t\t\t<div class=\"elementor-image-box-wrapper\"><figure class=\"elementor-image-box-img\"><img loading=\"lazy\" decoding=\"async\" width=\"400\" height=\"546\" src=\"https:\/\/shieldingtape.com\/wp-content\/uploads\/2024\/02\/Slitting-Machines-Easily-to-Be-Assembled.jpg\" class=\"attachment-full size-full wp-image-720\" alt=\"\" srcset=\"https:\/\/shieldingtape.com\/wp-content\/uploads\/2024\/02\/Slitting-Machines-Easily-to-Be-Assembled.jpg 400w, https:\/\/shieldingtape.com\/wp-content\/uploads\/2024\/02\/Slitting-Machines-Easily-to-Be-Assembled-220x300.jpg 220w\" sizes=\"(max-width: 400px) 100vw, 400px\" \/><\/figure><div class=\"elementor-image-box-content\"><p class=\"elementor-image-box-description\">Leicht zu montierende Schlitzmaschinen\n<\/p><\/div><\/div>\t\t\t\t<\/div>\n\t\t\t\t<\/div>\n\t\t\t\t<div class=\"elementor-element elementor-element-7c5ffbf elementor-position-top elementor-widget elementor-widget-image-box\" data-id=\"7c5ffbf\" data-element_type=\"widget\" data-widget_type=\"image-box.default\">\n\t\t\t\t<div class=\"elementor-widget-container\">\n\t\t\t\t\t<div class=\"elementor-image-box-wrapper\"><figure class=\"elementor-image-box-img\"><img loading=\"lazy\" decoding=\"async\" width=\"400\" height=\"546\" src=\"https:\/\/shieldingtape.com\/wp-content\/uploads\/2024\/02\/certification_15b.jpg\" class=\"attachment-full size-full wp-image-721\" alt=\"\" srcset=\"https:\/\/shieldingtape.com\/wp-content\/uploads\/2024\/02\/certification_15b.jpg 400w, https:\/\/shieldingtape.com\/wp-content\/uploads\/2024\/02\/certification_15b-220x300.jpg 220w\" sizes=\"(max-width: 400px) 100vw, 400px\" \/><\/figure><div class=\"elementor-image-box-content\"><p class=\"elementor-image-box-description\">Foliendruck- und Laminiermaschine\n<\/p><\/div><\/div>\t\t\t\t<\/div>\n\t\t\t\t<\/div>\n\t\t\t\t<div class=\"elementor-element elementor-element-99bae58 elementor-position-top elementor-widget elementor-widget-image-box\" data-id=\"99bae58\" data-element_type=\"widget\" data-widget_type=\"image-box.default\">\n\t\t\t\t<div class=\"elementor-widget-container\">\n\t\t\t\t\t<div class=\"elementor-image-box-wrapper\"><figure class=\"elementor-image-box-img\"><img loading=\"lazy\" decoding=\"async\" width=\"400\" height=\"546\" src=\"https:\/\/shieldingtape.com\/wp-content\/uploads\/2024\/02\/certification_16b.jpg\" class=\"attachment-full size-full wp-image-722\" alt=\"\" srcset=\"https:\/\/shieldingtape.com\/wp-content\/uploads\/2024\/02\/certification_16b.jpg 400w, https:\/\/shieldingtape.com\/wp-content\/uploads\/2024\/02\/certification_16b-220x300.jpg 220w\" sizes=\"(max-width: 400px) 100vw, 400px\" \/><\/figure><div class=\"elementor-image-box-content\"><p class=\"elementor-image-box-description\">Drahtwickeltrommel mit Konusrillenstruktur\n<\/p><\/div><\/div>\t\t\t\t<\/div>\n\t\t\t\t<\/div>\n\t\t\t\t<div class=\"elementor-element elementor-element-33c993a elementor-position-top elementor-widget elementor-widget-image-box\" data-id=\"33c993a\" data-element_type=\"widget\" data-widget_type=\"image-box.default\">\n\t\t\t\t<div class=\"elementor-widget-container\">\n\t\t\t\t\t<div class=\"elementor-image-box-wrapper\"><figure class=\"elementor-image-box-img\"><img loading=\"lazy\" decoding=\"async\" width=\"400\" height=\"546\" src=\"https:\/\/shieldingtape.com\/wp-content\/uploads\/2024\/02\/certification_17b.jpg\" class=\"attachment-full size-full wp-image-723\" alt=\"\" srcset=\"https:\/\/shieldingtape.com\/wp-content\/uploads\/2024\/02\/certification_17b.jpg 400w, https:\/\/shieldingtape.com\/wp-content\/uploads\/2024\/02\/certification_17b-220x300.jpg 220w\" sizes=\"(max-width: 400px) 100vw, 400px\" \/><\/figure><div class=\"elementor-image-box-content\"><p class=\"elementor-image-box-description\">Spannungskontrollhebel\n<\/p><\/div><\/div>\t\t\t\t<\/div>\n\t\t\t\t<\/div>\n\t\t\t\t\t<\/div>\n\t\t\t\t<\/div>\n\t\t<div class=\"elementor-element elementor-element-78ac787 e-flex e-con-boxed e-con e-parent\" data-id=\"78ac787\" data-element_type=\"container\">\n\t\t\t\t\t<div class=\"e-con-inner\">\n\t\t<div class=\"elementor-element elementor-element-182a1f1 e-con-full e-flex e-con e-child\" data-id=\"182a1f1\" data-element_type=\"container\">\n\t\t<div class=\"elementor-element elementor-element-fef27c1 e-con-full e-flex e-con e-child\" data-id=\"fef27c1\" data-element_type=\"container\" data-settings=\"{&quot;background_background&quot;:&quot;classic&quot;}\">\n\t\t\t\t<div class=\"elementor-element elementor-element-e4d87c0 elementor-widget elementor-widget-heading\" data-id=\"e4d87c0\" data-element_type=\"widget\" data-widget_type=\"heading.default\">\n\t\t\t\t<div class=\"elementor-widget-container\">\n\t\t\t\t\t<h2 class=\"elementor-heading-title elementor-size-default\">Brauchen Sie Hilfe bei der Suche nach dem richtigen Produkt?<\/h2>\t\t\t\t<\/div>\n\t\t\t\t<\/div>\n\t\t\t\t<div class=\"elementor-element elementor-element-3635365 elementor-widget elementor-widget-text-editor\" data-id=\"3635365\" data-element_type=\"widget\" data-widget_type=\"text-editor.default\">\n\t\t\t\t<div class=\"elementor-widget-container\">\n\t\t\t\t\t\t\t\t\t<p>Kontaktieren Sie uns, um das Gespr\u00e4ch noch heute zu beginnen<\/p>\t\t\t\t\t\t\t\t<\/div>\n\t\t\t\t<\/div>\n\t\t\t\t<div class=\"elementor-element elementor-element-5fdcdb1 elementor-widget elementor-widget-button\" data-id=\"5fdcdb1\" data-element_type=\"widget\" data-widget_type=\"button.default\">\n\t\t\t\t<div class=\"elementor-widget-container\">\n\t\t\t\t\t\t\t\t\t<div class=\"elementor-button-wrapper\">\n\t\t\t\t\t<a class=\"elementor-button elementor-button-link elementor-size-sm\" href=\"https:\/\/shieldingtape.com\/de\/kontakt\/\">\n\t\t\t\t\t\t<span class=\"elementor-button-content-wrapper\">\n\t\t\t\t\t\t\t\t\t<span class=\"elementor-button-text\">Kontakt<\/span>\n\t\t\t\t\t<\/span>\n\t\t\t\t\t<\/a>\n\t\t\t\t<\/div>\n\t\t\t\t\t\t\t\t<\/div>\n\t\t\t\t<\/div>\n\t\t\t\t<\/div>\n\t\t\t\t<\/div>\n\t\t\t\t\t<\/div>\n\t\t\t\t<\/div>\n\t\t<div class=\"elementor-element elementor-element-a8ff49c e-flex e-con-boxed e-con e-parent\" data-id=\"a8ff49c\" data-element_type=\"container\">\n\t\t\t\t\t<div class=\"e-con-inner\">\n\t\t<div class=\"elementor-element elementor-element-4ad27d2 e-flex e-con-boxed e-con e-child\" data-id=\"4ad27d2\" data-element_type=\"container\">\n\t\t\t\t\t<div class=\"e-con-inner\">\n\t\t\t\t<div class=\"elementor-element elementor-element-7f88688 elementor-widget-divider--view-line_text elementor-widget-divider--element-align-center elementor-widget elementor-widget-divider\" data-id=\"7f88688\" data-element_type=\"widget\" data-widget_type=\"divider.default\">\n\t\t\t\t<div class=\"elementor-widget-container\">\n\t\t\t\t\t\t\t<div class=\"elementor-divider\">\n\t\t\t<span class=\"elementor-divider-separator\">\n\t\t\t\t\t\t\t<span class=\"elementor-divider__text elementor-divider__element\">\n\t\t\t\t<b>Abschirmende Materialien<\/b>\t\t\t\t<\/span>\n\t\t\t\t\t\t<\/span>\n\t\t<\/div>\n\t\t\t\t\t\t<\/div>\n\t\t\t\t<\/div>\n\t\t\t\t\t<\/div>\n\t\t\t\t<\/div>\n\t\t\t\t\t<\/div>\n\t\t\t\t<\/div>\n\t\t\t\t<\/div>","protected":false},"excerpt":{"rendered":"<p>Zertifizierung Als f\u00fchrender Hersteller, der sich auf Abschirmungsmaterialien spezialisiert hat, bietet Hop Chuan eine breite Palette von Qualit\u00e4tsprodukten an. Zu unseren Produkten geh\u00f6ren Polyesterfolienb\u00e4nder, Aluminiumfolienb\u00e4nder, Kupferfolienb\u00e4nder, leitf\u00e4hige Gewebe und vieles mehr. Wir sind stolz auf die Zertifizierungen und Patente, die wir erworben haben, wie IECQ, ISO9001, ISO14001, ISO45001, Energy Saving Laminated Copper [...]<\/p>","protected":false},"author":1,"featured_media":0,"parent":0,"menu_order":0,"comment_status":"closed","ping_status":"closed","template":"elementor_header_footer","meta":{"footnotes":""},"class_list":["post-79","page","type-page","status-publish","hentry"],"_links":{"self":[{"href":"https:\/\/shieldingtape.com\/de\/wp-json\/wp\/v2\/pages\/79","targetHints":{"allow":["GET"]}}],"collection":[{"href":"https:\/\/shieldingtape.com\/de\/wp-json\/wp\/v2\/pages"}],"about":[{"href":"https:\/\/shieldingtape.com\/de\/wp-json\/wp\/v2\/types\/page"}],"author":[{"embeddable":true,"href":"https:\/\/shieldingtape.com\/de\/wp-json\/wp\/v2\/users\/1"}],"replies":[{"embeddable":true,"href":"https:\/\/shieldingtape.com\/de\/wp-json\/wp\/v2\/comments?post=79"}],"version-history":[{"count":7,"href":"https:\/\/shieldingtape.com\/de\/wp-json\/wp\/v2\/pages\/79\/revisions"}],"predecessor-version":[{"id":729,"href":"https:\/\/shieldingtape.com\/de\/wp-json\/wp\/v2\/pages\/79\/revisions\/729"}],"wp:attachment":[{"href":"https:\/\/shieldingtape.com\/de\/wp-json\/wp\/v2\/media?parent=79"}],"curies":[{"name":"wp","href":"https:\/\/api.w.org\/{rel}","templated":true}]}}