{"id":63,"date":"2024-01-21T16:56:10","date_gmt":"2024-01-21T16:56:10","guid":{"rendered":"https:\/\/shieldingtape.com\/?page_id=63"},"modified":"2024-03-11T15:42:48","modified_gmt":"2024-03-11T15:42:48","slug":"automobil","status":"publish","type":"page","link":"https:\/\/shieldingtape.com\/de\/automobil\/","title":{"rendered":"Automobilindustrie"},"content":{"rendered":"<div data-elementor-type=\"wp-page\" data-elementor-id=\"63\" class=\"elementor elementor-63\">\n\t\t\t\t<div class=\"elementor-element elementor-element-1e48770 e-con-full e-flex e-con e-parent\" data-id=\"1e48770\" data-element_type=\"container\" data-settings=\"{&quot;background_background&quot;:&quot;classic&quot;}\">\n\t\t\t\t<div class=\"elementor-element elementor-element-d346f84 elementor-widget elementor-widget-heading\" data-id=\"d346f84\" data-element_type=\"widget\" data-widget_type=\"heading.default\">\n\t\t\t\t<div class=\"elementor-widget-container\">\n\t\t\t\t\t<h2 class=\"elementor-heading-title elementor-size-default\">Abschirmklebeb\u00e4nder und -folien f\u00fcr die Automobilindustrie\n<\/h2>\t\t\t\t<\/div>\n\t\t\t\t<\/div>\n\t\t\t\t<div class=\"elementor-element elementor-element-d710df9 elementor-widget elementor-widget-text-editor\" data-id=\"d710df9\" data-element_type=\"widget\" data-widget_type=\"text-editor.default\">\n\t\t\t\t<div class=\"elementor-widget-container\">\n\t\t\t\t\t\t\t\t\t<div class=\"bannerin bannerin2\"><div class=\"banner_box\"><p>Wir sind auf die Verarbeitung von Kabelabschirmungsmaterialien spezialisiert und arbeiten eng mit unseren Kunden zusammen, um ma\u00dfgeschneiderte Kabelabschirmungsl\u00f6sungen zu entwickeln und zu produzieren. Wir arbeiten eng mit Automobilkabelherstellern zusammen und bieten L\u00f6sungen f\u00fcr Kabelb\u00fcndelung, Isolierung und Abschirmung an.<\/p><\/div><\/div><div class=\"clearfix\">\u00a0<\/div><div class=\"js-gallery-wrap\"><div class=\"content\"><div class=\"row mb-4\"><div class=\"col-md-6\">\u00a0<\/div><\/div><\/div><\/div>\t\t\t\t\t\t\t\t<\/div>\n\t\t\t\t<\/div>\n\t\t\t\t<\/div>\n\t\t<div class=\"elementor-element elementor-element-ef62775 e-flex e-con-boxed e-con e-parent\" data-id=\"ef62775\" data-element_type=\"container\">\n\t\t\t\t\t<div class=\"e-con-inner\">\n\t\t<div class=\"elementor-element elementor-element-a1fac1f e-con-full e-flex e-con e-child\" data-id=\"a1fac1f\" data-element_type=\"container\">\n\t\t\t\t<div class=\"elementor-element elementor-element-dc95482 elementor-widget elementor-widget-image\" data-id=\"dc95482\" data-element_type=\"widget\" data-widget_type=\"image.default\">\n\t\t\t\t<div class=\"elementor-widget-container\">\n\t\t\t\t\t\t\t\t\t\t\t\t\t\t\t<img fetchpriority=\"high\" decoding=\"async\" width=\"800\" height=\"533\" src=\"https:\/\/shieldingtape.com\/wp-content\/uploads\/2024\/02\/Shielding-Tapes-and-Films-for-Automotive.jpg\" class=\"attachment-large size-large wp-image-526\" alt=\"\" srcset=\"https:\/\/shieldingtape.com\/wp-content\/uploads\/2024\/02\/Shielding-Tapes-and-Films-for-Automotive.jpg 800w, https:\/\/shieldingtape.com\/wp-content\/uploads\/2024\/02\/Shielding-Tapes-and-Films-for-Automotive-300x200.jpg 300w, https:\/\/shieldingtape.com\/wp-content\/uploads\/2024\/02\/Shielding-Tapes-and-Films-for-Automotive-768x512.jpg 768w, https:\/\/shieldingtape.com\/wp-content\/uploads\/2024\/02\/Shielding-Tapes-and-Films-for-Automotive-600x400.jpg 600w\" sizes=\"(max-width: 800px) 100vw, 800px\" \/>\t\t\t\t\t\t\t\t\t\t\t\t\t\t\t<\/div>\n\t\t\t\t<\/div>\n\t\t\t\t<\/div>\n\t\t<div class=\"elementor-element elementor-element-9ad93ba e-con-full e-flex e-con e-child\" data-id=\"9ad93ba\" data-element_type=\"container\">\n\t\t\t\t<div class=\"elementor-element elementor-element-03f8a94 elementor-widget elementor-widget-text-editor\" data-id=\"03f8a94\" data-element_type=\"widget\" data-widget_type=\"text-editor.default\">\n\t\t\t\t<div class=\"elementor-widget-container\">\n\t\t\t\t\t\t\t\t\t<p>Wir laden Sie ein, unsere Komplettl\u00f6sungen zu erkunden, von der Materialbeschaffung bis hin zum fertigen Produkt, und zeigen Ihnen unsere kostensparenden M\u00f6glichkeiten unter Verwendung Ihrer bevorzugten Materialien und unserer laminierten und vakuummetallisierten B\u00e4nder und Folien.<\/p><p class=\"mb-2\"><strong>Produkt Abmessungen<\/strong><\/p><ul class=\"discitem1\"><li>Gesamtdicke: (10\u03bcm bis \u00fcber 100\u03bcm) \u00b13\u03bcm<\/li><li>Dicke der nicht-metallischen Grundschicht: (\u22651,6\u03bcm)<\/li><li>Dicke der Metallschicht: (\u22650,1\u03bcm)<\/li><li>Zugfestigkeit: \u226530Mpa<\/li><li>Breite: 0,5 mm bis 990 mm<\/li><li>Dehnung: \u226530% Min<\/li><li>Hei\u00dfsiegelfestigkeit: 3.5KG<\/li><\/ul>\t\t\t\t\t\t\t\t<\/div>\n\t\t\t\t<\/div>\n\t\t\t\t<\/div>\n\t\t\t\t\t<\/div>\n\t\t\t\t<\/div>\n\t\t<div class=\"elementor-element elementor-element-2ee7372 e-flex e-con-boxed e-con e-parent\" data-id=\"2ee7372\" data-element_type=\"container\">\n\t\t\t\t\t<div class=\"e-con-inner\">\n\t\t\t\t<div class=\"elementor-element elementor-element-6ab029b elementor-widget elementor-widget-heading\" data-id=\"6ab029b\" data-element_type=\"widget\" data-widget_type=\"heading.default\">\n\t\t\t\t<div class=\"elementor-widget-container\">\n\t\t\t\t\t<h2 class=\"elementor-heading-title elementor-size-default\">Empfehlungen<\/h2>\t\t\t\t<\/div>\n\t\t\t\t<\/div>\n\t\t\t\t\t<\/div>\n\t\t\t\t<\/div>\n\t\t<div class=\"elementor-element elementor-element-2d9911b e-flex e-con-boxed e-con e-parent\" data-id=\"2d9911b\" data-element_type=\"container\">\n\t\t\t\t\t<div class=\"e-con-inner\">\n\t\t<div class=\"elementor-element elementor-element-f1e6db6 e-con-full e-flex e-con e-child\" data-id=\"f1e6db6\" data-element_type=\"container\" data-settings=\"{&quot;background_background&quot;:&quot;classic&quot;}\">\n\t\t\t\t<div class=\"elementor-element elementor-element-d9dd422 elementor-widget elementor-widget-heading\" data-id=\"d9dd422\" data-element_type=\"widget\" data-widget_type=\"heading.default\">\n\t\t\t\t<div class=\"elementor-widget-container\">\n\t\t\t\t\t<h2 class=\"elementor-heading-title elementor-size-default\">Abschirmlaminate f\u00fcr die Automobilindustrie<\/h2>\t\t\t\t<\/div>\n\t\t\t\t<\/div>\n\t\t\t\t<\/div>\n\t\t<div class=\"elementor-element elementor-element-d7fbae2 e-con-full e-flex e-con e-child\" data-id=\"d7fbae2\" data-element_type=\"container\" data-settings=\"{&quot;background_background&quot;:&quot;classic&quot;}\">\n\t\t\t\t<div class=\"elementor-element elementor-element-bfcc61f elementor-widget elementor-widget-heading\" data-id=\"bfcc61f\" data-element_type=\"widget\" data-widget_type=\"heading.default\">\n\t\t\t\t<div class=\"elementor-widget-container\">\n\t\t\t\t\t<h2 class=\"elementor-heading-title elementor-size-default\">Abschirmlaminate f\u00fcr die Automobilindustrie<\/h2>\t\t\t\t<\/div>\n\t\t\t\t<\/div>\n\t\t\t\t<\/div>\n\t\t\t\t\t<\/div>\n\t\t\t\t<\/div>\n\t\t<div class=\"elementor-element elementor-element-390be96 e-flex e-con-boxed e-con e-parent\" data-id=\"390be96\" data-element_type=\"container\">\n\t\t\t\t\t<div class=\"e-con-inner\">\n\t\t<div class=\"elementor-element elementor-element-b5cedd2 e-flex e-con-boxed e-con e-child\" data-id=\"b5cedd2\" data-element_type=\"container\">\n\t\t\t\t\t<div class=\"e-con-inner\">\n\t\t<div class=\"elementor-element elementor-element-a69fcfc e-con-full e-flex e-con e-child\" data-id=\"a69fcfc\" data-element_type=\"container\" data-settings=\"{&quot;background_background&quot;:&quot;classic&quot;}\">\n\t\t\t\t<div class=\"elementor-element elementor-element-c24691a elementor-position-left elementor-vertical-align-middle elementor-widget elementor-widget-image-box\" data-id=\"c24691a\" data-element_type=\"widget\" data-widget_type=\"image-box.default\">\n\t\t\t\t<div class=\"elementor-widget-container\">\n\t\t\t\t\t<div class=\"elementor-image-box-wrapper\"><figure class=\"elementor-image-box-img\"><a href=\"https:\/\/shieldingtape.com\/de\/automobil\/\" tabindex=\"-1\"><img decoding=\"async\" width=\"500\" height=\"333\" src=\"https:\/\/shieldingtape.com\/wp-content\/uploads\/2024\/02\/automotive_01b.jpg\" class=\"attachment-full size-full wp-image-554\" alt=\"\" srcset=\"https:\/\/shieldingtape.com\/wp-content\/uploads\/2024\/02\/automotive_01b.jpg 500w, https:\/\/shieldingtape.com\/wp-content\/uploads\/2024\/02\/automotive_01b-300x200.jpg 300w\" sizes=\"(max-width: 500px) 100vw, 500px\" \/><\/a><\/figure><div class=\"elementor-image-box-content\"><h3 class=\"elementor-image-box-title\"><a href=\"https:\/\/shieldingtape.com\/de\/automobil\/\">Automobilindustrie<\/a><\/h3><\/div><\/div>\t\t\t\t<\/div>\n\t\t\t\t<\/div>\n\t\t\t\t<\/div>\n\t\t<div class=\"elementor-element elementor-element-3831c2b e-con-full e-flex e-con e-child\" data-id=\"3831c2b\" data-element_type=\"container\" data-settings=\"{&quot;background_background&quot;:&quot;classic&quot;}\">\n\t\t\t\t<div class=\"elementor-element elementor-element-2e4339a elementor-position-left elementor-vertical-align-middle elementor-widget elementor-widget-image-box\" data-id=\"2e4339a\" data-element_type=\"widget\" data-widget_type=\"image-box.default\">\n\t\t\t\t<div class=\"elementor-widget-container\">\n\t\t\t\t\t<div class=\"elementor-image-box-wrapper\"><figure class=\"elementor-image-box-img\"><a href=\"https:\/\/shieldingtape.com\/de\/kommunikation\/\" tabindex=\"-1\"><img decoding=\"async\" width=\"500\" height=\"333\" src=\"https:\/\/shieldingtape.com\/wp-content\/uploads\/2024\/02\/communication_01b.jpg\" class=\"attachment-full size-full wp-image-555\" alt=\"\" srcset=\"https:\/\/shieldingtape.com\/wp-content\/uploads\/2024\/02\/communication_01b.jpg 500w, https:\/\/shieldingtape.com\/wp-content\/uploads\/2024\/02\/communication_01b-300x200.jpg 300w\" sizes=\"(max-width: 500px) 100vw, 500px\" \/><\/a><\/figure><div class=\"elementor-image-box-content\"><h3 class=\"elementor-image-box-title\"><a href=\"https:\/\/shieldingtape.com\/de\/kommunikation\/\">Kommunikation<\/a><\/h3><\/div><\/div>\t\t\t\t<\/div>\n\t\t\t\t<\/div>\n\t\t\t\t<\/div>\n\t\t<div class=\"elementor-element elementor-element-743b26c e-con-full e-flex e-con e-child\" data-id=\"743b26c\" data-element_type=\"container\" data-settings=\"{&quot;background_background&quot;:&quot;classic&quot;}\">\n\t\t\t\t<div class=\"elementor-element elementor-element-1dad048 elementor-position-left elementor-vertical-align-middle elementor-widget elementor-widget-image-box\" data-id=\"1dad048\" data-element_type=\"widget\" data-widget_type=\"image-box.default\">\n\t\t\t\t<div class=\"elementor-widget-container\">\n\t\t\t\t\t<div class=\"elementor-image-box-wrapper\"><figure class=\"elementor-image-box-img\"><a href=\"https:\/\/shieldingtape.com\/de\/branchen\/\" tabindex=\"-1\"><img loading=\"lazy\" decoding=\"async\" width=\"500\" height=\"333\" src=\"https:\/\/shieldingtape.com\/wp-content\/uploads\/2024\/02\/Industrial.jpg\" class=\"attachment-full size-full wp-image-556\" alt=\"\" srcset=\"https:\/\/shieldingtape.com\/wp-content\/uploads\/2024\/02\/Industrial.jpg 500w, https:\/\/shieldingtape.com\/wp-content\/uploads\/2024\/02\/Industrial-300x200.jpg 300w\" sizes=\"(max-width: 500px) 100vw, 500px\" \/><\/a><\/figure><div class=\"elementor-image-box-content\"><h3 class=\"elementor-image-box-title\"><a href=\"https:\/\/shieldingtape.com\/de\/branchen\/\">Industriell<\/a><\/h3><\/div><\/div>\t\t\t\t<\/div>\n\t\t\t\t<\/div>\n\t\t\t\t<\/div>\n\t\t<div class=\"elementor-element elementor-element-9b3a37e e-flex e-con-boxed e-con e-child\" data-id=\"9b3a37e\" data-element_type=\"container\" data-settings=\"{&quot;background_background&quot;:&quot;classic&quot;}\">\n\t\t\t\t\t<div class=\"e-con-inner\">\n\t\t\t\t<div class=\"elementor-element elementor-element-dbb760b elementor-position-left elementor-vertical-align-middle elementor-widget elementor-widget-image-box\" data-id=\"dbb760b\" data-element_type=\"widget\" data-widget_type=\"image-box.default\">\n\t\t\t\t<div class=\"elementor-widget-container\">\n\t\t\t\t\t<div class=\"elementor-image-box-wrapper\"><figure class=\"elementor-image-box-img\"><a href=\"https:\/\/shieldingtape.com\/de\/medizinisch\/\" tabindex=\"-1\"><img loading=\"lazy\" decoding=\"async\" width=\"500\" height=\"333\" src=\"https:\/\/shieldingtape.com\/wp-content\/uploads\/2024\/02\/medical_01b.jpg\" class=\"attachment-full size-full wp-image-557\" alt=\"\" srcset=\"https:\/\/shieldingtape.com\/wp-content\/uploads\/2024\/02\/medical_01b.jpg 500w, https:\/\/shieldingtape.com\/wp-content\/uploads\/2024\/02\/medical_01b-300x200.jpg 300w\" sizes=\"(max-width: 500px) 100vw, 500px\" \/><\/a><\/figure><div class=\"elementor-image-box-content\"><h3 class=\"elementor-image-box-title\"><a href=\"https:\/\/shieldingtape.com\/de\/medizinisch\/\">Medizinische<\/a><\/h3><\/div><\/div>\t\t\t\t<\/div>\n\t\t\t\t<\/div>\n\t\t\t\t\t<\/div>\n\t\t\t\t<\/div>\n\t\t\t\t\t<\/div>\n\t\t\t\t<\/div>\n\t\t\t\t\t<\/div>\n\t\t\t\t<\/div>\n\t\t<div class=\"elementor-element elementor-element-11eaf9e0 e-con-full e-flex e-con e-parent\" data-id=\"11eaf9e0\" data-element_type=\"container\">\n\t\t<div class=\"elementor-element elementor-element-247646d4 e-con-full e-flex e-con e-child\" data-id=\"247646d4\" data-element_type=\"container\" data-settings=\"{&quot;background_background&quot;:&quot;classic&quot;}\">\n\t\t\t\t<div class=\"elementor-element elementor-element-67bd6639 elementor-widget elementor-widget-heading\" data-id=\"67bd6639\" data-element_type=\"widget\" data-widget_type=\"heading.default\">\n\t\t\t\t<div class=\"elementor-widget-container\">\n\t\t\t\t\t<h2 class=\"elementor-heading-title elementor-size-default\">Brauchen Sie Hilfe bei der Suche nach dem richtigen Produkt?<\/h2>\t\t\t\t<\/div>\n\t\t\t\t<\/div>\n\t\t\t\t<div class=\"elementor-element elementor-element-7cb9a501 elementor-widget elementor-widget-text-editor\" data-id=\"7cb9a501\" data-element_type=\"widget\" data-widget_type=\"text-editor.default\">\n\t\t\t\t<div class=\"elementor-widget-container\">\n\t\t\t\t\t\t\t\t\t<p>Kontaktieren Sie uns, um das Gespr\u00e4ch noch heute zu beginnen<\/p>\t\t\t\t\t\t\t\t<\/div>\n\t\t\t\t<\/div>\n\t\t\t\t<div class=\"elementor-element elementor-element-3cd2efbe elementor-widget elementor-widget-button\" data-id=\"3cd2efbe\" data-element_type=\"widget\" data-widget_type=\"button.default\">\n\t\t\t\t<div class=\"elementor-widget-container\">\n\t\t\t\t\t\t\t\t\t<div class=\"elementor-button-wrapper\">\n\t\t\t\t\t<a class=\"elementor-button elementor-button-link elementor-size-sm\" href=\"https:\/\/shieldingtape.com\/de\/kontakt\/\">\n\t\t\t\t\t\t<span class=\"elementor-button-content-wrapper\">\n\t\t\t\t\t\t\t\t\t<span class=\"elementor-button-text\">Kontakt<\/span>\n\t\t\t\t\t<\/span>\n\t\t\t\t\t<\/a>\n\t\t\t\t<\/div>\n\t\t\t\t\t\t\t\t<\/div>\n\t\t\t\t<\/div>\n\t\t\t\t<\/div>\n\t\t\t\t<\/div>\n\t\t<div class=\"elementor-element elementor-element-328f8e5d e-flex e-con-boxed e-con e-parent\" data-id=\"328f8e5d\" data-element_type=\"container\">\n\t\t\t\t\t<div class=\"e-con-inner\">\n\t\t<div class=\"elementor-element elementor-element-221eb7ca e-flex e-con-boxed e-con e-child\" data-id=\"221eb7ca\" data-element_type=\"container\">\n\t\t\t\t\t<div class=\"e-con-inner\">\n\t\t<div class=\"elementor-element elementor-element-6610d447 e-con-full e-flex e-con e-child\" data-id=\"6610d447\" data-element_type=\"container\">\n\t\t\t\t<div class=\"elementor-element elementor-element-2403a6eb elementor-widget elementor-widget-image\" data-id=\"2403a6eb\" data-element_type=\"widget\" data-widget_type=\"image.default\">\n\t\t\t\t<div class=\"elementor-widget-container\">\n\t\t\t\t\t\t\t\t\t\t\t\t\t\t\t<img loading=\"lazy\" decoding=\"async\" width=\"800\" height=\"533\" src=\"https:\/\/shieldingtape.com\/wp-content\/uploads\/2024\/01\/Capabilities.jpg\" class=\"attachment-large size-large wp-image-136\" alt=\"\" srcset=\"https:\/\/shieldingtape.com\/wp-content\/uploads\/2024\/01\/Capabilities.jpg 800w, https:\/\/shieldingtape.com\/wp-content\/uploads\/2024\/01\/Capabilities-300x200.jpg 300w, https:\/\/shieldingtape.com\/wp-content\/uploads\/2024\/01\/Capabilities-768x512.jpg 768w, https:\/\/shieldingtape.com\/wp-content\/uploads\/2024\/01\/Capabilities-600x400.jpg 600w\" sizes=\"(max-width: 800px) 100vw, 800px\" \/>\t\t\t\t\t\t\t\t\t\t\t\t\t\t\t<\/div>\n\t\t\t\t<\/div>\n\t\t\t\t<\/div>\n\t\t<div class=\"elementor-element elementor-element-70f7f52f e-con-full e-flex e-con e-child\" data-id=\"70f7f52f\" data-element_type=\"container\" data-settings=\"{&quot;background_background&quot;:&quot;gradient&quot;}\">\n\t\t<div class=\"elementor-element elementor-element-6986e83 e-con-full e-flex e-con e-child\" data-id=\"6986e83\" data-element_type=\"container\" data-settings=\"{&quot;background_background&quot;:&quot;classic&quot;}\">\n\t\t\t\t<div class=\"elementor-element elementor-element-2fd3cea5 elementor-widget elementor-widget-heading\" data-id=\"2fd3cea5\" data-element_type=\"widget\" data-widget_type=\"heading.default\">\n\t\t\t\t<div class=\"elementor-widget-container\">\n\t\t\t\t\t<h2 class=\"elementor-heading-title elementor-size-default\">F\u00e4higkeiten<\/h2>\t\t\t\t<\/div>\n\t\t\t\t<\/div>\n\t\t\t\t<div class=\"elementor-element elementor-element-569660c6 elementor-widget-divider--view-line elementor-widget elementor-widget-divider\" data-id=\"569660c6\" data-element_type=\"widget\" data-widget_type=\"divider.default\">\n\t\t\t\t<div class=\"elementor-widget-container\">\n\t\t\t\t\t\t\t<div class=\"elementor-divider\">\n\t\t\t<span class=\"elementor-divider-separator\">\n\t\t\t\t\t\t<\/span>\n\t\t<\/div>\n\t\t\t\t\t\t<\/div>\n\t\t\t\t<\/div>\n\t\t\t\t<div class=\"elementor-element elementor-element-5547cfe4 elementor-widget elementor-widget-text-editor\" data-id=\"5547cfe4\" data-element_type=\"widget\" data-widget_type=\"text-editor.default\">\n\t\t\t\t<div class=\"elementor-widget-container\">\n\t\t\t\t\t\t\t\t\t<p>Nutzen Sie die M\u00f6glichkeiten, die Ihnen unser Fachwissen im Bereich der Laminierung bietet, und schaffen Sie mehrschichtige Strukturen mit flexiblen Substraten, die auf Ihre Projektanforderungen zugeschnitten sind. Mit mehr als einem Jahrzehnt Erfahrung bieten wir Laminate in einer Vielzahl von Materialien an.<\/p><p>Entdecken Sie die Vakuummetallisierung - ein pr\u00e4zises Verfahren zum Aufbringen von Metall auf Kunststoffteile in einer Vakuumkammer. Wir sind Ihr Partner f\u00fcr umweltfreundliche Oberfl\u00e4chenbehandlungen.<\/p>\t\t\t\t\t\t\t\t<\/div>\n\t\t\t\t<\/div>\n\t\t\t\t<\/div>\n\t\t\t\t<\/div>\n\t\t\t\t\t<\/div>\n\t\t\t\t<\/div>\n\t\t\t\t\t<\/div>\n\t\t\t\t<\/div>\n\t\t<div class=\"elementor-element elementor-element-bd4c607 e-flex e-con-boxed e-con e-parent\" data-id=\"bd4c607\" data-element_type=\"container\">\n\t\t\t\t\t<div class=\"e-con-inner\">\n\t\t<div class=\"elementor-element elementor-element-75c7d1ca e-flex e-con-boxed e-con e-child\" data-id=\"75c7d1ca\" data-element_type=\"container\" data-settings=\"{&quot;background_background&quot;:&quot;classic&quot;}\">\n\t\t\t\t\t<div class=\"e-con-inner\">\n\t\t\t\t<div class=\"elementor-element elementor-element-26d30fe4 elementor-position-left elementor-widget__width-initial elementor-vertical-align-middle elementor-widget elementor-widget-image-box\" data-id=\"26d30fe4\" data-element_type=\"widget\" data-widget_type=\"image-box.default\">\n\t\t\t\t<div class=\"elementor-widget-container\">\n\t\t\t\t\t<div class=\"elementor-image-box-wrapper\"><figure class=\"elementor-image-box-img\"><img loading=\"lazy\" decoding=\"async\" width=\"100\" height=\"100\" src=\"https:\/\/shieldingtape.com\/wp-content\/uploads\/2024\/01\/Substrate-Pre-Cleaning.png\" class=\"attachment-full size-full wp-image-137\" alt=\"Vorreinigung des Substrats\" \/><\/figure><div class=\"elementor-image-box-content\"><h3 class=\"elementor-image-box-title\">Vorreinigung des Substrats<\/h3><\/div><\/div>\t\t\t\t<\/div>\n\t\t\t\t<\/div>\n\t\t\t\t<div class=\"elementor-element elementor-element-266661b0 elementor-position-left elementor-widget__width-initial elementor-vertical-align-middle elementor-widget elementor-widget-image-box\" data-id=\"266661b0\" data-element_type=\"widget\" data-widget_type=\"image-box.default\">\n\t\t\t\t<div class=\"elementor-widget-container\">\n\t\t\t\t\t<div class=\"elementor-image-box-wrapper\"><figure class=\"elementor-image-box-img\"><img loading=\"lazy\" decoding=\"async\" width=\"100\" height=\"100\" src=\"https:\/\/shieldingtape.com\/wp-content\/uploads\/2024\/01\/Metal-Coating.png\" class=\"attachment-full size-full wp-image-141\" alt=\"Metallbeschichtung\" \/><\/figure><div class=\"elementor-image-box-content\"><h3 class=\"elementor-image-box-title\">Metallbeschichtung<\/h3><\/div><\/div>\t\t\t\t<\/div>\n\t\t\t\t<\/div>\n\t\t\t\t<div class=\"elementor-element elementor-element-276f67e9 elementor-position-left elementor-widget__width-initial elementor-vertical-align-middle elementor-widget elementor-widget-image-box\" data-id=\"276f67e9\" data-element_type=\"widget\" data-widget_type=\"image-box.default\">\n\t\t\t\t<div class=\"elementor-widget-container\">\n\t\t\t\t\t<div class=\"elementor-image-box-wrapper\"><figure class=\"elementor-image-box-img\"><img loading=\"lazy\" decoding=\"async\" width=\"100\" height=\"100\" src=\"https:\/\/shieldingtape.com\/wp-content\/uploads\/2024\/01\/Defect-Detection-Cutting.png\" class=\"attachment-full size-full wp-image-143\" alt=\"\" \/><\/figure><div class=\"elementor-image-box-content\"><h3 class=\"elementor-image-box-title\">Defekterkennung und Schneiden<\/h3><\/div><\/div>\t\t\t\t<\/div>\n\t\t\t\t<\/div>\n\t\t\t\t<div class=\"elementor-element elementor-element-4289fb3d elementor-position-left elementor-vertical-align-middle elementor-widget__width-initial elementor-widget elementor-widget-image-box\" data-id=\"4289fb3d\" data-element_type=\"widget\" data-widget_type=\"image-box.default\">\n\t\t\t\t<div class=\"elementor-widget-container\">\n\t\t\t\t\t<div class=\"elementor-image-box-wrapper\"><figure class=\"elementor-image-box-img\"><img loading=\"lazy\" decoding=\"async\" width=\"100\" height=\"100\" src=\"https:\/\/shieldingtape.com\/wp-content\/uploads\/2024\/01\/Metal-Coating-1.png\" class=\"attachment-full size-full wp-image-144\" alt=\"\" \/><\/figure><div class=\"elementor-image-box-content\"><h3 class=\"elementor-image-box-title\">Verpackung<\/h3><\/div><\/div>\t\t\t\t<\/div>\n\t\t\t\t<\/div>\n\t\t\t\t\t<\/div>\n\t\t\t\t<\/div>\n\t\t\t\t\t<\/div>\n\t\t\t\t<\/div>\n\t\t\t\t<\/div>","protected":false},"excerpt":{"rendered":"<p>Abschirmungsb\u00e4nder und -folien f\u00fcr die Automobilindustrie Wir sind auf die Verarbeitung von Kabelabschirmungsmaterialien spezialisiert und arbeiten eng mit unseren Kunden zusammen, um kundenspezifische Kabelabschirmungsl\u00f6sungen zu entwickeln und zu produzieren. Wir arbeiten eng mit den Herstellern von Automobilkabeln zusammen und bieten L\u00f6sungen f\u00fcr die B\u00fcndelung, Isolierung und Abschirmung von Kabeln an.    Wir laden Sie ein, unsere End-to-End-L\u00f6sungen zu erkunden, von der Materialbeschaffung bis zur fertigen [...]<\/p>","protected":false},"author":1,"featured_media":0,"parent":0,"menu_order":0,"comment_status":"closed","ping_status":"closed","template":"elementor_header_footer","meta":{"footnotes":""},"class_list":["post-63","page","type-page","status-publish","hentry"],"_links":{"self":[{"href":"https:\/\/shieldingtape.com\/de\/wp-json\/wp\/v2\/pages\/63","targetHints":{"allow":["GET"]}}],"collection":[{"href":"https:\/\/shieldingtape.com\/de\/wp-json\/wp\/v2\/pages"}],"about":[{"href":"https:\/\/shieldingtape.com\/de\/wp-json\/wp\/v2\/types\/page"}],"author":[{"embeddable":true,"href":"https:\/\/shieldingtape.com\/de\/wp-json\/wp\/v2\/users\/1"}],"replies":[{"embeddable":true,"href":"https:\/\/shieldingtape.com\/de\/wp-json\/wp\/v2\/comments?post=63"}],"version-history":[{"count":31,"href":"https:\/\/shieldingtape.com\/de\/wp-json\/wp\/v2\/pages\/63\/revisions"}],"predecessor-version":[{"id":1067,"href":"https:\/\/shieldingtape.com\/de\/wp-json\/wp\/v2\/pages\/63\/revisions\/1067"}],"wp:attachment":[{"href":"https:\/\/shieldingtape.com\/de\/wp-json\/wp\/v2\/media?parent=63"}],"curies":[{"name":"wp","href":"https:\/\/api.w.org\/{rel}","templated":true}]}}